{"id":512,"date":"2020-06-24T19:06:15","date_gmt":"2020-06-24T19:06:15","guid":{"rendered":"https:\/\/www.artedown.cl\/nueva-pagina\/?page_id=512"},"modified":"2020-07-13T20:51:31","modified_gmt":"2020-07-13T20:51:31","slug":"origen","status":"publish","type":"page","link":"https:\/\/www.artedown.cl\/nueva-pagina\/origen\/","title":{"rendered":"Origen"},"content":{"rendered":"<div id=\"pl-512\"  class=\"panel-layout\" ><div id=\"pg-512-0\"  class=\"panel-grid panel-no-style\" ><div id=\"pgc-512-0-0\"  class=\"panel-grid-cell\" ><div id=\"panel-512-0-0-0\" class=\"so-panel widget widget_sow-headline panel-first-child\" data-index=\"0\" ><div\n\t\t\t\n\t\t\tclass=\"so-widget-sow-headline so-widget-sow-headline-default-5f836a8e7709-512\"\n\t\t\t\n\t\t><div class=\"sow-headline-container \">\n\t\t\t\t\t\t\t<h1 class=\"sow-headline\">\n\t\t\t\t\t\tMovimiento ArteDown Internacional\t\t\t\t\t\t<\/h1>\n\t\t\t\t\t\t\t\t\t\t\t<div class=\"decoration\">\n\t\t\t\t\t\t<div class=\"decoration-inside\"><\/div>\n\t\t\t\t\t<\/div>\n\t\t\t\t\t<\/div>\n<\/div><\/div><div id=\"panel-512-0-0-1\" class=\"so-panel widget widget_text panel-last-child\" data-index=\"1\" >\t\t\t<div class=\"textwidget\"><div class=\"container\" style=\"text-align:justify;\">Hace algunos a\u00f1os, por casualidades de la vida, me toc\u00f3 acercarme mucho a algunas familias en que uno de sus hijos tiene S\u00edndrome de Down. En general siempre he tenido una atenci\u00f3n especial por la simpat\u00eda y alegr\u00eda de las personas con S\u00edndrome de Down. Fue al ver en estos ni\u00f1os, sus familias y amigos, que sent\u00ed la necesidad de crear un espacio en que puedan manifestarse, y m\u00e1s importante a\u00fan, autorrealizarse a trav\u00e9s de sus talentos. Conoc\u00ed a Salvador, Rosita y Felipe. Los 3 tienen en com\u00fan un brillo incansable en los ojos, una sonrisa constante y un punto de uni\u00f3n y amor en sus respectivas familias. De los 3 me hice amigo, jugu\u00e9, pint\u00e9, re\u00ed con ellos, sus amigos y sus familias. Los tres, al igual que los dem\u00e1s ni\u00f1os de Chile y el mundo, son una luz de sus entornos, con su simpleza, su genuinidad y amistad, cautivan d\u00eda a d\u00eda a quienes se cruzan en su camino, dando luz, alegr\u00eda y esperanza y un tremendo mensaje a quienes los rodean.Hace algunos a\u00f1os tambi\u00e9n, tuve la dicha de conocer el Muse\u00e9 de Art Brut de Lausanne, Suiza, quedando at\u00f3nitamente impresionado por las creaciones hechas por personas que se han aproximado al arte, desde lo primitivo, sin instrucci\u00f3n ni estudios, solamente dejando fluir sus ideas y sentimientos; encontrando en lo pl\u00e1stico, una v\u00eda de expresi\u00f3n, desahogo, comunicaci\u00f3n.<\/p>\n<p>Tambi\u00e9n pude conocer que en M\u00e9xico, USA y Europa, existen corrientes e instancias potentes y organizadas para el arte diferente, incluido el Arte Down. Al nivel incluso de existir galer\u00edas dedicadas exclusivamente a este tipo de arte y existiendo artistas que muestran y venden su arte con gran inter\u00e9s en la sociedad civil.<\/p>\n<p>Fue as\u00ed como a principios del 2012, decid\u00ed llevar a cabo esta instancia, creando el Movimiento y Concurso Arte Down Chile. Para eso, se sumaron a la causa; Josefa Toral, Bernardita Rodriguez y Florencia San Martin, con quienes gracias a su chispa y motivaci\u00f3n de los 18 a\u00f1os, logramos darle vida a este sue\u00f1o.<\/p>\n<p>Fueron meses de planificaci\u00f3n, sumando a instituciones, empresas y prensa, que nos permitieron lanzar en Agosto 2013 el 1er Concurso Nacional de Arte Down. A los pocos meses nos llen\u00f3 de alegr\u00eda ver que llegaron m\u00e1s de 65 cuadros a participar. Pudimos exponer en la Galer\u00eda Art Labbe de Vitacura, con el apoyo tambi\u00e9n de Vitaintegraci\u00f3n y Fabercastell.<\/p>\n<p>Luego de estas primeras actividades se fueron sumando personas a nuestra causa. Un equipo de j\u00f3venes; Beatriz Aldunate, Andrea Baghetti, Josefa Bascu\u00f1an, Magdalena Hartwig, Jacinta Mundi e Ian Rogers se encarg\u00f3 de sacar adelante un libro que recopila los cuadros del 2013 y reflexiones relacionadas. Tambi\u00e9n llevaron la colecci\u00f3n a otras localidades, primero Zapallar, y luego Santo Domingo, permitiendo que cada vez m\u00e1s gente pueda conocer el arte de nuestros artistas.<\/p>\n<p>Ya en marzo, se fue transformando el equipo para afrontar los fuertes desaf\u00edos del 2013 Partimos el a\u00f1o con exposici\u00f3n y talleres en Casablanca, contando con el apoyo de la ilustre Municipalidad de Casablanca. Tambi\u00e9n recibimos apoyo de la Embajada de Suiza y nuevamente Faber-Castell.<\/p>\n<p>Estamos trabajando para el concurso de este nuevo a\u00f1o, que lanzar\u00e9mos en Julio 2013, para poder exponer en Valpara\u00edso a fines de a\u00f1o, y poder seguir haciendo talleres y exponiendo en otros lugares de Chile, y as\u00ed ir sumando a m\u00e1s artistas y personas a este gran sue\u00f1o.<\/p>\n<p>Germ\u00e1n Briones B.<br \/>\n<strong>Director Ejecutivo de ONG Labsocial y Fundador del Movimiento Arte Down Chile.<\/strong><br \/>\nJulio 2013.<\/p>\n<\/div>\n<\/div>\n\t\t<\/div><\/div><\/div><\/div>","protected":false},"excerpt":{"rendered":"<p>Hace algunos a\u00f1os, por casualidades de la vida, me toc\u00f3 acercarme mucho a algunas familias en que uno de sus hijos tiene S\u00edndrome de Down. En general siempre he tenido una atenci\u00f3n especial por la simpat\u00eda y alegr\u00eda de las personas con S\u00edndrome de Down. Fue al ver en estos ni\u00f1os, sus familias y amigos, &hellip;<\/p>\n<p class=\"read-more\"> <a class=\"\" href=\"https:\/\/www.artedown.cl\/nueva-pagina\/origen\/\"> <span class=\"screen-reader-text\">Origen<\/span> Read More &raquo;<\/a><\/p>\n","protected":false},"author":1,"featured_media":0,"parent":0,"menu_order":0,"comment_status":"closed","ping_status":"closed","template":"template\/page\/fullwidth.php","meta":{"bgseo_title":"","bgseo_description":"","bgseo_robots_index":"index","bgseo_robots_follow":"follow","footnotes":""},"class_list":["post-512","page","type-page","status-publish","hentry"],"_links":{"self":[{"href":"https:\/\/www.artedown.cl\/nueva-pagina\/wp-json\/wp\/v2\/pages\/512","targetHints":{"allow":["GET"]}}],"collection":[{"href":"https:\/\/www.artedown.cl\/nueva-pagina\/wp-json\/wp\/v2\/pages"}],"about":[{"href":"https:\/\/www.artedown.cl\/nueva-pagina\/wp-json\/wp\/v2\/types\/page"}],"author":[{"embeddable":true,"href":"https:\/\/www.artedown.cl\/nueva-pagina\/wp-json\/wp\/v2\/users\/1"}],"replies":[{"embeddable":true,"href":"https:\/\/www.artedown.cl\/nueva-pagina\/wp-json\/wp\/v2\/comments?post=512"}],"version-history":[{"count":9,"href":"https:\/\/www.artedown.cl\/nueva-pagina\/wp-json\/wp\/v2\/pages\/512\/revisions"}],"predecessor-version":[{"id":917,"href":"https:\/\/www.artedown.cl\/nueva-pagina\/wp-json\/wp\/v2\/pages\/512\/revisions\/917"}],"wp:attachment":[{"href":"https:\/\/www.artedown.cl\/nueva-pagina\/wp-json\/wp\/v2\/media?parent=512"}],"curies":[{"name":"wp","href":"https:\/\/api.w.org\/{rel}","templated":true}]}}