{"id":516,"date":"2020-06-24T19:07:18","date_gmt":"2020-06-24T19:07:18","guid":{"rendered":"https:\/\/www.artedown.cl\/nueva-pagina\/?page_id=516"},"modified":"2020-07-09T06:44:28","modified_gmt":"2020-07-09T06:44:28","slug":"equipo","status":"publish","type":"page","link":"https:\/\/www.artedown.cl\/nueva-pagina\/equipo\/","title":{"rendered":"Equipo"},"content":{"rendered":"<div id=\"pl-516\"  class=\"panel-layout\" ><div id=\"pg-516-0\"  class=\"panel-grid panel-no-style\" ><div id=\"pgc-516-0-0\"  class=\"panel-grid-cell\" ><div id=\"panel-516-0-0-0\" class=\"so-panel widget widget_text panel-first-child panel-last-child\" data-index=\"0\" >\t\t\t<div class=\"textwidget\"><div class=\"container\">\n<div class=\"row\" style=\"margin-bottom: 50px; text-align: center;\">\n<div class=\"col-md-3 col-sm-3 col-xs-6\"><center><img decoding=\"async\" src=\"https:\/\/www.artedown.cl\/nueva-pagina\/wp-content\/uploads\/2020\/06\/german-briones.jpg\" width=\"70px\" height=\"70px\" \/><\/center><strong>Germ\u00e1n Briones Bauer<\/strong><br \/>\nDirector Ejecutivo ONG LabSocial<br \/>\n<a href=\"mailto:gbriones@labsocial.cl\">gbriones@labsocial.cl<\/a><\/div>\n<div class=\"col-md-3 col-sm-3 col-xs-6\"><center><img decoding=\"async\" src=\"https:\/\/www.artedown.cl\/nueva-pagina\/wp-content\/uploads\/2020\/06\/maria-paz-70.png\" width=\"70px\" height=\"70px\" \/><\/center><strong>Mar\u00eda Paz Bayo<\/strong><br \/>\nEncargada de RR.HH. y Gesti\u00f3n de Proyectos<br \/>\n<a href=\"mailto:proyectos@labsocial.cl\">proyectos@labsocial.cl<\/a><\/div>\n<div class=\"col-md-3 col-sm-3 col-xs-6\"><center><img decoding=\"async\" src=\"https:\/\/www.artedown.cl\/nueva-pagina\/wp-content\/uploads\/2020\/06\/Paulina.jpg\" width=\"70px\" height=\"70px\" \/><\/center><strong>Paulina Carrasco<\/strong><br \/>\nCoordinadora General ONG LabSocial<br \/>\n<a href=\"mailto:comunicaciones@labsocial.cl\">comunicaciones@labsocial.cl<\/a><\/div>\n<div class=\"col-md-3 col-sm-3 col-xs-6\"><center><img decoding=\"async\" src=\"https:\/\/www.artedown.cl\/nueva-pagina\/wp-content\/uploads\/2020\/06\/Macarena-Pesce.jpg\" width=\"70px\" height=\"70px\" \/><\/center><strong>Macarena Pesce<\/strong><br \/>\nCoordinadora de proyectos<br \/>\n<a href=\"mailto:inclusion@labsocial.cl\">inclusion@labsocial.cl<\/a><\/div>\n<\/div>\n<div class=\"row\" style=\"margin-bottom: 50px; text-align: center;\">\n<div class=\"col-md-3 col-sm-3 col-xs-6\"><center><img decoding=\"async\" src=\"https:\/\/www.artedown.cl\/nueva-pagina\/wp-content\/uploads\/2020\/06\/Edgar-Zerpa.jpg\" width=\"70px\" height=\"70px\" \/><\/center><strong>Edgar Zerpa<\/strong><br \/>\nWebmaster<br \/>\n<a href=\"mailto:webmaster@labsocial.cl\">webmaster@labsocial.cl<\/a><\/div>\n<div class=\"col-md-3 col-sm-3 col-xs-6\"><center><img decoding=\"async\" src=\"https:\/\/www.artedown.cl\/nueva-pagina\/wp-content\/uploads\/2020\/06\/July.jpg\" width=\"70px\" height=\"70px\" \/><\/center><strong>Giuliana Alzurut<\/strong><br \/>\nDise\u00f1adora Gr\u00e1fica.<br \/>\n<a href=\"mailto:diseno@labsocial.cl\">diseno@labsocial.cl<\/a><\/div>\n<div class=\"col-md-3 col-sm-3 col-xs-6\"><center><img decoding=\"async\" src=\"https:\/\/www.artedown.cl\/nueva-pagina\/wp-content\/uploads\/2020\/06\/catalina-lagos.jpg\" width=\"70px\" height=\"70px\" \/><\/center><strong>Catalina Lagos<\/strong><br \/>\nVoluntaria en Talleres Art\u00edsticos<\/div>\n<div class=\"col-md-3 col-sm-3 col-xs-6\"><center><img decoding=\"async\" src=\"https:\/\/www.artedown.cl\/nueva-pagina\/wp-content\/uploads\/2020\/06\/jacqueline-dale-barlow.jpg\" width=\"70px\" height=\"70px\" \/><\/center><strong>Jacqueline Dale<\/strong><br \/>\nVoluntaria de Coordinaci\u00f3n de ArteDown<\/div>\n<\/div>\n<\/div>\n<\/div>\n\t\t<\/div><\/div><\/div><\/div>","protected":false},"excerpt":{"rendered":"<p>Germ\u00e1n Briones Bauer Director Ejecutivo ONG LabSocial gbriones@labsocial.cl Mar\u00eda Paz Bayo Encargada de RR.HH. y Gesti\u00f3n de Proyectos proyectos@labsocial.cl Paulina Carrasco Coordinadora General ONG LabSocial comunicaciones@labsocial.cl Macarena Pesce Coordinadora de proyectos inclusion@labsocial.cl Edgar Zerpa Webmaster webmaster@labsocial.cl Giuliana Alzurut Dise\u00f1adora Gr\u00e1fica. diseno@labsocial.cl Catalina Lagos Voluntaria en Talleres Art\u00edsticos Jacqueline Dale Voluntaria de Coordinaci\u00f3n de ArteDown<\/p>\n","protected":false},"author":1,"featured_media":0,"parent":0,"menu_order":0,"comment_status":"closed","ping_status":"closed","template":"template\/page\/fullwidth.php","meta":{"bgseo_title":"","bgseo_description":"","bgseo_robots_index":"index","bgseo_robots_follow":"follow","footnotes":""},"class_list":["post-516","page","type-page","status-publish","hentry"],"_links":{"self":[{"href":"https:\/\/www.artedown.cl\/nueva-pagina\/wp-json\/wp\/v2\/pages\/516","targetHints":{"allow":["GET"]}}],"collection":[{"href":"https:\/\/www.artedown.cl\/nueva-pagina\/wp-json\/wp\/v2\/pages"}],"about":[{"href":"https:\/\/www.artedown.cl\/nueva-pagina\/wp-json\/wp\/v2\/types\/page"}],"author":[{"embeddable":true,"href":"https:\/\/www.artedown.cl\/nueva-pagina\/wp-json\/wp\/v2\/users\/1"}],"replies":[{"embeddable":true,"href":"https:\/\/www.artedown.cl\/nueva-pagina\/wp-json\/wp\/v2\/comments?post=516"}],"version-history":[{"count":10,"href":"https:\/\/www.artedown.cl\/nueva-pagina\/wp-json\/wp\/v2\/pages\/516\/revisions"}],"predecessor-version":[{"id":857,"href":"https:\/\/www.artedown.cl\/nueva-pagina\/wp-json\/wp\/v2\/pages\/516\/revisions\/857"}],"wp:attachment":[{"href":"https:\/\/www.artedown.cl\/nueva-pagina\/wp-json\/wp\/v2\/media?parent=516"}],"curies":[{"name":"wp","href":"https:\/\/api.w.org\/{rel}","templated":true}]}}