{"id":532,"date":"2020-06-25T21:20:54","date_gmt":"2020-06-25T21:20:54","guid":{"rendered":"https:\/\/www.artedown.cl\/nueva-pagina\/?page_id=532"},"modified":"2020-07-06T22:05:45","modified_gmt":"2020-07-06T22:05:45","slug":"artedown-2012-mi-mundo","status":"publish","type":"page","link":"https:\/\/www.artedown.cl\/nueva-pagina\/artedown-2012-mi-mundo\/","title":{"rendered":"ArteDown 2012: Mi Mundo"},"content":{"rendered":"<div id=\"pl-532\"  class=\"panel-layout\" ><div id=\"pg-532-0\"  class=\"panel-grid panel-has-style\" ><div class=\"panel-row-style panel-row-style-for-532-0\" ><div id=\"pgc-532-0-0\"  class=\"panel-grid-cell\" ><div id=\"panel-532-0-0-0\" class=\"so-panel widget widget_sow-headline panel-first-child panel-last-child\" data-index=\"0\" ><div\n\t\t\t\n\t\t\tclass=\"so-widget-sow-headline so-widget-sow-headline-default-5f836a8e7709-532\"\n\t\t\t\n\t\t><div class=\"sow-headline-container \">\n\t\t\t\t\t\t\t<h1 class=\"sow-headline\">\n\t\t\t\t\t\tCuadro de Honor\t\t\t\t\t\t<\/h1>\n\t\t\t\t\t\t\t\t\t\t\t<div class=\"decoration\">\n\t\t\t\t\t\t<div class=\"decoration-inside\"><\/div>\n\t\t\t\t\t<\/div>\n\t\t\t\t\t<\/div>\n<\/div><\/div><\/div><\/div><\/div><div id=\"pg-532-1\"  class=\"panel-grid panel-has-style\" ><div class=\"panel-row-style panel-row-style-for-532-1\" ><div id=\"pgc-532-1-0\"  class=\"panel-grid-cell\" ><div id=\"panel-532-1-0-0\" class=\"so-panel widget widget_sow-headline panel-first-child\" data-index=\"1\" ><div\n\t\t\t\n\t\t\tclass=\"so-widget-sow-headline so-widget-sow-headline-default-71012c72efd5-532\"\n\t\t\t\n\t\t><div class=\"sow-headline-container \">\n\t\t\t\t\t\t\t<h2 class=\"sow-headline\">\n\t\t\t\t\t\tCategor\u00eda A (5 a 9 a\u00f1os)\t\t\t\t\t\t<\/h2>\n\t\t\t\t\t\t\t\t\t\t\t<div class=\"decoration\">\n\t\t\t\t\t\t<div class=\"decoration-inside\"><\/div>\n\t\t\t\t\t<\/div>\n\t\t\t\t\t<\/div>\n<\/div><\/div><div id=\"panel-532-1-0-1\" class=\"so-panel widget widget_sow-editor panel-last-child\" data-index=\"2\" ><div\n\t\t\t\n\t\t\tclass=\"so-widget-sow-editor so-widget-sow-editor-base\"\n\t\t\t\n\t\t>\n<div class=\"siteorigin-widget-tinymce textwidget\">\n\t<ol>\n<li>Magdalena zegers Maria Ureta<\/li>\n<li>Tomas Rubio<\/li>\n<li>Luis Hevia; Manuela Werth; Juan Carlos Vladilo<br \/>\n<strong>Menci\u00f3n Honrosa:<\/strong> Juan De Dios Achurra<\/li>\n<\/ol>\n<\/div>\n<\/div><\/div><\/div><div id=\"pgc-532-1-1\"  class=\"panel-grid-cell\" ><div id=\"panel-532-1-1-0\" class=\"so-panel widget widget_sow-headline panel-first-child\" data-index=\"3\" ><div\n\t\t\t\n\t\t\tclass=\"so-widget-sow-headline so-widget-sow-headline-default-71012c72efd5-532\"\n\t\t\t\n\t\t><div class=\"sow-headline-container \">\n\t\t\t\t\t\t\t<h2 class=\"sow-headline\">\n\t\t\t\t\t\tCategor\u00eda B (10 a 14 a\u00f1os)\t\t\t\t\t\t<\/h2>\n\t\t\t\t\t\t\t\t\t\t\t<div class=\"decoration\">\n\t\t\t\t\t\t<div class=\"decoration-inside\"><\/div>\n\t\t\t\t\t<\/div>\n\t\t\t\t\t<\/div>\n<\/div><\/div><div id=\"panel-532-1-1-1\" class=\"so-panel widget widget_sow-editor panel-last-child\" data-index=\"4\" ><div\n\t\t\t\n\t\t\tclass=\"so-widget-sow-editor so-widget-sow-editor-base\"\n\t\t\t\n\t\t>\n<div class=\"siteorigin-widget-tinymce textwidget\">\n\t<ol>\n<li>Hector Rodrigo Alvarez<\/li>\n<li>Benjamin Ricardo Farias<\/li>\n<li>Sebastian Sziguetti Saavedra<br \/>\n<strong>Menci\u00f3n Honrosa:&nbsp;<\/strong>Maria Concepcion Mujica<\/li>\n<\/ol>\n<\/div>\n<\/div><\/div><\/div><div id=\"pgc-532-1-2\"  class=\"panel-grid-cell\" ><div id=\"panel-532-1-2-0\" class=\"so-panel widget widget_sow-headline panel-first-child\" data-index=\"5\" ><div\n\t\t\t\n\t\t\tclass=\"so-widget-sow-headline so-widget-sow-headline-default-71012c72efd5-532\"\n\t\t\t\n\t\t><div class=\"sow-headline-container \">\n\t\t\t\t\t\t\t<h2 class=\"sow-headline\">\n\t\t\t\t\t\tCategor\u00eda C (15 a\u00f1os en adelante)\t\t\t\t\t\t<\/h2>\n\t\t\t\t\t\t\t\t\t\t\t<div class=\"decoration\">\n\t\t\t\t\t\t<div class=\"decoration-inside\"><\/div>\n\t\t\t\t\t<\/div>\n\t\t\t\t\t<\/div>\n<\/div><\/div><div id=\"panel-532-1-2-1\" class=\"so-panel widget widget_sow-editor panel-last-child\" data-index=\"6\" ><div\n\t\t\t\n\t\t\tclass=\"so-widget-sow-editor so-widget-sow-editor-base\"\n\t\t\t\n\t\t>\n<div class=\"siteorigin-widget-tinymce textwidget\">\n\t<ol>\n<li>Fernanda Alemparte Za\u00f1artu<\/li>\n<li>Manual Jose Grez Amenabar<\/li>\n<li>Teresita Bown Sepulveda<br \/>\n<strong>Menci\u00f3n Honrosa:&nbsp;<\/strong>Pablo Macauliffe<\/li>\n<\/ol>\n<\/div>\n<\/div><\/div><\/div><\/div><\/div><div id=\"pg-532-2\"  class=\"panel-grid panel-has-style\" ><div class=\"panel-row-style panel-row-style-for-532-2\" ><div id=\"pgc-532-2-0\"  class=\"panel-grid-cell\" ><div id=\"panel-532-2-0-0\" class=\"so-panel widget widget_sow-headline panel-first-child\" data-index=\"7\" ><div\n\t\t\t\n\t\t\tclass=\"so-widget-sow-headline so-widget-sow-headline-default-71012c72efd5-532\"\n\t\t\t\n\t\t><div class=\"sow-headline-container \">\n\t\t\t\t\t\t\t<h2 class=\"sow-headline\">\n\t\t\t\t\t\tDiscurso de Agradecimiento\t\t\t\t\t\t<\/h2>\n\t\t\t\t\t\t\t\t\t\t\t<div class=\"decoration\">\n\t\t\t\t\t\t<div class=\"decoration-inside\"><\/div>\n\t\t\t\t\t<\/div>\n\t\t\t\t\t<\/div>\n<\/div><\/div><div id=\"panel-532-2-0-1\" class=\"so-panel widget widget_sow-editor panel-last-child\" data-index=\"8\" ><div\n\t\t\t\n\t\t\tclass=\"so-widget-sow-editor so-widget-sow-editor-base\"\n\t\t\t\n\t\t>\n<div class=\"siteorigin-widget-tinymce textwidget\">\n\t<p>Quisiera darle la bienvenida a cada uno de ustedes a la exposici\u00f3n de obras del primer concurso de Arte Down a nivel nacional.<\/p>\n<p>La verdad de las cosas es que se me hace muy dif\u00edcil dar un discurso como este, pues estoy segura de que nos faltan las palabras y el tiempo para agradecer a todas aquellas personas que nos han ayudado a hacer realidad un proyecto tan maravilloso como este, en especial a todos los ni\u00f1os y sus respectivas familias e instituciones que participaron con mucho entusiasmo en transmitir a trav\u00e9s de sus obras, su propio mundo.<\/p>\n<p>Estoy segura de que un simple \u201cgracias\u201d no es suficiente para expresar cuan gratificado nos sentimos como EQUIPO ARTE DOWN CHILE.<\/p>\n<p>Me gustar\u00eda comenzar agradeciendo al LabSocial. Este a\u00f1o, cuando comenc\u00e9 lo que ser\u00eda mi primer a\u00f1o de universidad, jam\u00e1s tuve en mi mente participar de algo como esto. En lo personal sent\u00eda que necesitaba dar toda m\u00ed atenci\u00f3n al estudio, pero el tiempo se encarg\u00f3 de ense\u00f1arme que hay cosas que son esenciales en nuestras vidas, situaciones e instancias que no podemos rechazar, pues las lecciones que uno absorbe de ellas son generalmente m\u00e1s grande que cualquier otra.<\/p>\n<p>Una tarde, el director ejecutivo de esta incubadora de proyectos sociales, se nos acerc\u00f3 a m\u00ed y a un grupo de amiga con una idea social que no podr\u00edamos rechazar.<\/p>\n<p>Fue as\u00ed como dimos el primer paso para llegar a nuestra meta, junto a un tremendo equipo del cual estoy muy orgullosa, pues junto a Bernardita Rodr\u00edguez, Josefa Toral, Germ\u00e1n Briones, Florencia Ruiz Tagle y Elisa Silva nos hemos entregado por completo a esta misi\u00f3n.<\/p>\n<p>Comenzaba la divisi\u00f3n de las tareas, y la b\u00fasqueda de empresas e instituciones que nos ayudaran a alcanzar nuestro gran objetivo: la inclusi\u00f3n de los ni\u00f1os con s\u00edndrome de down a la sociedad.<\/p>\n<p>As\u00ed fueron saliendo las cosas y hoy queremos agradecer a todos los que se sumaron a esta noble causa.<\/p>\n<p>conseguimos el patrocinio de Art Labb\u00e9 y todo su equipo que hoy nos recibe generosamente en su Galer\u00eda y que mont\u00f3 con mucho cari\u00f1o la arm\u00f3nica exposici\u00f3n con la que hoy nos sorprendemos, Vitaintegraci\u00f3n de la Municipalidad de Vitacura que nos ayud\u00f3 en la recepci\u00f3n de obras y mucho m\u00e1s y la Fundaci\u00f3n- Colegio Alma Luz, que nos abri\u00f3 sus puertas para lo que necesit\u00e1ramos.<\/p>\n<p>Adem\u00e1s se fueron sumando los auspiciadores que hoy nos acompa\u00f1an: Faber Castell con los premios, Pepsico con productos, Rupestre con premios y ricas degustaciones, El ropero del cangrejo con premios y productos con las obras, Cozzinatte con exquisitas Pizzas, La Divina Pasta con postres, Culinary con la torta,<\/p>\n<\/div>\n<\/div><\/div><\/div><\/div><\/div><\/div>","protected":false},"excerpt":{"rendered":"<p>Magdalena zegers Maria Ureta Tomas Rubio Luis Hevia; Manuela Werth; Juan Carlos Vladilo Menci\u00f3n Honrosa: Juan De Dios Achurra Hector Rodrigo Alvarez Benjamin Ricardo Farias Sebastian Sziguetti Saavedra Menci\u00f3n Honrosa:&nbsp;Maria Concepcion Mujica Fernanda Alemparte Za\u00f1artu Manual Jose Grez Amenabar Teresita Bown Sepulveda Menci\u00f3n Honrosa:&nbsp;Pablo Macauliffe<\/p>\n","protected":false},"author":1,"featured_media":0,"parent":0,"menu_order":0,"comment_status":"closed","ping_status":"closed","template":"template\/page\/fullwidth.php","meta":{"bgseo_title":"","bgseo_description":"","bgseo_robots_index":"index","bgseo_robots_follow":"follow","footnotes":""},"class_list":["post-532","page","type-page","status-publish","hentry"],"_links":{"self":[{"href":"https:\/\/www.artedown.cl\/nueva-pagina\/wp-json\/wp\/v2\/pages\/532","targetHints":{"allow":["GET"]}}],"collection":[{"href":"https:\/\/www.artedown.cl\/nueva-pagina\/wp-json\/wp\/v2\/pages"}],"about":[{"href":"https:\/\/www.artedown.cl\/nueva-pagina\/wp-json\/wp\/v2\/types\/page"}],"author":[{"embeddable":true,"href":"https:\/\/www.artedown.cl\/nueva-pagina\/wp-json\/wp\/v2\/users\/1"}],"replies":[{"embeddable":true,"href":"https:\/\/www.artedown.cl\/nueva-pagina\/wp-json\/wp\/v2\/comments?post=532"}],"version-history":[{"count":10,"href":"https:\/\/www.artedown.cl\/nueva-pagina\/wp-json\/wp\/v2\/pages\/532\/revisions"}],"predecessor-version":[{"id":829,"href":"https:\/\/www.artedown.cl\/nueva-pagina\/wp-json\/wp\/v2\/pages\/532\/revisions\/829"}],"wp:attachment":[{"href":"https:\/\/www.artedown.cl\/nueva-pagina\/wp-json\/wp\/v2\/media?parent=532"}],"curies":[{"name":"wp","href":"https:\/\/api.w.org\/{rel}","templated":true}]}}