{"id":536,"date":"2020-06-25T21:21:54","date_gmt":"2020-06-25T21:21:54","guid":{"rendered":"https:\/\/www.artedown.cl\/nueva-pagina\/?page_id=536"},"modified":"2020-07-06T22:35:35","modified_gmt":"2020-07-06T22:35:35","slug":"artedown-2014-mi-continente","status":"publish","type":"page","link":"https:\/\/www.artedown.cl\/nueva-pagina\/artedown-2014-mi-continente\/","title":{"rendered":"ArteDown 2014: Mi Continente"},"content":{"rendered":"<div id=\"pl-536\"  class=\"panel-layout\" ><div id=\"pg-536-0\"  class=\"panel-grid panel-has-style\" ><div class=\"panel-row-style panel-row-style-for-536-0\" ><div id=\"pgc-536-0-0\"  class=\"panel-grid-cell\" ><div id=\"panel-536-0-0-0\" class=\"so-panel widget widget_sow-headline panel-first-child panel-last-child\" data-index=\"0\" ><div\n\t\t\t\n\t\t\tclass=\"so-widget-sow-headline so-widget-sow-headline-default-5f836a8e7709-536\"\n\t\t\t\n\t\t><div class=\"sow-headline-container \">\n\t\t\t\t\t\t\t<h1 class=\"sow-headline\">\n\t\t\t\t\t\tCuadro de Honor\t\t\t\t\t\t<\/h1>\n\t\t\t\t\t\t\t\t\t\t\t<div class=\"decoration\">\n\t\t\t\t\t\t<div class=\"decoration-inside\"><\/div>\n\t\t\t\t\t<\/div>\n\t\t\t\t\t<\/div>\n<\/div><\/div><\/div><\/div><\/div><div id=\"pg-536-1\"  class=\"panel-grid panel-has-style\" ><div class=\"panel-row-style panel-row-style-for-536-1\" ><div id=\"pgc-536-1-0\"  class=\"panel-grid-cell\" ><div id=\"panel-536-1-0-0\" class=\"so-panel widget widget_sow-headline panel-first-child\" data-index=\"1\" ><div\n\t\t\t\n\t\t\tclass=\"so-widget-sow-headline so-widget-sow-headline-default-71012c72efd5-536\"\n\t\t\t\n\t\t><div class=\"sow-headline-container \">\n\t\t\t\t\t\t\t<h2 class=\"sow-headline\">\n\t\t\t\t\t\tCategor\u00eda A (4 a 9 a\u00f1os)\t\t\t\t\t\t<\/h2>\n\t\t\t\t\t\t\t\t\t\t\t<div class=\"decoration\">\n\t\t\t\t\t\t<div class=\"decoration-inside\"><\/div>\n\t\t\t\t\t<\/div>\n\t\t\t\t\t<\/div>\n<\/div><\/div><div id=\"panel-536-1-0-1\" class=\"so-panel widget widget_sow-editor panel-last-child\" data-index=\"2\" ><div\n\t\t\t\n\t\t\tclass=\"so-widget-sow-editor so-widget-sow-editor-base\"\n\t\t\t\n\t\t>\n<div class=\"siteorigin-widget-tinymce textwidget\">\n\t<ol>\n<li>Scarlet Galleguillos Cheuquepil<\/li>\n<li>Magdalena Paz Garc\u00eda Mu\u00f1oz<\/li>\n<li>Rosario Betsab\u00e9 Cayul Cayul<br \/>\n<strong>Menci\u00f3n Honrosa:<\/strong> Tom\u00e1s Castro Hern\u00e1ndez<br \/>\n<strong>Menci\u00f3n Honrosa:<\/strong> Agust\u00edn Ovalle<\/li>\n<\/ol>\n<\/div>\n<\/div><\/div><\/div><div id=\"pgc-536-1-1\"  class=\"panel-grid-cell\" ><div id=\"panel-536-1-1-0\" class=\"so-panel widget widget_sow-headline panel-first-child\" data-index=\"3\" ><div\n\t\t\t\n\t\t\tclass=\"so-widget-sow-headline so-widget-sow-headline-default-71012c72efd5-536\"\n\t\t\t\n\t\t><div class=\"sow-headline-container \">\n\t\t\t\t\t\t\t<h2 class=\"sow-headline\">\n\t\t\t\t\t\tCategor\u00eda B (10 a 14 a\u00f1os)\t\t\t\t\t\t<\/h2>\n\t\t\t\t\t\t\t\t\t\t\t<div class=\"decoration\">\n\t\t\t\t\t\t<div class=\"decoration-inside\"><\/div>\n\t\t\t\t\t<\/div>\n\t\t\t\t\t<\/div>\n<\/div><\/div><div id=\"panel-536-1-1-1\" class=\"so-panel widget widget_sow-editor panel-last-child\" data-index=\"4\" ><div\n\t\t\t\n\t\t\tclass=\"so-widget-sow-editor so-widget-sow-editor-base\"\n\t\t\t\n\t\t>\n<div class=\"siteorigin-widget-tinymce textwidget\">\n\t<ol>\n<li>Francisco Arriagada Castro<\/li>\n<li>H\u00e9ctor Rodrigo Alvarez Avallay<\/li>\n<li>Benjam\u00edn Ricardo Far\u00edas Campos<br \/>\n<strong>Menci\u00f3n Honrosa:<\/strong> Jos\u00e9 Ram\u00edrez Sierralta<br \/>\n<strong>Menci\u00f3n Honrosa:<\/strong> Alexander Godoy Gonz\u00e1lez<\/li>\n<\/ol>\n<\/div>\n<\/div><\/div><\/div><div id=\"pgc-536-1-2\"  class=\"panel-grid-cell\" ><div id=\"panel-536-1-2-0\" class=\"so-panel widget widget_sow-headline panel-first-child\" data-index=\"5\" ><div\n\t\t\t\n\t\t\tclass=\"so-widget-sow-headline so-widget-sow-headline-default-71012c72efd5-536\"\n\t\t\t\n\t\t><div class=\"sow-headline-container \">\n\t\t\t\t\t\t\t<h2 class=\"sow-headline\">\n\t\t\t\t\t\tCategor\u00eda C (15 en adelante)\t\t\t\t\t\t<\/h2>\n\t\t\t\t\t\t\t\t\t\t\t<div class=\"decoration\">\n\t\t\t\t\t\t<div class=\"decoration-inside\"><\/div>\n\t\t\t\t\t<\/div>\n\t\t\t\t\t<\/div>\n<\/div><\/div><div id=\"panel-536-1-2-1\" class=\"so-panel widget widget_sow-editor panel-last-child\" data-index=\"6\" ><div\n\t\t\t\n\t\t\tclass=\"so-widget-sow-editor so-widget-sow-editor-base\"\n\t\t\t\n\t\t>\n<div class=\"siteorigin-widget-tinymce textwidget\">\n\t<ol>\n<li>Carmi Estefania Mu\u00f1oz Mu\u00f1oz<\/li>\n<li>Catalina Fernanda Grand\u00f3n Fuentes<\/li>\n<li>Maximiliano Salvador Jes\u00fas Rallo Vejar<br \/>\n<strong>Menci\u00f3n Honrosa:<\/strong> Mar\u00eda Jos\u00e9 P\u00e9rez Neculman<\/li>\n<\/ol>\n<\/div>\n<\/div><\/div><\/div><\/div><\/div><\/div>","protected":false},"excerpt":{"rendered":"<p>Scarlet Galleguillos Cheuquepil Magdalena Paz Garc\u00eda Mu\u00f1oz Rosario Betsab\u00e9 Cayul Cayul Menci\u00f3n Honrosa: Tom\u00e1s Castro Hern\u00e1ndez Menci\u00f3n Honrosa: Agust\u00edn Ovalle Francisco Arriagada Castro H\u00e9ctor Rodrigo Alvarez Avallay Benjam\u00edn Ricardo Far\u00edas Campos Menci\u00f3n Honrosa: Jos\u00e9 Ram\u00edrez Sierralta Menci\u00f3n Honrosa: Alexander Godoy Gonz\u00e1lez Carmi Estefania Mu\u00f1oz Mu\u00f1oz Catalina Fernanda Grand\u00f3n Fuentes Maximiliano Salvador Jes\u00fas Rallo Vejar Menci\u00f3n &hellip;<\/p>\n<p class=\"read-more\"> <a class=\"\" href=\"https:\/\/www.artedown.cl\/nueva-pagina\/artedown-2014-mi-continente\/\"> <span class=\"screen-reader-text\">ArteDown 2014: Mi Continente<\/span> Read More &raquo;<\/a><\/p>\n","protected":false},"author":1,"featured_media":0,"parent":0,"menu_order":0,"comment_status":"closed","ping_status":"closed","template":"template\/page\/fullwidth.php","meta":{"bgseo_title":"","bgseo_description":"","bgseo_robots_index":"index","bgseo_robots_follow":"follow","footnotes":""},"class_list":["post-536","page","type-page","status-publish","hentry"],"_links":{"self":[{"href":"https:\/\/www.artedown.cl\/nueva-pagina\/wp-json\/wp\/v2\/pages\/536","targetHints":{"allow":["GET"]}}],"collection":[{"href":"https:\/\/www.artedown.cl\/nueva-pagina\/wp-json\/wp\/v2\/pages"}],"about":[{"href":"https:\/\/www.artedown.cl\/nueva-pagina\/wp-json\/wp\/v2\/types\/page"}],"author":[{"embeddable":true,"href":"https:\/\/www.artedown.cl\/nueva-pagina\/wp-json\/wp\/v2\/users\/1"}],"replies":[{"embeddable":true,"href":"https:\/\/www.artedown.cl\/nueva-pagina\/wp-json\/wp\/v2\/comments?post=536"}],"version-history":[{"count":10,"href":"https:\/\/www.artedown.cl\/nueva-pagina\/wp-json\/wp\/v2\/pages\/536\/revisions"}],"predecessor-version":[{"id":833,"href":"https:\/\/www.artedown.cl\/nueva-pagina\/wp-json\/wp\/v2\/pages\/536\/revisions\/833"}],"wp:attachment":[{"href":"https:\/\/www.artedown.cl\/nueva-pagina\/wp-json\/wp\/v2\/media?parent=536"}],"curies":[{"name":"wp","href":"https:\/\/api.w.org\/{rel}","templated":true}]}}