{"id":538,"date":"2020-06-25T21:22:40","date_gmt":"2020-06-25T21:22:40","guid":{"rendered":"https:\/\/www.artedown.cl\/nueva-pagina\/?page_id=538"},"modified":"2020-07-06T23:14:46","modified_gmt":"2020-07-06T23:14:46","slug":"artedown-2015-mis-suenos","status":"publish","type":"page","link":"https:\/\/www.artedown.cl\/nueva-pagina\/artedown-2015-mis-suenos\/","title":{"rendered":"ArteDown 2015: Mis Sue\u00f1os"},"content":{"rendered":"<div id=\"pl-538\"  class=\"panel-layout\" ><div id=\"pg-538-0\"  class=\"panel-grid panel-has-style\" ><div class=\"panel-row-style panel-row-style-for-538-0\" ><div id=\"pgc-538-0-0\"  class=\"panel-grid-cell\" ><div id=\"panel-538-0-0-0\" class=\"so-panel widget widget_sow-headline panel-first-child panel-last-child\" data-index=\"0\" ><div\n\t\t\t\n\t\t\tclass=\"so-widget-sow-headline so-widget-sow-headline-default-5f836a8e7709-538\"\n\t\t\t\n\t\t><div class=\"sow-headline-container \">\n\t\t\t\t\t\t\t<h1 class=\"sow-headline\">\n\t\t\t\t\t\tCuadro de Honor\t\t\t\t\t\t<\/h1>\n\t\t\t\t\t\t\t\t\t\t\t<div class=\"decoration\">\n\t\t\t\t\t\t<div class=\"decoration-inside\"><\/div>\n\t\t\t\t\t<\/div>\n\t\t\t\t\t<\/div>\n<\/div><\/div><\/div><\/div><\/div><div id=\"pg-538-1\"  class=\"panel-grid panel-has-style\" ><div class=\"panel-row-style panel-row-style-for-538-1\" ><div id=\"pgc-538-1-0\"  class=\"panel-grid-cell\" ><div id=\"panel-538-1-0-0\" class=\"so-panel widget widget_sow-headline panel-first-child\" data-index=\"1\" ><div\n\t\t\t\n\t\t\tclass=\"so-widget-sow-headline so-widget-sow-headline-default-71012c72efd5-538\"\n\t\t\t\n\t\t><div class=\"sow-headline-container \">\n\t\t\t\t\t\t\t<h2 class=\"sow-headline\">\n\t\t\t\t\t\tCategor\u00eda A (4 a 9 a\u00f1os)\t\t\t\t\t\t<\/h2>\n\t\t\t\t\t\t\t\t\t\t\t<div class=\"decoration\">\n\t\t\t\t\t\t<div class=\"decoration-inside\"><\/div>\n\t\t\t\t\t<\/div>\n\t\t\t\t\t<\/div>\n<\/div><\/div><div id=\"panel-538-1-0-1\" class=\"so-panel widget widget_sow-editor panel-last-child\" data-index=\"2\" ><div\n\t\t\t\n\t\t\tclass=\"so-widget-sow-editor so-widget-sow-editor-base\"\n\t\t\t\n\t\t>\n<div class=\"siteorigin-widget-tinymce textwidget\">\n\t<ol>\n<li>Dante Araneda<\/li>\n<li>Maite Pontiggia<\/li>\n<li>Oliver Smith<\/li>\n<li>Mar\u00eda Ureta<\/li>\n<li>Amy Ferrada<br \/>\n<strong>Menci\u00f3n honrosa:<\/strong> Rodrigo Garib<br \/>\n<strong>Menci\u00f3n honrosa:<\/strong> Eduardo Sotomayor<br \/><strong>Menci\u00f3n honrosa:<\/strong> Clemente Soto<br \/><strong>Menci\u00f3n honrosa:<\/strong> Fernanda Cabezas<br \/><strong>Menci\u00f3n honrosa:<\/strong> Vicente P\u00e9rez<br \/><strong>Menci\u00f3n honrosa:<\/strong> Agust\u00edn Lagos<br \/><strong>Menci\u00f3n honrosa:<\/strong> Rosario Betzab\u00e9<br \/><strong>Menci\u00f3n honrosa:<\/strong> Tom\u00e1s Savi\u00f1\u00f3n<\/li>\n<\/ol>\n<\/div>\n<\/div><\/div><\/div><div id=\"pgc-538-1-1\"  class=\"panel-grid-cell\" ><div id=\"panel-538-1-1-0\" class=\"so-panel widget widget_sow-headline panel-first-child\" data-index=\"3\" ><div\n\t\t\t\n\t\t\tclass=\"so-widget-sow-headline so-widget-sow-headline-default-71012c72efd5-538\"\n\t\t\t\n\t\t><div class=\"sow-headline-container \">\n\t\t\t\t\t\t\t<h2 class=\"sow-headline\">\n\t\t\t\t\t\tCategor\u00eda B (10 a 14 a\u00f1os)\t\t\t\t\t\t<\/h2>\n\t\t\t\t\t\t\t\t\t\t\t<div class=\"decoration\">\n\t\t\t\t\t\t<div class=\"decoration-inside\"><\/div>\n\t\t\t\t\t<\/div>\n\t\t\t\t\t<\/div>\n<\/div><\/div><div id=\"panel-538-1-1-1\" class=\"so-panel widget widget_sow-editor panel-last-child\" data-index=\"4\" ><div\n\t\t\t\n\t\t\tclass=\"so-widget-sow-editor so-widget-sow-editor-base\"\n\t\t\t\n\t\t>\n<div class=\"siteorigin-widget-tinymce textwidget\">\n\t<ul style=\"list-style: none;\">\n<li>1. Sebasti\u00e1n Iv\u00e1n Ignacio Barra<\/li>\n<li>2. Mart\u00edn Eduardo Rodriguez<\/li>\n<li>3. Antonia Ruminot<\/li>\n<li>3. Juan Carlos Vladilo<\/li>\n<li>4. B\u00e1rbara Mill\u00e1n<\/li>\n<li>4. Almendra Ana\u00eds Alondra Reyes<\/li>\n<li>5. Crist\u00f3bal Eduardo Osorio<br \/>\n<strong>Menci\u00f3n honrosa:<\/strong> Sebasti\u00e1n Alejandro Herrrera<br \/>\n<strong>Menci\u00f3n honrosa:<\/strong> Agust\u00edn Soto<br \/>\n<strong>Menci\u00f3n honrosa:<\/strong> Domingo Holzmann<\/li>\n<\/ul>\n<\/div>\n<\/div><\/div><\/div><div id=\"pgc-538-1-2\"  class=\"panel-grid-cell\" ><div id=\"panel-538-1-2-0\" class=\"so-panel widget widget_sow-headline panel-first-child\" data-index=\"5\" ><div\n\t\t\t\n\t\t\tclass=\"so-widget-sow-headline so-widget-sow-headline-default-71012c72efd5-538\"\n\t\t\t\n\t\t><div class=\"sow-headline-container \">\n\t\t\t\t\t\t\t<h2 class=\"sow-headline\">\n\t\t\t\t\t\tCategor\u00eda C (15 en adelante)\t\t\t\t\t\t<\/h2>\n\t\t\t\t\t\t\t\t\t\t\t<div class=\"decoration\">\n\t\t\t\t\t\t<div class=\"decoration-inside\"><\/div>\n\t\t\t\t\t<\/div>\n\t\t\t\t\t<\/div>\n<\/div><\/div><div id=\"panel-538-1-2-1\" class=\"so-panel widget widget_sow-editor panel-last-child\" data-index=\"6\" ><div\n\t\t\t\n\t\t\tclass=\"so-widget-sow-editor so-widget-sow-editor-base\"\n\t\t\t\n\t\t>\n<div class=\"siteorigin-widget-tinymce textwidget\">\n\t<ul style=\"list-style: none;\">\n<li>1. H\u00e9ctor Rodrigo \u00c1lvarez<\/li>\n<li>2. Benjam\u00edn Ricardo Far\u00edas<\/li>\n<li>2. Jos\u00e9 Carlos Mendoza<\/li>\n<li>3. Gianella Torres<\/li>\n<li>3. Mar\u00eda Paz Bertoglio<\/li>\n<li>3. Isis Lempino<\/li>\n<li>4. Keyla Melissa Torres<\/li>\n<li>4. Gonzalo Vallejos<\/li>\n<li>5. Roc\u00edo Amor Carrasco<\/li>\n<li>5. Jos\u00e9 Christian De La Cruz<br \/>\n<strong>Menci\u00f3n honrosa:<\/strong> Mat\u00edas Scagliotti<br \/>\n<strong>Menci\u00f3n honrosa:<\/strong> Jorge Ferrada<br \/>\n<strong>Menci\u00f3n honrosa:<\/strong> Marcela Bustamante<br \/>\n<strong>Menci\u00f3n honrosa:<\/strong> Mar\u00eda Catal\u00e1n<br \/>\n<strong>Menci\u00f3n honrosa:<\/strong> Ricardo Nieto<br \/>\n<strong>Menci\u00f3n honrosa:<\/strong> Pamela Sotomayor<br \/>\n<strong>Menci\u00f3n honrosa:<\/strong> Mar\u00eda M\u00e1laga<br \/>\n<strong>Menci\u00f3n honrosa:<\/strong> Daniela Ortiz<br \/>\n<strong>Menci\u00f3n honrosa:<\/strong> Naida Ramirez\n<\/li>\n<\/ul>\n<\/div>\n<\/div><\/div><\/div><\/div><\/div><\/div>","protected":false},"excerpt":{"rendered":"<p>Dante Araneda Maite Pontiggia Oliver Smith Mar\u00eda Ureta Amy Ferrada Menci\u00f3n honrosa: Rodrigo Garib Menci\u00f3n honrosa: Eduardo SotomayorMenci\u00f3n honrosa: Clemente SotoMenci\u00f3n honrosa: Fernanda CabezasMenci\u00f3n honrosa: Vicente P\u00e9rezMenci\u00f3n honrosa: Agust\u00edn LagosMenci\u00f3n honrosa: Rosario Betzab\u00e9Menci\u00f3n honrosa: Tom\u00e1s Savi\u00f1\u00f3n 1. Sebasti\u00e1n Iv\u00e1n Ignacio Barra 2. Mart\u00edn Eduardo Rodriguez 3. Antonia Ruminot 3. Juan Carlos Vladilo 4. B\u00e1rbara Mill\u00e1n &hellip;<\/p>\n<p class=\"read-more\"> <a class=\"\" href=\"https:\/\/www.artedown.cl\/nueva-pagina\/artedown-2015-mis-suenos\/\"> <span class=\"screen-reader-text\">ArteDown 2015: Mis Sue\u00f1os<\/span> Read More &raquo;<\/a><\/p>\n","protected":false},"author":1,"featured_media":0,"parent":0,"menu_order":0,"comment_status":"closed","ping_status":"closed","template":"template\/page\/fullwidth.php","meta":{"bgseo_title":"","bgseo_description":"","bgseo_robots_index":"index","bgseo_robots_follow":"follow","footnotes":""},"class_list":["post-538","page","type-page","status-publish","hentry"],"_links":{"self":[{"href":"https:\/\/www.artedown.cl\/nueva-pagina\/wp-json\/wp\/v2\/pages\/538","targetHints":{"allow":["GET"]}}],"collection":[{"href":"https:\/\/www.artedown.cl\/nueva-pagina\/wp-json\/wp\/v2\/pages"}],"about":[{"href":"https:\/\/www.artedown.cl\/nueva-pagina\/wp-json\/wp\/v2\/types\/page"}],"author":[{"embeddable":true,"href":"https:\/\/www.artedown.cl\/nueva-pagina\/wp-json\/wp\/v2\/users\/1"}],"replies":[{"embeddable":true,"href":"https:\/\/www.artedown.cl\/nueva-pagina\/wp-json\/wp\/v2\/comments?post=538"}],"version-history":[{"count":6,"href":"https:\/\/www.artedown.cl\/nueva-pagina\/wp-json\/wp\/v2\/pages\/538\/revisions"}],"predecessor-version":[{"id":835,"href":"https:\/\/www.artedown.cl\/nueva-pagina\/wp-json\/wp\/v2\/pages\/538\/revisions\/835"}],"wp:attachment":[{"href":"https:\/\/www.artedown.cl\/nueva-pagina\/wp-json\/wp\/v2\/media?parent=538"}],"curies":[{"name":"wp","href":"https:\/\/api.w.org\/{rel}","templated":true}]}}