{"id":540,"date":"2020-06-25T21:23:14","date_gmt":"2020-06-25T21:23:14","guid":{"rendered":"https:\/\/www.artedown.cl\/nueva-pagina\/?page_id=540"},"modified":"2020-07-07T19:33:46","modified_gmt":"2020-07-07T19:33:46","slug":"artedown-2016-los-animales","status":"publish","type":"page","link":"https:\/\/www.artedown.cl\/nueva-pagina\/artedown-2016-los-animales\/","title":{"rendered":"ArteDown 2016: Los Animales"},"content":{"rendered":"<div id=\"pl-540\"  class=\"panel-layout\" ><div id=\"pg-540-0\"  class=\"panel-grid panel-has-style\" ><div class=\"panel-row-style panel-row-style-for-540-0\" ><div id=\"pgc-540-0-0\"  class=\"panel-grid-cell\" ><div id=\"panel-540-0-0-0\" class=\"so-panel widget widget_sow-headline panel-first-child panel-last-child\" data-index=\"0\" ><div\n\t\t\t\n\t\t\tclass=\"so-widget-sow-headline so-widget-sow-headline-default-5f836a8e7709-540\"\n\t\t\t\n\t\t><div class=\"sow-headline-container \">\n\t\t\t\t\t\t\t<h1 class=\"sow-headline\">\n\t\t\t\t\t\tCuadro de Honor\t\t\t\t\t\t<\/h1>\n\t\t\t\t\t\t\t\t\t\t\t<div class=\"decoration\">\n\t\t\t\t\t\t<div class=\"decoration-inside\"><\/div>\n\t\t\t\t\t<\/div>\n\t\t\t\t\t<\/div>\n<\/div><\/div><\/div><\/div><\/div><div id=\"pg-540-1\"  class=\"panel-grid panel-has-style\" ><div class=\"panel-row-style panel-row-style-for-540-1\" ><div id=\"pgc-540-1-0\"  class=\"panel-grid-cell\" ><div id=\"panel-540-1-0-0\" class=\"so-panel widget widget_sow-headline panel-first-child\" data-index=\"1\" ><div\n\t\t\t\n\t\t\tclass=\"so-widget-sow-headline so-widget-sow-headline-default-71012c72efd5-540\"\n\t\t\t\n\t\t><div class=\"sow-headline-container \">\n\t\t\t\t\t\t\t<h2 class=\"sow-headline\">\n\t\t\t\t\t\tCategor\u00eda A (4 a 9 a\u00f1os)\t\t\t\t\t\t<\/h2>\n\t\t\t\t\t\t\t\t\t\t\t<div class=\"decoration\">\n\t\t\t\t\t\t<div class=\"decoration-inside\"><\/div>\n\t\t\t\t\t<\/div>\n\t\t\t\t\t<\/div>\n<\/div><\/div><div id=\"panel-540-1-0-1\" class=\"so-panel widget widget_sow-editor panel-last-child\" data-index=\"2\" ><div\n\t\t\t\n\t\t\tclass=\"so-widget-sow-editor so-widget-sow-editor-base\"\n\t\t\t\n\t\t>\n<div class=\"siteorigin-widget-tinymce textwidget\">\n\t<ol style=\"list-style: none;\">\n<li>1er lugar:\u00a0Felipe Mucho<\/li>\n<li>2do lugar:\u00a0Rosario Cayul<\/li>\n<li>2do lugar:\u00a0Bel\u00e9n Guzm\u00e1n<\/li>\n<li>3er lugar:\u00a0Fernanda Cabezas<\/li>\n<li>3er lugar:\u00a0Vicente P\u00e9rez<\/li>\n<li>3er lugar:\u00a0Alonso Llanos<br \/>\n<strong>Menci\u00f3n honrosa:\u00a0<\/strong>Christian Aguilera<br \/>\n<strong>Menci\u00f3n honrosa:\u00a0<\/strong>Nicol\u00e1s Vel\u00e1zquez<br \/>\n<strong>Menci\u00f3n honrosa:\u00a0<\/strong>Isidora Troncoso<br \/>\n<strong>Menci\u00f3n honrosa:\u00a0<\/strong>Benjam\u00edn Moya<br \/>\n<strong>Menci\u00f3n honrosa:\u00a0<\/strong>Valeria Ponce<\/li>\n<\/ol>\n<\/div>\n<\/div><\/div><\/div><div id=\"pgc-540-1-1\"  class=\"panel-grid-cell\" ><div id=\"panel-540-1-1-0\" class=\"so-panel widget widget_sow-headline panel-first-child\" data-index=\"3\" ><div\n\t\t\t\n\t\t\tclass=\"so-widget-sow-headline so-widget-sow-headline-default-71012c72efd5-540\"\n\t\t\t\n\t\t><div class=\"sow-headline-container \">\n\t\t\t\t\t\t\t<h2 class=\"sow-headline\">\n\t\t\t\t\t\tCategor\u00eda B (10 a 14 a\u00f1os)\t\t\t\t\t\t<\/h2>\n\t\t\t\t\t\t\t\t\t\t\t<div class=\"decoration\">\n\t\t\t\t\t\t<div class=\"decoration-inside\"><\/div>\n\t\t\t\t\t<\/div>\n\t\t\t\t\t<\/div>\n<\/div><\/div><div id=\"panel-540-1-1-1\" class=\"so-panel widget widget_sow-editor panel-last-child\" data-index=\"4\" ><div\n\t\t\t\n\t\t\tclass=\"so-widget-sow-editor so-widget-sow-editor-base\"\n\t\t\t\n\t\t>\n<div class=\"siteorigin-widget-tinymce textwidget\">\n\t<ol style=\"list-style: none;\">\n<li>1er lugar:\u00a0Joaqu\u00edn Barrezueta<\/li>\n<li>1er lugar:\u00a0Loreto Vergara<\/li>\n<li>2do lugar:\u00a0Almendra Reyes<\/li>\n<li>2do lugar:\u00a0Dante Araneda<\/li>\n<li>3er lugar: Scarlett Galleguillos<br \/>\n<strong>Menci\u00f3n honrosa: <\/strong>Benjam\u00edn Lewis<br \/>\n<strong>Menci\u00f3n honrosa: <\/strong>Jos\u00e9 Mar\u00eda Cuevas<br \/>\n<strong>Menci\u00f3n honrosa: <\/strong>Jade Gatica<br \/>\n<strong>Menci\u00f3n honrosa:\u00a0<\/strong>Constanza Toro<\/li>\n<\/ol>\n<\/div>\n<\/div><\/div><\/div><div id=\"pgc-540-1-2\"  class=\"panel-grid-cell\" ><div id=\"panel-540-1-2-0\" class=\"so-panel widget widget_sow-headline panel-first-child\" data-index=\"5\" ><div\n\t\t\t\n\t\t\tclass=\"so-widget-sow-headline so-widget-sow-headline-default-71012c72efd5-540\"\n\t\t\t\n\t\t><div class=\"sow-headline-container \">\n\t\t\t\t\t\t\t<h2 class=\"sow-headline\">\n\t\t\t\t\t\tCategor\u00eda C (15 en adelante)\t\t\t\t\t\t<\/h2>\n\t\t\t\t\t\t\t\t\t\t\t<div class=\"decoration\">\n\t\t\t\t\t\t<div class=\"decoration-inside\"><\/div>\n\t\t\t\t\t<\/div>\n\t\t\t\t\t<\/div>\n<\/div><\/div><div id=\"panel-540-1-2-1\" class=\"so-panel widget widget_sow-editor panel-last-child\" data-index=\"6\" ><div\n\t\t\t\n\t\t\tclass=\"so-widget-sow-editor so-widget-sow-editor-base\"\n\t\t\t\n\t\t>\n<div class=\"siteorigin-widget-tinymce textwidget\">\n\t<ol style=\"list-style: none;\">\n<li>1er lugar:\u00a0H\u00e9ctor \u00c1lvarez<\/li>\n<li>2do lugar:\u00a0Benjam\u00edn Far\u00edas<\/li>\n<li>2do lugar:\u00a0Jos\u00e9 Ram\u00edrez<\/li>\n<li>3er lugar:\u00a0Marcela Bustamante<\/li>\n<li>3er lugar:\u00a0Alejandro Casta\u00f1eda<br \/>\n<strong>Menci\u00f3n honrosa:\u00a0<\/strong>Keyla Torres<br \/>\n<strong>Menci\u00f3n honrosa:\u00a0<\/strong>Mat\u00edas Bustos<br \/>\n<strong>Menci\u00f3n honrosa:\u00a0<\/strong>Jos\u00e9 Manuel Silva<br \/>\n<strong>Menci\u00f3n honrosa:\u00a0<\/strong>Rosario Molina<br \/>\n<strong>Menci\u00f3n honrosa:\u00a0<\/strong>Mart\u00edn Pull\u00e1n<br \/>\n<strong>Menci\u00f3n honrosa:\u00a0<\/strong>Mar\u00eda Bel\u00e9n Mor\u00e1n<br \/>\n<strong>Menci\u00f3n honrosa:\u00a0<\/strong>Luis Cumbe<br \/>\n<strong>Menci\u00f3n honrosa:\u00a0<\/strong>Jos\u00e9 Carlos Cary<br \/>\n<strong>Menci\u00f3n honrosa:\u00a0<\/strong>Marlon Falc\u00f3n<\/li>\n<\/ol>\n<\/div>\n<\/div><\/div><\/div><\/div><\/div><\/div>","protected":false},"excerpt":{"rendered":"<p>1er lugar:\u00a0Felipe Mucho 2do lugar:\u00a0Rosario Cayul 2do lugar:\u00a0Bel\u00e9n Guzm\u00e1n 3er lugar:\u00a0Fernanda Cabezas 3er lugar:\u00a0Vicente P\u00e9rez 3er lugar:\u00a0Alonso Llanos Menci\u00f3n honrosa:\u00a0Christian Aguilera Menci\u00f3n honrosa:\u00a0Nicol\u00e1s Vel\u00e1zquez Menci\u00f3n honrosa:\u00a0Isidora Troncoso Menci\u00f3n honrosa:\u00a0Benjam\u00edn Moya Menci\u00f3n honrosa:\u00a0Valeria Ponce 1er lugar:\u00a0Joaqu\u00edn Barrezueta 1er lugar:\u00a0Loreto Vergara 2do lugar:\u00a0Almendra Reyes 2do lugar:\u00a0Dante Araneda 3er lugar: Scarlett Galleguillos Menci\u00f3n honrosa: Benjam\u00edn Lewis Menci\u00f3n honrosa: &hellip;<\/p>\n<p class=\"read-more\"> <a class=\"\" href=\"https:\/\/www.artedown.cl\/nueva-pagina\/artedown-2016-los-animales\/\"> <span class=\"screen-reader-text\">ArteDown 2016: Los Animales<\/span> Read More &raquo;<\/a><\/p>\n","protected":false},"author":1,"featured_media":0,"parent":0,"menu_order":0,"comment_status":"closed","ping_status":"closed","template":"template\/page\/fullwidth.php","meta":{"bgseo_title":"","bgseo_description":"","bgseo_robots_index":"index","bgseo_robots_follow":"follow","footnotes":""},"class_list":["post-540","page","type-page","status-publish","hentry"],"_links":{"self":[{"href":"https:\/\/www.artedown.cl\/nueva-pagina\/wp-json\/wp\/v2\/pages\/540","targetHints":{"allow":["GET"]}}],"collection":[{"href":"https:\/\/www.artedown.cl\/nueva-pagina\/wp-json\/wp\/v2\/pages"}],"about":[{"href":"https:\/\/www.artedown.cl\/nueva-pagina\/wp-json\/wp\/v2\/types\/page"}],"author":[{"embeddable":true,"href":"https:\/\/www.artedown.cl\/nueva-pagina\/wp-json\/wp\/v2\/users\/1"}],"replies":[{"embeddable":true,"href":"https:\/\/www.artedown.cl\/nueva-pagina\/wp-json\/wp\/v2\/comments?post=540"}],"version-history":[{"count":6,"href":"https:\/\/www.artedown.cl\/nueva-pagina\/wp-json\/wp\/v2\/pages\/540\/revisions"}],"predecessor-version":[{"id":837,"href":"https:\/\/www.artedown.cl\/nueva-pagina\/wp-json\/wp\/v2\/pages\/540\/revisions\/837"}],"wp:attachment":[{"href":"https:\/\/www.artedown.cl\/nueva-pagina\/wp-json\/wp\/v2\/media?parent=540"}],"curies":[{"name":"wp","href":"https:\/\/api.w.org\/{rel}","templated":true}]}}