{"id":561,"date":"2020-06-25T23:41:50","date_gmt":"2020-06-25T23:41:50","guid":{"rendered":"https:\/\/www.artedown.cl\/nueva-pagina\/?page_id=561"},"modified":"2020-06-30T22:41:43","modified_gmt":"2020-06-30T22:41:43","slug":"eventos-2013","status":"publish","type":"page","link":"https:\/\/www.artedown.cl\/nueva-pagina\/eventos-2013\/","title":{"rendered":"Eventos 2013"},"content":{"rendered":"<div id=\"pl-561\"  class=\"panel-layout\" ><div id=\"pg-561-0\"  class=\"panel-grid panel-no-style\" ><div id=\"pgc-561-0-0\"  class=\"panel-grid-cell\" ><div id=\"panel-561-0-0-0\" class=\"so-panel widget widget_sow-editor panel-first-child panel-last-child\" data-index=\"0\" ><div\n\t\t\t\n\t\t\tclass=\"so-widget-sow-editor so-widget-sow-editor-base\"\n\t\t\t\n\t\t>\n<div class=\"siteorigin-widget-tinymce textwidget\">\n\t<div class=\"container\">\n<p><strong>Marzo \u2013 Abril<\/strong><\/p>\n<p>Exposici\u00f3n en\u00a0<strong>Centro Cultural de Casablanca<\/strong>, V Regi\u00f3n.<\/p>\n<p>&nbsp;<\/p>\n<p><strong>Febrero<\/strong>:<\/p>\n<p><strong>Expoarte Santo Domingo 2013<\/strong>, Colegio People Help People. V Regi\u00f3n.<\/p>\n<p>&nbsp;<\/p>\n<p><strong>Enero<\/strong><\/p>\n<p>Exposici\u00f3n en Sal\u00f3n Parroquial,\u00a0<strong>Zapallar<\/strong>, V Regi\u00f3n.<\/p>\n<\/div>\n<\/div>\n<\/div><\/div><\/div><\/div><\/div>","protected":false},"excerpt":{"rendered":"<p>Marzo \u2013 Abril Exposici\u00f3n en\u00a0Centro Cultural de Casablanca, V Regi\u00f3n. &nbsp; Febrero: Expoarte Santo Domingo 2013, Colegio People Help People. V Regi\u00f3n. &nbsp; Enero Exposici\u00f3n en Sal\u00f3n Parroquial,\u00a0Zapallar, V Regi\u00f3n.<\/p>\n","protected":false},"author":1,"featured_media":0,"parent":0,"menu_order":0,"comment_status":"closed","ping_status":"closed","template":"template\/page\/fullwidth.php","meta":{"bgseo_title":"","bgseo_description":"","bgseo_robots_index":"index","bgseo_robots_follow":"follow","footnotes":""},"class_list":["post-561","page","type-page","status-publish","hentry"],"_links":{"self":[{"href":"https:\/\/www.artedown.cl\/nueva-pagina\/wp-json\/wp\/v2\/pages\/561","targetHints":{"allow":["GET"]}}],"collection":[{"href":"https:\/\/www.artedown.cl\/nueva-pagina\/wp-json\/wp\/v2\/pages"}],"about":[{"href":"https:\/\/www.artedown.cl\/nueva-pagina\/wp-json\/wp\/v2\/types\/page"}],"author":[{"embeddable":true,"href":"https:\/\/www.artedown.cl\/nueva-pagina\/wp-json\/wp\/v2\/users\/1"}],"replies":[{"embeddable":true,"href":"https:\/\/www.artedown.cl\/nueva-pagina\/wp-json\/wp\/v2\/comments?post=561"}],"version-history":[{"count":3,"href":"https:\/\/www.artedown.cl\/nueva-pagina\/wp-json\/wp\/v2\/pages\/561\/revisions"}],"predecessor-version":[{"id":619,"href":"https:\/\/www.artedown.cl\/nueva-pagina\/wp-json\/wp\/v2\/pages\/561\/revisions\/619"}],"wp:attachment":[{"href":"https:\/\/www.artedown.cl\/nueva-pagina\/wp-json\/wp\/v2\/media?parent=561"}],"curies":[{"name":"wp","href":"https:\/\/api.w.org\/{rel}","templated":true}]}}