{"id":563,"date":"2020-06-25T23:42:52","date_gmt":"2020-06-25T23:42:52","guid":{"rendered":"https:\/\/www.artedown.cl\/nueva-pagina\/?page_id=563"},"modified":"2020-06-30T22:43:30","modified_gmt":"2020-06-30T22:43:30","slug":"eventos-2014","status":"publish","type":"page","link":"https:\/\/www.artedown.cl\/nueva-pagina\/eventos-2014\/","title":{"rendered":"Eventos 2014"},"content":{"rendered":"<div id=\"pl-563\"  class=\"panel-layout\" ><div id=\"pg-563-0\"  class=\"panel-grid panel-no-style\" ><div id=\"pgc-563-0-0\"  class=\"panel-grid-cell\" ><div id=\"panel-563-0-0-0\" class=\"so-panel widget widget_sow-editor panel-first-child panel-last-child\" data-index=\"0\" ><div\n\t\t\t\n\t\t\tclass=\"so-widget-sow-editor so-widget-sow-editor-base\"\n\t\t\t\n\t\t>\n<div class=\"siteorigin-widget-tinymce textwidget\">\n\t<div class=\"container\">\n<p><strong>17 Diciembre 2014<\/strong><\/p>\n<p>Exposici\u00f3n \u201c<strong>Intervenciones Inclusivas<\/strong>\u201d y ganadores del\u00a0<strong>Concurso Arte Down Internacional 2014 \u201cMi Continente\u201d<\/strong>\u00a0en Galer\u00eda ArtLabb\u00e9.<\/p>\n<p>&nbsp;<\/p>\n<p><strong>Diciembre 2014<\/strong><\/p>\n<p>Taller Inclusivo de Pintura en Ciudad Empresarial<br \/>\n<strong>Corporaci\u00f3n Cultural CEBRA y Ciudad Empresarial<\/strong>.<\/p>\n<p>&nbsp;<\/p>\n<p><strong>Diciembre 2014<\/strong><\/p>\n<p>Talleres de Arte Inclusivo en oficina de\u00a0<strong>ONG LabSocial<\/strong>.<\/p>\n<p>&nbsp;<\/p>\n<p><strong>29 y 30 de Noviembre 2014<\/strong><\/p>\n<p><strong>Encuentro Nacional de Inclusi\u00f3n y Cultura (ENIC) \u2013 2014<br \/>\nCampus Casona Las Condes U. Andr\u00e9s Bello,\u00a0<\/strong>donde se efectu\u00f3 la premiaci\u00f3n del\u00a0<strong>Concurso Arte Down 2014<\/strong>.<\/p>\n<p>&nbsp;<\/p>\n<p><strong>29 y 30 de Noviembre 2014<\/strong><\/p>\n<p>Inauguraci\u00f3n de la\u00a0<strong>Primera Exposici\u00f3n de la muestra \u201cMi Continente\u201d<\/strong>, como parte de las actividades de<strong>\u00a0ENIC (Encuentro Nacional de Inclusi\u00f3n y Cultura)<\/strong>\u00a0en\u00a0<strong>La Casona de Las Condes<\/strong>. Talleres Inclusivos, charlas, testimonios, mesas de di\u00e1logo, ejemplos de buenas pr\u00e1cticas, presentaciones culturales y m\u00fasica.<\/p>\n<p>&nbsp;<\/p>\n<p><strong>25 Octubre 2014<\/strong><\/p>\n<p><strong>Taller Inclusivo de Escultura en Greda<\/strong>\u00a0en\u00a0<strong>FIIS 2014<\/strong>\u00a0(<strong>Feria Internacional de Innovacion Social<\/strong>).<\/p>\n<p>&nbsp;<\/p>\n<p><strong>24 Octubre 2014<\/strong><\/p>\n<p><strong>Mural Inclusivo<\/strong>\u00a0con la comunidad de\u00a0<strong>Concepci\u00f3n<\/strong>\u00a0en conjunto a la\u00a0<strong>Corporaci\u00f3n \u201cYo Tambi\u00e9n\u201d<\/strong>\u00a0de la ciudad.<\/p>\n<p>&nbsp;<\/p>\n<p><strong>6 de Octubre 2014<\/strong><\/p>\n<p><strong>Mural Inclusivo<\/strong>\u00a0en\u00a0<strong>Colegio San Luis Beltr\u00e1n<\/strong>,\u00a0<strong>Pudahuel<\/strong>.<strong>\u00a0\u00a0<\/strong><\/p>\n<p><strong>\u00a0\u00a0\u00a0\u00a0\u00a0\u00a0<\/strong><\/p>\n<p><strong>Octubre 3, 4 y 5 de 2014<\/strong><\/p>\n<p><strong>Taller Inclusivo de Reposter\u00eda\u00a0<\/strong>en la<strong>\u00a0Feria Echinuco<\/strong>, Parque Bicentenario, comuna de\u00a0<strong>Vitacura.<\/strong><\/p>\n<p>&nbsp;<\/p>\n<p><strong>Octubre 2014<\/strong><\/p>\n<p><strong>Taller de Arte Inclusivo La Serena 2014<\/strong>, patrocinada por la\u00a0<strong>Municipalidad de La Serena<\/strong>.<\/p>\n<p>&nbsp;<\/p>\n<p><strong>12 \u2013 21 Septiembre 2014<\/strong><\/p>\n<p>Stand de difusi\u00f3n de\u00a0<strong>Arte Down<\/strong>\u00a0en la\u00a0<strong>Semana de la Chilenidad, Parque Padre Hurtado<\/strong>\u00a0y Taller Inclusivo.<\/p>\n<p>&nbsp;<\/p>\n<p><strong>Agosto \u2013 Octubre 2014<\/strong><\/p>\n<p><strong>Isla de Pascua<\/strong>: Exposici\u00f3n de\u00a0<strong>Arte Down<\/strong>\u00a0en Isla de Pascua en el\u00a0<strong>Museo\u00a0Antropol\u00f3gico Padre Sebasti\u00e1n Englert<\/strong>\u00a0y Actividad de Taller\/Mural.<\/p>\n<p>&nbsp;<\/p>\n<p><strong>21 Agosto 2014<\/strong><\/p>\n<p>Visita de equipo de voluntarios de Arte Down al\u00a0<strong>Colegio Almaluz<\/strong>\u00a0para pintar un mural inclusivo con sus alumnos.<\/p>\n<p>&nbsp;<\/p>\n<p><u><\/u><strong>13 Agosto 2014<\/strong><\/p>\n<p>Lanzamiento del\u00a0<strong>Tercer Concurso de Pintura \u201cMi Continente\u201d<\/strong>\u00a0a nivel internacional. Llamado a participar como voluntario, alumno, artista o monitor.<\/p>\n<p>&nbsp;<\/p>\n<p><strong>Agosto 2014<\/strong><\/p>\n<p>Taller de arte inclusivo en\u00a0<strong>Caja Los Andes<\/strong>\u00a0y lanzamiento oficial del\u00a0<strong>Tercer Concurso Arte Down \u201cMi Continente\u201d<\/strong>.<\/p>\n<p>&nbsp;<\/p>\n<p><u><\/u><strong>Julio 2014<\/strong><\/p>\n<p><strong>Campa\u00f1a de Inclusi\u00f3n Invierno 2014<\/strong>, difusi\u00f3n de Arte Down en algunas sucursales de\u00a0<strong>Unimarc de Santiago<\/strong>. Venta del\u00a0<strong>libro<\/strong>\u00a0\u201c<strong>Arte Down, Mi Pa\u00eds<\/strong>\u201d y colecta, para financiar los talleres inclusivos que realiza el movimiento.<em>\u00a0<\/em><\/p>\n<p>&nbsp;<\/p>\n<p><strong>24 Junio 2014<\/strong><\/p>\n<p>Mural Inclusivo en la\u00a0<strong>Fundaci\u00f3n \u201cExcepcionales\u201d<\/strong>.<\/p>\n<p>&nbsp;<\/p>\n<p><strong>23 Mayo 2014<\/strong><\/p>\n<p>Exposici\u00f3n y Taller de Arte Down en\u00a0<strong>Zapallar<\/strong>.<\/p>\n<p>&nbsp;<\/p>\n<p><strong>8 Mayo 2014<\/strong><\/p>\n<p><strong>Casablanca<\/strong>: Inauguraci\u00f3n de la\u00a0<strong>Exposici\u00f3n \u201cMi Pa\u00eds\u201d<\/strong>\u00a0en el\u00a0<strong>Centro Cultural de Casablanca<\/strong>.<\/p>\n<p>&nbsp;<\/p>\n<p><strong>27 Abril 2014<\/strong><\/p>\n<p>Taller de Artes inclusivo en\u00a0<strong>Centro Cultural Estaci\u00f3n Mapocho<\/strong>, nuestros artistas ense\u00f1aron t\u00e9cnicas a los m\u00e1s peque\u00f1os.<\/p>\n<p>&nbsp;<\/p>\n<p><strong>3 \u2013 6 Abril 2014<\/strong><\/p>\n<p>Stand y guarder\u00eda art\u00edstica infantil en la\u00a0<strong>Feria de Arte FAXXI<\/strong>\u00a0en el Parque Bicentenario de Vitacura.<\/p>\n<p>&nbsp;<\/p>\n<p><strong>28 Marzo 2014<\/strong><\/p>\n<p>Comienzo venta del\u00a0<strong>libro \u201cArte Down Mi Pa\u00eds\u201d<\/strong>, que resume las actividades desarrolladas por Arte Down en 2013, como lanzamientos, talleres, exposiciones, murales, premiaciones y m\u00e1s.<\/p>\n<p>&nbsp;<\/p>\n<p><strong>21 Marzo 2014<\/strong><\/p>\n<p>Celebraci\u00f3n\u00a0<strong>D\u00eda Internacional S\u00edndrome Down<\/strong>\u00a0en el\u00a0<strong>Palacio de la Moneda<\/strong>, Santiago.<\/p>\n<p><strong>15 Febrero 2014<\/strong><\/p>\n<p><strong>Exposici\u00f3n Colecci\u00f3n 2013<\/strong>\u00a0en\u00a0<strong>Valpara\u00edso<\/strong>.<\/p>\n<p>&nbsp;<\/p>\n<p><strong>25 Enero al 9 Febrero 2014<\/strong><strong>\u00a0\u00a0\u00a0\u00a0\u00a0\u00a0\u00a0\u00a0<\/strong><\/p>\n<p><strong>Santo Domingo<\/strong>: Participaci\u00f3n en<strong>\u00a0Expo Arte 2014<\/strong>, I. Municipalidad de Santo Domingo,\u00a0<strong>Agrupaci\u00f3n Cultural de Santo Domingo<\/strong>\u00a0y la\u00a0<strong>Embajada de la Rep\u00fablica de Indonesia<\/strong>.<\/p>\n<p>&nbsp;<\/p>\n<p><strong>19 Enero 2014<\/strong><\/p>\n<p><strong>Zapallar<\/strong>: Exposici\u00f3n de los Ganadores del\u00a0<strong>Concurso Nacional 2013 \u201cMi Pa\u00eds\u201d<\/strong>, en el sal\u00f3n parroquial Zapallar.<br \/>\nActividad inclusiva, restauraci\u00f3n de la\u00a0<strong>Estaci\u00f3n de Trenes de Catapilco<\/strong>.<\/p>\n<\/div>\n<\/div>\n<\/div><\/div><\/div><\/div><\/div>","protected":false},"excerpt":{"rendered":"<p>17 Diciembre 2014 Exposici\u00f3n \u201cIntervenciones Inclusivas\u201d y ganadores del\u00a0Concurso Arte Down Internacional 2014 \u201cMi Continente\u201d\u00a0en Galer\u00eda ArtLabb\u00e9. &nbsp; Diciembre 2014 Taller Inclusivo de Pintura en Ciudad Empresarial Corporaci\u00f3n Cultural CEBRA y Ciudad Empresarial. &nbsp; Diciembre 2014 Talleres de Arte Inclusivo en oficina de\u00a0ONG LabSocial. &nbsp; 29 y 30 de Noviembre 2014 Encuentro Nacional de Inclusi\u00f3n &hellip;<\/p>\n<p class=\"read-more\"> <a class=\"\" href=\"https:\/\/www.artedown.cl\/nueva-pagina\/eventos-2014\/\"> <span class=\"screen-reader-text\">Eventos 2014<\/span> Read More &raquo;<\/a><\/p>\n","protected":false},"author":1,"featured_media":0,"parent":0,"menu_order":0,"comment_status":"closed","ping_status":"closed","template":"template\/page\/fullwidth.php","meta":{"bgseo_title":"","bgseo_description":"","bgseo_robots_index":"index","bgseo_robots_follow":"follow","footnotes":""},"class_list":["post-563","page","type-page","status-publish","hentry"],"_links":{"self":[{"href":"https:\/\/www.artedown.cl\/nueva-pagina\/wp-json\/wp\/v2\/pages\/563","targetHints":{"allow":["GET"]}}],"collection":[{"href":"https:\/\/www.artedown.cl\/nueva-pagina\/wp-json\/wp\/v2\/pages"}],"about":[{"href":"https:\/\/www.artedown.cl\/nueva-pagina\/wp-json\/wp\/v2\/types\/page"}],"author":[{"embeddable":true,"href":"https:\/\/www.artedown.cl\/nueva-pagina\/wp-json\/wp\/v2\/users\/1"}],"replies":[{"embeddable":true,"href":"https:\/\/www.artedown.cl\/nueva-pagina\/wp-json\/wp\/v2\/comments?post=563"}],"version-history":[{"count":3,"href":"https:\/\/www.artedown.cl\/nueva-pagina\/wp-json\/wp\/v2\/pages\/563\/revisions"}],"predecessor-version":[{"id":621,"href":"https:\/\/www.artedown.cl\/nueva-pagina\/wp-json\/wp\/v2\/pages\/563\/revisions\/621"}],"wp:attachment":[{"href":"https:\/\/www.artedown.cl\/nueva-pagina\/wp-json\/wp\/v2\/media?parent=563"}],"curies":[{"name":"wp","href":"https:\/\/api.w.org\/{rel}","templated":true}]}}