{"id":565,"date":"2020-06-25T23:43:35","date_gmt":"2020-06-25T23:43:35","guid":{"rendered":"https:\/\/www.artedown.cl\/nueva-pagina\/?page_id=565"},"modified":"2020-06-30T22:45:17","modified_gmt":"2020-06-30T22:45:17","slug":"eventos-2015","status":"publish","type":"page","link":"https:\/\/www.artedown.cl\/nueva-pagina\/eventos-2015\/","title":{"rendered":"Eventos 2015"},"content":{"rendered":"<div id=\"pl-565\"  class=\"panel-layout\" ><div id=\"pg-565-0\"  class=\"panel-grid panel-no-style\" ><div id=\"pgc-565-0-0\"  class=\"panel-grid-cell\" ><div id=\"panel-565-0-0-0\" class=\"so-panel widget widget_sow-editor panel-first-child panel-last-child\" data-index=\"0\" ><div\n\t\t\t\n\t\t\tclass=\"so-widget-sow-editor so-widget-sow-editor-base\"\n\t\t\t\n\t\t>\n<div class=\"siteorigin-widget-tinymce textwidget\">\n\t<div class=\"container\">\n<strong>29 de Diciembre<\/strong><\/p>\n<p>Exposici\u00f3n y premiaci\u00f3n del\u00a0<strong>4to Concurso de Arte Down \u00abMis Sue\u00f1os\u00bb<\/strong>,\u00a0<strong>Campus Casona Las Condes Universidad Andr\u00e9s Bello<\/strong>.<\/p>\n<p>&nbsp;<\/p>\n<p><strong>17 de Diciembre 2015<\/strong><\/p>\n<p>Inauguraci\u00f3n \u00a0<strong>exposici\u00f3n colectiva de grabados de Arte Down \u00abIdeas en Color\u00bb<\/strong>\u00a0en Galer\u00eda ArtLabb\u00e9.<\/p>\n<p>&nbsp;<\/p>\n<p><strong>Diciembre 2015<\/strong><\/p>\n<p><strong>Chill\u00e1n<\/strong>: Inauguraci\u00f3n de\u00a0exposici\u00f3n de las colecciones\u00a0<strong>Mi Mundo<\/strong>\u00a0y\u00a0<strong>Mi Pa\u00eds<\/strong>\u00a0en la\u00a0<strong>Escuela Art\u00edstica de Chill\u00e1n<\/strong>.<br \/>\nAsistencia: 50 personas.<\/p>\n<p>&nbsp;<\/p>\n<p><strong>12 y 13 de Diciembre<\/strong><\/p>\n<p>Exhibici\u00f3n de grabados y cuadros de Arte Down en\u00a0<strong>Espacio Idea<\/strong>, ubicado en\u00a0<strong>Borde R\u00edo<\/strong>. Durante la exposici\u00f3n un artista pint\u00f3 un cuadro en vivo.<br \/>\nAsistencia: 500 personas.<\/p>\n<p>&nbsp;<\/p>\n<p><strong>25 Noviembre<\/strong>\u00a0<strong>2015<\/strong><\/p>\n<p><strong>Balance Primavera 2015<\/strong>\u00a0ex Driving Range\u00a0<strong>Ciudad Empresarial<\/strong>.<br \/>\nEvento de car\u00e1cter gratuito, es una experiencia multisensorial de encuentro en torno al arte, cultura y bienestar.<br \/>\nPresencia de Arte Down con actividad y jornadas inclusivas- Pintura de bancas maniqu\u00edes; exposici\u00f3n de cuadros<\/p>\n<p>&nbsp;<\/p>\n<p><strong>17 Noviembre 2015<\/strong><\/p>\n<p><strong>Emprende por Chile<\/strong>\u00a0Semifinal Concurso en Univ. del Desarrollo. Organiza: ONG Labsocial , patrocina: Lo Barnechea<\/p>\n<p>&nbsp;<\/p>\n<p><strong>30 Octubre 2015<\/strong><\/p>\n<p>Mural en Quilicura<\/p>\n<p><u><\/u><strong>\u00a0<\/strong><\/p>\n<p><strong>21 Octubre 2015<\/strong><\/p>\n<p><strong>Arte Down<\/strong>\u00a0y\u00a0<strong>ONG LabSocial<\/strong>\u00a0en\u00a0<strong>FIIS 2015<\/strong>.<br \/>\nCompartimos nuestros proyectos y desaf\u00edos junto a otros emprendedores sociales, en el marco del tema:\u00a0<strong>Derribando Barreras<\/strong>.<\/p>\n<p>&nbsp;<\/p>\n<p><strong>4 Octubre 2015<\/strong><\/p>\n<p><strong>Estadio UC de San Carlos de Apoquindo<\/strong>: muestra de obras de\u00a0<strong>ArteDown<\/strong>\u00a0durante el\u00a0<strong>Lanzamiento de la Nueva Camiseta de la UC<\/strong>, con Tipograf\u00eda hecha por Ana, artista con s\u00edndrome de Down.<br \/>\n<strong>Encuentro de Discapacidad de Las Condes<\/strong>\u00a0(Los Dom\u00ednicos)<\/p>\n<p><u><\/u><strong>\u00a0<\/strong><\/p>\n<p><strong>2, 3 y 4 Octubre 2015<\/strong><\/p>\n<p><strong>Feria Echinuco<\/strong>\u00a0Parque Bicentenario. Degustaci\u00f3n de comida chilena y apoyando al proyecto\u00a0<strong>Arte Down<\/strong>\u00a0y a\u00a0<strong>Rupestre\u00a0<\/strong>en respectivos stands.<\/p>\n<p>&nbsp;<\/p>\n<p><strong>Octubre 2015<\/strong><\/p>\n<p><strong>Espacio Arte Vivo<\/strong>:\u00a0<strong>Exposici\u00f3n \u201cMi Continente\u201d<\/strong>\u00a0que re\u00fane m\u00e1s de cien trabajos realizados por ni\u00f1os y j\u00f3venes de diversas ciudades de Chile y pa\u00edses del mundo.<\/p>\n<p>&nbsp;<\/p>\n<p><strong>26 Septiembre 2015<\/strong><\/p>\n<p><strong>Antofagasta<\/strong>: Agrupaci\u00f3n\u00a0<strong>Down Color Esperanza<\/strong>\u00a0de Antofagasta.<br \/>\nCharlas, murales y convivencia<\/p>\n<p>&nbsp;<\/p>\n<p><strong>25 Septiembre 2015<\/strong><\/p>\n<p><strong>Antofagasta<\/strong>: Invitaci\u00f3n al Lanzamiento del\u00a0<strong>4\u00aa Concurso de Pintura \u201cMis Sue\u00f1os\u201d<\/strong>\u00a0y talleres inclusivos junto a exposiciones.<br \/>\nCaja Los Andes Antofagasta:\u00a0\u00a0\u00a0<strong>Muestra \u201cMi Mundo\u201d<br \/>\n<\/strong>Universidad Cat\u00f3lica de Antofagasta:\u00a0<strong>Muestra \u201cMi Pa\u00eds\u201d<\/strong><\/p>\n<p>&nbsp;<\/p>\n<p><strong>18 Septiembre 2015<\/strong><\/p>\n<p>Taller de pintura en cer\u00e1mica con\u00a0<strong>Marcela Bustamante.<\/strong><\/p>\n<p>&nbsp;<\/p>\n<p><strong>12 Septiembre 2015<\/strong><\/p>\n<p>Talleres inclusivos junto al\u00a0<strong>grupo de Scout del Colegio San Esteban Di\u00e1cono de Vitacura<\/strong>.<br \/>\nVoluntarios en los talleres inclusivos que se realizan en el\u00a0<strong>Hogar Los Ceibos de Coanil en Colina<\/strong>.<\/p>\n<p>&nbsp;<\/p>\n<p><strong>5 Septiembre 2015<\/strong><\/p>\n<p>Taller de\u00a0<strong>Mosaico<\/strong>\u00a0en cer\u00e1mica<\/p>\n<p>&nbsp;<\/p>\n<p><strong>Septiembre 2015<\/strong><\/p>\n<p><strong>Encuentros inclusivos ENIC<\/strong>\u00a0en comunas y regiones que buscan promover la inclusi\u00f3n desde la cultura. Trabajando los ejes de inclusi\u00f3n social.\u00a0<strong>Santiago Centro, Colina, Concepci\u00f3n, Antofagasta.<\/strong><\/p>\n<p>&nbsp;<\/p>\n<p><strong>30 Agosto 2015<\/strong><\/p>\n<p><strong>Concepci\u00f3n<\/strong>: Encuentro Inclusivo ENIC en Concepci\u00f3n.<br \/>\nCentro Squash; mural y demostraciones, talleres de k\u00e1rate, squash, salsa y yoga. Se exponen obras destacadas de\u00a0<strong>Mario Livingstone y Marcela Bustamante<\/strong>.<\/p>\n<p>&nbsp;<\/p>\n<p><strong>28 Agosto 2015<\/strong><\/p>\n<p><strong>Concepci\u00f3n<\/strong>: Lanzamiento\u00a0<strong>Concurso Pintura Arte Down \u201cMis Sue\u00f1os\u201d<\/strong>\u00a0en Concepci\u00f3n.<\/p>\n<p>&nbsp;<\/p>\n<p><strong>20 Agosto 2015<\/strong><\/p>\n<p>Homenaje a\u00a0<strong>Alexis Vidal<br \/>\n<\/strong>Recordamos a Alexis (Q.E.P.D.) quien inici\u00f3, organiz\u00f3 y coordin\u00f3 la primera actividad de Arte Down en\u00a0<strong>Caja Los Andes<\/strong>\u00a0el a\u00f1o 2014, y que hoy nos acompa\u00f1a en esp\u00edritu.<\/p>\n<p>&nbsp;<\/p>\n<p><strong>12 Agosto 2015<\/strong><\/p>\n<p><strong>ONG LabSocial<\/strong>\u00a0en conjunto con<strong>\u00a0Caja Los Andes<\/strong>\u00a0se unen para el lanzamiento del\u00a0<strong>4\u00aa Concurso de Pintura \u201cMis Sue\u00f1os\u201d.<br \/>\n<\/strong>El lanzamiento se realiza con un Taller inclusivo abierto, junto a la inauguraci\u00f3n de la\u00a0<strong>exposici\u00f3n \u201cMi Continente\u201d (2014)<\/strong>.<\/p>\n<p>&nbsp;<\/p>\n<p><strong>21 Julio 2015<\/strong><\/p>\n<p><strong>Zapallar<\/strong>: Taller\u00a0<strong>Arte Down<\/strong>\u00a0dictado por nuestros artistas a un grupo de ni\u00f1os del\u00a0<strong>Hogar de Cristo<\/strong>\u00a0en la Comuna de Zapallar.<\/p>\n<p>&nbsp;<\/p>\n<p><strong>19 Julio 2015<\/strong><\/p>\n<p><strong>Inicio de Campa\u00f1as de Inserci\u00f3n<\/strong>: Trabajos y colectas.<\/p>\n<p><strong>\u00a0<\/strong><\/p>\n<p><strong>1 Julio 2015<\/strong><\/p>\n<p>Tres de nuestros artistas del Movimiento\u00a0<strong>Arte Down<\/strong>\u00a0dan clases de 1\u00aa a 4\u00aa b\u00e1sico del Colegio Anglo American.<\/p>\n<p>&nbsp;<\/p>\n<p><strong>25 Junio 2015<\/strong><\/p>\n<p>Lanzamiento del libro \u201c<strong>Cuentos de un ni\u00f1o como t\u00fa<\/strong>\u201d del autor\u00a0<strong>Augusto Forero<\/strong>, de 11 a\u00f1os en el\u00a0<strong>Colegio Anglo American<\/strong>, comuna de Lo Barnechea.<\/p>\n<p>&nbsp;<\/p>\n<p><strong>20 Junio 2015<\/strong><\/p>\n<p>Mural Talagante con amigos de\u00a0<strong>\u201cSue\u00f1os Talagante\u201d<\/strong>.<\/p>\n<p>&nbsp;<\/p>\n<p><strong>25 Mayo 2015<\/strong><\/p>\n<p>Visita guiada a la\u00a0<strong>Exposici\u00f3n \u201cObsesi\u00f3n Infinita\u201d<\/strong>,de la artista japonesa\u00a0<strong>Yayoi Kusama<\/strong>\u00a0en la\u00a0<strong>Fundaci\u00f3n CorpArtes<\/strong>.<br \/>\nActividad inclusiva en\u00a0<strong>Caf\u00e9 Starbucks<\/strong>.<\/p>\n<p>&nbsp;<\/p>\n<p><strong>19 mayo 2015<\/strong><\/p>\n<p><strong>X Concurso de Literatura para Personas con Discapacidad.<br \/>\nDepartamento de Capacidades Diferentes de la Municipalidad de Las Condes<\/strong>.<\/p>\n<p>&nbsp;<\/p>\n<p><strong>8 Mayo 2015<\/strong><\/p>\n<p>Taller de\u00a0<strong>Arte Down<\/strong>\u00a0a partir de Mayo. Dictado por la artista\u00a0<strong>Francisca Allende<\/strong>.<\/p>\n<p>&nbsp;<\/p>\n<p><strong>16 al 19 Abril 2015<\/strong><\/p>\n<p>Stand de Arte Down en la\u00a0<strong>Feria de Arte: FAXXI 2015<br \/>\nParque Bicentenario de la Comuna de Vitacura.<\/strong><\/p>\n<p>&nbsp;<\/p>\n<p><strong>14 Abril 2015<\/strong><\/p>\n<p>Visita al \u201c<strong>Peque\u00f1o Cottolengo<\/strong>\u201d, se desarroll\u00f3 taller art\u00edstico con m\u00e1s de 30 integrantes de la instituci\u00f3n.<\/p>\n<p>&nbsp;<\/p>\n<p><strong>10 Abril 2015<\/strong><\/p>\n<p><strong>Casablanca<\/strong>: Inauguraci\u00f3n\u00a0<strong>Exposici\u00f3n \u201cMi Continente\u201d<\/strong>\u00a0en Centro Cultural de Casablanca.<\/p>\n<p>&nbsp;<\/p>\n<p><strong>Abril 2015<\/strong><\/p>\n<p>Taller de grabados serigr\u00e1ficos a cargo del artista\u00a0<strong>Jos\u00e9 Mar\u00eda Ib\u00e1\u00f1ez<\/strong>, en dependencias de\u00a0<strong>ONG LabSocial<\/strong>.<\/p>\n<p>&nbsp;<\/p>\n<p><strong>21 Marzo 2015<\/strong><\/p>\n<p><strong>Marcha por la inclusi\u00f3n<\/strong>\u00a0en el\u00a0<strong>D\u00eda Internacional del<\/strong>\u00a0<strong>S\u00edndrome Down<\/strong>\u00a0desde Estaci\u00f3n Metro Los H\u00e9roes hasta Plaza de la Constituci\u00f3n.<\/p>\n<p>&nbsp;<\/p>\n<p><strong>25 Febrero 2015<\/strong><\/p>\n<p><strong>Puerto Varas<\/strong>: Taller Inclusivo para ni\u00f1os y vecinos en el\u00a0<strong>Centro Cultural Estaci\u00f3n<\/strong>, exposici\u00f3n y realizaci\u00f3n de lienzo, en alianza con la\u00a0<strong>Municipalidad de Puerto Varas<\/strong>, el\u00a0<strong>Centro Cultural Estaci\u00f3n<\/strong>\u00a0y\u00a0<strong>Arte Down Patagonia<\/strong>.<\/p>\n<p>&nbsp;<\/p>\n<p><strong>6 Febrero 2015<\/strong><\/p>\n<p><strong>Santo Domingo<\/strong>: Taller de Arte Down en la Exposici\u00f3n organizada por la\u00a0<strong>Corporaci\u00f3n Cultural de Santo Domingo<\/strong>.<\/p>\n<p>&nbsp;<\/p>\n<p><strong>5 Febrero 2015<\/strong><\/p>\n<p>Taller de Arte Down en\u00a0<strong>ONG Labsocial<\/strong>.<\/p>\n<p>&nbsp;<\/p>\n<p><strong>25 Enero 2015<\/strong><\/p>\n<p><strong>Santo Domingo<\/strong>:\u00a0<strong>Colegio People Help People<\/strong>, participaci\u00f3n de Arte Down en<strong>\u00a0Expo Arte 2015<\/strong><\/p>\n<p>&nbsp;<\/p>\n<p><strong>15 Enero 2015<\/strong><\/p>\n<p>Realizaci\u00f3n de mural en conjunto con la\u00a0<strong>Fundaci\u00f3n Ray\u00fbn Down<\/strong>.<\/p>\n<p>&nbsp;<\/p>\n<p><strong>15 Enero 2015<\/strong><\/p>\n<p><strong>Cachagua<\/strong>: Arte Down presente en\u00a0<strong>Exposici\u00f3n Cachagua<\/strong>, con la Exposici\u00f3n \u201cMi Continente\u201d y Taller Inclusivo.<\/p>\n<p>&nbsp;<\/p>\n<p><strong>9 al 18 Enero 2015<\/strong><\/p>\n<p><strong>Zapallar<\/strong>: En el Sal\u00f3n Parroquial Santa Teresa de Jes\u00fas de Zapallar se inagur\u00f3 la Exposici\u00f3n del\u00a0<strong>Concurso Internacional \u201cMi Continente\u201d<\/strong>\u00a0llevado a cabo el a\u00f1o\u00a0<strong>2014<\/strong>, con mas de 100 obras.<\/p>\n<p>&nbsp;<\/p>\n<p><strong>8 Enero 2015<\/strong><\/p>\n<p><strong>Panguipulli: Exposici\u00f3n del Concurso de Pintura \u201cMi Mundo\u201d\u00a0<\/strong>que fue llevada a cabo el a\u00f1o 2012 con mas de 50 obras, en la Galer\u00eda de la Casona Cultural de Panguipulli entre el 9 y el 18 de enero 2015.\n<\/div>\n<\/div>\n<\/div><\/div><\/div><\/div><\/div>","protected":false},"excerpt":{"rendered":"<p>29 de Diciembre Exposici\u00f3n y premiaci\u00f3n del\u00a04to Concurso de Arte Down \u00abMis Sue\u00f1os\u00bb,\u00a0Campus Casona Las Condes Universidad Andr\u00e9s Bello. &nbsp; 17 de Diciembre 2015 Inauguraci\u00f3n \u00a0exposici\u00f3n colectiva de grabados de Arte Down \u00abIdeas en Color\u00bb\u00a0en Galer\u00eda ArtLabb\u00e9. &nbsp; Diciembre 2015 Chill\u00e1n: Inauguraci\u00f3n de\u00a0exposici\u00f3n de las colecciones\u00a0Mi Mundo\u00a0y\u00a0Mi Pa\u00eds\u00a0en la\u00a0Escuela Art\u00edstica de Chill\u00e1n. Asistencia: 50 personas. &hellip;<\/p>\n<p class=\"read-more\"> <a class=\"\" href=\"https:\/\/www.artedown.cl\/nueva-pagina\/eventos-2015\/\"> <span class=\"screen-reader-text\">Eventos 2015<\/span> Read More &raquo;<\/a><\/p>\n","protected":false},"author":1,"featured_media":0,"parent":0,"menu_order":0,"comment_status":"closed","ping_status":"closed","template":"template\/page\/fullwidth.php","meta":{"bgseo_title":"","bgseo_description":"","bgseo_robots_index":"index","bgseo_robots_follow":"follow","footnotes":""},"class_list":["post-565","page","type-page","status-publish","hentry"],"_links":{"self":[{"href":"https:\/\/www.artedown.cl\/nueva-pagina\/wp-json\/wp\/v2\/pages\/565","targetHints":{"allow":["GET"]}}],"collection":[{"href":"https:\/\/www.artedown.cl\/nueva-pagina\/wp-json\/wp\/v2\/pages"}],"about":[{"href":"https:\/\/www.artedown.cl\/nueva-pagina\/wp-json\/wp\/v2\/types\/page"}],"author":[{"embeddable":true,"href":"https:\/\/www.artedown.cl\/nueva-pagina\/wp-json\/wp\/v2\/users\/1"}],"replies":[{"embeddable":true,"href":"https:\/\/www.artedown.cl\/nueva-pagina\/wp-json\/wp\/v2\/comments?post=565"}],"version-history":[{"count":3,"href":"https:\/\/www.artedown.cl\/nueva-pagina\/wp-json\/wp\/v2\/pages\/565\/revisions"}],"predecessor-version":[{"id":623,"href":"https:\/\/www.artedown.cl\/nueva-pagina\/wp-json\/wp\/v2\/pages\/565\/revisions\/623"}],"wp:attachment":[{"href":"https:\/\/www.artedown.cl\/nueva-pagina\/wp-json\/wp\/v2\/media?parent=565"}],"curies":[{"name":"wp","href":"https:\/\/api.w.org\/{rel}","templated":true}]}}