{"id":567,"date":"2020-06-25T23:44:21","date_gmt":"2020-06-25T23:44:21","guid":{"rendered":"https:\/\/www.artedown.cl\/nueva-pagina\/?page_id=567"},"modified":"2020-06-30T22:47:28","modified_gmt":"2020-06-30T22:47:28","slug":"eventos-2016","status":"publish","type":"page","link":"https:\/\/www.artedown.cl\/nueva-pagina\/eventos-2016\/","title":{"rendered":"Eventos 2016"},"content":{"rendered":"<div id=\"pl-567\"  class=\"panel-layout\" ><div id=\"pg-567-0\"  class=\"panel-grid panel-no-style\" ><div id=\"pgc-567-0-0\"  class=\"panel-grid-cell\" ><div id=\"panel-567-0-0-0\" class=\"so-panel widget widget_sow-editor panel-first-child panel-last-child\" data-index=\"0\" ><div\n\t\t\t\n\t\t\tclass=\"so-widget-sow-editor so-widget-sow-editor-base\"\n\t\t\t\n\t\t>\n<div class=\"siteorigin-widget-tinymce textwidget\">\n\t<div class=\"container\">\n<h4>Exposici\u00f3n \u201cIdeas en Color\u201d<\/h4>\n<p><u>Cu\u00e1ndo<\/u>: enero 2016<\/p>\n<p><u>D\u00f3nde<\/u>: Sal\u00f3n Parroquial Santa Teresa de Jes\u00fas \u2013 Zapallar<\/p>\n<p><u>Qu\u00e9<\/u>: Exposici\u00f3n grabados<\/p>\n<p><u>Alcance<\/u>: 5000 personas<\/p>\n<p>&nbsp;<\/p>\n<h4>Expo Cachagua<\/h4>\n<p><u>Cu\u00e1ndo<\/u>: enero 2016<\/p>\n<p><u>D\u00f3nde<\/u>: Cachagua<\/p>\n<p><u>Qu\u00e9<\/u>: Stand y taller inclusivo pintada maniqu\u00edes<\/p>\n<p><u>Alcance<\/u>: 10000 personas<\/p>\n<p>&nbsp;<\/p>\n<h4>Exposici\u00f3n arte Cin\u00e9tico y Geom\u00e9trico<\/h4>\n<p><u>Cu\u00e1ndo<\/u>: enero 2016<\/p>\n<p><u>D\u00f3nde<\/u>: Espacio Arte Ojo Rojo \u2013 Vitacura<\/p>\n<p><u>Qu\u00e9<\/u>: Visita guiada y taller inclusivo realizaci\u00f3n de cuadros.<\/p>\n<p><u>Alcance<\/u>: 50 personas<\/p>\n<p>&nbsp;<\/p>\n<h4>Expo Santo Domingo<\/h4>\n<p><u>Cu\u00e1ndo<\/u>: enero y febrero 2016<\/p>\n<p><u>D\u00f3nde<\/u>: Colegio People Help People<\/p>\n<p><u>Qu\u00e9<\/u>: Exposici\u00f3n colecci\u00f3n \u201cMis Sue\u00f1os\u201d, grabados y libro Arte Down.<\/p>\n<p><u>Alcance<\/u>: 6000 personas<\/p>\n<p>&nbsp;<\/p>\n<h4>Exposici\u00f3n Mi Continente<\/h4>\n<p>Cu\u00e1ndo: marzo y mayo 2016<\/p>\n<p>D\u00f3nde: Centro Cultural \u2013 Puerto Varas<\/p>\n<p>Qu\u00e9: Exposici\u00f3n obras \u201c Mi Continente\u201d<\/p>\n<p>Alcance: 1000 personas<\/p>\n<p>&nbsp;<\/p>\n<h4>D\u00eda internacional del S\u00edndrome de Down<\/h4>\n<p><u>Cu\u00e1ndo<\/u>: marzo 2016<\/p>\n<p><u>D\u00f3nde<\/u>: Maip\u00fa<\/p>\n<p><u>Qu\u00e9<\/u>: Marcha junto con Fundaci\u00f3n Down Arco Iris y actividades inclusivas<\/p>\n<p><u>Alcance<\/u>: 1000 personas<\/p>\n<p>&nbsp;<\/p>\n<h4>Exposici\u00f3n Grabados Oceans World Exhibition<\/h4>\n<p><u>Cu\u00e1ndo<\/u>: abril 2016<\/p>\n<p><u>D\u00f3nde<\/u>: Mall Plaza Vespucio<\/p>\n<p><u>Qu\u00e9<\/u>: Stand y exposci\u00f3n grabados y muestra de libro Arte Down<\/p>\n<p><u>Alcance<\/u>: 100 personas<\/p>\n<p>&nbsp;<\/p>\n<h4>Exposici\u00f3n Mis Sue\u00f1os<\/h4>\n<p><u>Cu\u00e1ndo<\/u>: abril 2016<\/p>\n<p><u>D\u00f3nde<\/u>: Centro Cultural \u2013 Casablanca<\/p>\n<p><u>Qu\u00e9<\/u>: Exposici\u00f3n cuadros de Chile, Per\u00fa y M\u00e9xico y taller inclusivo pintada maniqu\u00edes<\/p>\n<p><u>Alcance<\/u>: 1000 personas<\/p>\n<p>&nbsp;<\/p>\n<h4>Exposici\u00f3n El Alma de Chile<\/h4>\n<p><u>Cu\u00e1ndo<\/u>: mayo 2016<\/p>\n<p><u>D\u00f3nde<\/u>: C\u00e1mara de Diputados de Chile \u2013 Valpara\u00edso<\/p>\n<p><u>Qu\u00e9<\/u>: Exposici\u00f3n obras de distintas colecciones y taller inclusivo pintada de maniqu\u00edes<\/p>\n<p><u>Alcance<\/u>: 100 personas.<\/p>\n<p>&nbsp;<\/p>\n<h4>Taller inclusivo con Recycl\u00e1polis<\/h4>\n<p><u>Cu\u00e1ndo<\/u>: mayo 2016<\/p>\n<p><u>D\u00f3nde<\/u>: La Moneda \u2013 Santiago Centro<\/p>\n<p><u>Qu\u00e9<\/u>: Taller inclusivo pintada de contenedores<\/p>\n<p><u>Alcance<\/u>: 100 personas<\/p>\n<p>&nbsp;<\/p>\n<h4>Activaci\u00f3n ArteDown Puerto Montt<\/h4>\n<p><u>Cu\u00e1ndo:<\/u>\u00a0mayo 2016<\/p>\n<p><u>D\u00f3nde:<\/u>\u00a0Caja Los Andes \u2013 Puerto Montt<\/p>\n<p><u>Qu\u00e9:\u00a0<\/u>Exposici\u00f3n, premiaci\u00f3n y taller inclusivo<\/p>\n<p><u>Alcance:<\/u>\u00a0100 personas<\/p>\n<p>&nbsp;<\/p>\n<h4>Taller Inclusivo Centro Dalegr\u00eda<\/h4>\n<p><u>Cu\u00e1ndo<\/u>: julio 2016<\/p>\n<p><u>D\u00f3nde<\/u>: Centro Dalegr\u00eda Hospital Naval \u2013 Valpara\u00edso<\/p>\n<p><u>Qu\u00e9<\/u>: Exposici\u00f3n obras y actividades con los ni\u00f1os<\/p>\n<p><u>Alcance<\/u>: 20 personas<\/p>\n<p>&nbsp;<\/p>\n<h4>Lanzamiento 5\u00ba Concurso Los Animales<\/h4>\n<p><u>Cu\u00e1ndo<\/u>: agosto 2016<\/p>\n<p><u>D\u00f3nde<\/u>: Caja Los Andes \u2013 Santiago<\/p>\n<p><u>Qu\u00e9<\/u>: Exposici\u00f3n Mis Sue\u00f1os y Lanzamiento Los Animales<\/p>\n<p><u>Alcance<\/u>: 150 personas<\/p>\n<p>&nbsp;<\/p>\n<h4>Arte Down en Valdivia<\/h4>\n<p><u>Cu\u00e1ndo<\/u>: agosto 2016<\/p>\n<p><u>D\u00f3nde<\/u>: Caja Los Andes \u2013 Valdivia<\/p>\n<p><u>Qu\u00e9<\/u>: Exposici\u00f3n Mi Pa\u00eds, Taller inclusivo y Lanzamiento 5\u00ba concurso \u201cLos Animales\u201d<\/p>\n<p><u>Alcance<\/u>: 50 personas<\/p>\n<p>&nbsp;<\/p>\n<h4>Taller inclusivo Arte Down \/ Tick Office<\/h4>\n<p><u>Cu\u00e1ndo<\/u>: agosto 2016<\/p>\n<p><u>D\u00f3nde<\/u>: Oficina Arte Down<\/p>\n<p><u>Qu\u00e9<\/u>: Taller pintura (Los Animales)<\/p>\n<p><u>Alcance<\/u>: 25 personas<\/p>\n<p>&nbsp;<\/p>\n<h4>Arte Down \/ Punta Arenas<\/h4>\n<p><u>Cu\u00e1ndo<\/u>: septiembre 2016<\/p>\n<p><u>D\u00f3nde<\/u>: Caja Los Andes \u2013 Punta Arenas<\/p>\n<p><u>Qu\u00e9<\/u>: Exposici\u00f3n obras \u201c El Alma del Sur\u201d, Taller inclusivo y Lanzamiento 5\u00ba Concurso<\/p>\n<p><u>Alcance<\/u>: 30\u00a0personas<\/p>\n<p>&nbsp;<\/p>\n<h4>Arte Down \/ Valpara\u00edso<\/h4>\n<p><u>Cu\u00e1ndo<\/u>: septiembre 2016<\/p>\n<p><u>D\u00f3nde<\/u>: Caja Los Andes \u2013 Valparaiso<\/p>\n<p><u>Qu\u00e9<\/u>: Exposici\u00f3n Mi Continente y Lanzamiento 5\u00ba Concurso \u201cLos Animales\u201d<\/p>\n<p><u>Alcance<\/u>: 40\u00a0personas<\/p>\n<p>&nbsp;<\/p>\n<h4>Arte Down \/ Valpara\u00edso<\/h4>\n<p><u>Cu\u00e1ndo<\/u>: octubre 2016<\/p>\n<p><u>D\u00f3nde<\/u>: Caja Los Andes \u2013 Valpara\u00edso<\/p>\n<p><u>Qu\u00e9<\/u>: Exposici\u00f3n Mi Continente y Taller inclusivo<\/p>\n<p><u>Alcance<\/u>: 50\u00a0personas<\/p>\n<p>&nbsp;<\/p>\n<h4>Arte Down \/ Copiap\u00f3<\/h4>\n<p><u>Cu\u00e1ndo<\/u>: octubre 2016<\/p>\n<p><u>D\u00f3nde<\/u>: Caja Los Andes \u2013 Copiap\u00f3<\/p>\n<p><u>Qu\u00e9<\/u>: Exposici\u00f3n Mi Pa\u00eds y Taller inclusivo, Lanzamiento 5\u00ba Concurso \u201cLos Animales\u201d<\/p>\n<p><u>Alcance<\/u>: 40\u00a0personas<\/p>\n<p>&nbsp;<\/p>\n<h4>Arte Down actividad en Latam \/ Santiago<\/h4>\n<p><u>Cu\u00e1ndo<\/u>: octubre 2016<\/p>\n<p><u>D\u00f3nde<\/u>: Latam Quilicura \u2013 Santiago<\/p>\n<p><u>Qu\u00e9<\/u>: Actividad Siembra Luz, visita base y Taller inclusivo<\/p>\n<p><u>Alcance<\/u>: 20\u00a0personas<\/p>\n<p>&nbsp;<\/p>\n<h4>Un d\u00eda en Latam \/ Concepci\u00f3n<\/h4>\n<p><u>Cu\u00e1ndo<\/u>: noviembre 2016<\/p>\n<p><u>D\u00f3nde<\/u>: Latam \u2013 Asociaci\u00f3n Concepci\u00f3n<\/p>\n<p><u>Qu\u00e9<\/u>: \u201cUn d\u00eda en Latam\u201d, visita base y Taller inclusivo<\/p>\n<p><u>Alcance<\/u>: 30\u00a0personas<\/p>\n<p>&nbsp;<\/p>\n<h4>Arte Down \/ Puerto Natales<\/h4>\n<p><u>Cu\u00e1ndo<\/u>: noviembre 2016<\/p>\n<p><u>D\u00f3nde<\/u>: Hotel Llanuras de Diana<\/p>\n<p><u>Qu\u00e9<\/u>: Inauguraci\u00f3n \u2013 Actividad con hormas<\/p>\n<p><u>Alcance<\/u>: 80\u00a0personas<\/p>\n<p>&nbsp;<\/p>\n<h4>Arte Down Pintura Mural en Artequin \/ Santiago<\/h4>\n<p><u>Cu\u00e1ndo<\/u>: noviembre 2016<\/p>\n<p><u>D\u00f3nde<\/u>: Museo Artequin<\/p>\n<p><u>Qu\u00e9<\/u>: Taller inclusivo \u2013 Pintura de mural<\/p>\n<p><u>Alcance<\/u>: 20\u00a0personas<\/p>\n<p>&nbsp;<\/p>\n<h4>Exposici\u00f3n Semana de la Inclusi\u00f3n USS \/ Santiago<\/h4>\n<p><u>Cu\u00e1ndo<\/u>: noviembre 2016<\/p>\n<p><u>D\u00f3nde<\/u>: Universidad San Sebasti\u00e1n<\/p>\n<p><u>Qu\u00e9<\/u>: Exposici\u00f3n obras tem\u00e1ticas del movimiento<\/p>\n<p><u>Alcance<\/u>: 200\u00a0personas<\/p>\n<p>&nbsp;<\/p>\n<h4>Exposici\u00f3n Maniqu\u00edes \/ La Reina<\/h4>\n<p><u>Cu\u00e1ndo<\/u>: noviembre 2016<\/p>\n<p><u>D\u00f3nde<\/u>: Corporaci\u00f3n Cultural de La Reina<\/p>\n<p><u>Qu\u00e9<\/u>: Stand informativo en espect\u00e1culo de Danza \u00c1rabe con apoyo de maniqu\u00edes<\/p>\n<p><u>Alcance<\/u>: 60\u00a0personas<\/p>\n<p>&nbsp;<\/p>\n<h4>Colores de Vida Arte Down en Per\u00fa<\/h4>\n<p><u>Cu\u00e1ndo<\/u>: diciembre 2016<\/p>\n<p><u>D\u00f3nde<\/u>: Ministerio de Cultura \u2013 Lima<\/p>\n<p><u>Qu\u00e9<\/u>: Exposici\u00f3n Mis Sue\u00f1os, Mi Continente, Lanzamiento 5\u00ba Concurso Los Animales<\/p>\n<p><u>Alcance<\/u>: 200 personas<\/p>\n<p>&nbsp;<\/p>\n<h4>Arte Down \/ Santiago<\/h4>\n<p><u>Cu\u00e1ndo<\/u>: diciembre 2016<\/p>\n<p><u>D\u00f3nde<\/u>: Hotel ATTON con apoyo de Tata Consultancy Services<\/p>\n<p><u>Qu\u00e9<\/u>: Taller inclusivo pintando hormas<\/p>\n<p><u>Alcance<\/u>: 37 personas<\/p>\n<\/div>\n<\/div>\n<\/div><\/div><\/div><\/div><\/div>","protected":false},"excerpt":{"rendered":"<p>Exposici\u00f3n \u201cIdeas en Color\u201d Cu\u00e1ndo: enero 2016 D\u00f3nde: Sal\u00f3n Parroquial Santa Teresa de Jes\u00fas \u2013 Zapallar Qu\u00e9: Exposici\u00f3n grabados Alcance: 5000 personas &nbsp; Expo Cachagua Cu\u00e1ndo: enero 2016 D\u00f3nde: Cachagua Qu\u00e9: Stand y taller inclusivo pintada maniqu\u00edes Alcance: 10000 personas &nbsp; Exposici\u00f3n arte Cin\u00e9tico y Geom\u00e9trico Cu\u00e1ndo: enero 2016 D\u00f3nde: Espacio Arte Ojo Rojo \u2013 &hellip;<\/p>\n<p class=\"read-more\"> <a class=\"\" href=\"https:\/\/www.artedown.cl\/nueva-pagina\/eventos-2016\/\"> <span class=\"screen-reader-text\">Eventos 2016<\/span> Read More &raquo;<\/a><\/p>\n","protected":false},"author":1,"featured_media":0,"parent":0,"menu_order":0,"comment_status":"closed","ping_status":"closed","template":"template\/page\/fullwidth.php","meta":{"bgseo_title":"","bgseo_description":"","bgseo_robots_index":"index","bgseo_robots_follow":"follow","footnotes":""},"class_list":["post-567","page","type-page","status-publish","hentry"],"_links":{"self":[{"href":"https:\/\/www.artedown.cl\/nueva-pagina\/wp-json\/wp\/v2\/pages\/567","targetHints":{"allow":["GET"]}}],"collection":[{"href":"https:\/\/www.artedown.cl\/nueva-pagina\/wp-json\/wp\/v2\/pages"}],"about":[{"href":"https:\/\/www.artedown.cl\/nueva-pagina\/wp-json\/wp\/v2\/types\/page"}],"author":[{"embeddable":true,"href":"https:\/\/www.artedown.cl\/nueva-pagina\/wp-json\/wp\/v2\/users\/1"}],"replies":[{"embeddable":true,"href":"https:\/\/www.artedown.cl\/nueva-pagina\/wp-json\/wp\/v2\/comments?post=567"}],"version-history":[{"count":3,"href":"https:\/\/www.artedown.cl\/nueva-pagina\/wp-json\/wp\/v2\/pages\/567\/revisions"}],"predecessor-version":[{"id":624,"href":"https:\/\/www.artedown.cl\/nueva-pagina\/wp-json\/wp\/v2\/pages\/567\/revisions\/624"}],"wp:attachment":[{"href":"https:\/\/www.artedown.cl\/nueva-pagina\/wp-json\/wp\/v2\/media?parent=567"}],"curies":[{"name":"wp","href":"https:\/\/api.w.org\/{rel}","templated":true}]}}