{"id":571,"date":"2020-06-25T23:50:39","date_gmt":"2020-06-25T23:50:39","guid":{"rendered":"https:\/\/www.artedown.cl\/nueva-pagina\/?page_id=571"},"modified":"2020-06-30T22:48:10","modified_gmt":"2020-06-30T22:48:10","slug":"eventos-2017","status":"publish","type":"page","link":"https:\/\/www.artedown.cl\/nueva-pagina\/eventos-2017\/","title":{"rendered":"Eventos 2017"},"content":{"rendered":"<div id=\"pl-571\"  class=\"panel-layout\" ><div id=\"pg-571-0\"  class=\"panel-grid panel-no-style\" ><div id=\"pgc-571-0-0\"  class=\"panel-grid-cell\" ><div id=\"panel-571-0-0-0\" class=\"so-panel widget widget_sow-editor panel-first-child panel-last-child\" data-index=\"0\" ><div\n\t\t\t\n\t\t\tclass=\"so-widget-sow-editor so-widget-sow-editor-base\"\n\t\t\t\n\t\t>\n<div class=\"siteorigin-widget-tinymce textwidget\">\n\t<div class=\"container\">\n<h4>Exposici\u00f3n Los Animales en Zapallar (Colecci\u00f3n ArteDown 2016)<\/h4>\n<p>Cu\u00e1ndo: 29 de Enero a las 12:00 hrs.<\/p>\n<p>Hasta: La muestra se podr\u00e1 visitar hasta el 11 de Febrero.<\/p>\n<p>D\u00f3nde: Parroquia Santa Teresa de Jes\u00fas.<\/p>\n<p>Direcci\u00f3n: Calle Olegario Ovalle 458, Zapallar (Entrada frente a la plaza).<\/p>\n<p>Qu\u00e9: Exposici\u00f3n Los Animales (Colecci\u00f3n ArteDown 2016).<\/p>\n<h4><\/h4>\n<h4>Concurso Internacional de Arte Down \u00bb Los Animales\u00bb<\/h4>\n<p><u>Cu\u00e1ndo<\/u>:\u00a0Convocatoria Abierta hasta el 15 de Febrero<\/p>\n<p><u>Qu\u00e9<\/u>:\u00a0Concurso Internacional de Arte Down \u00abLos Animales\u00bb<\/p>\n<p><u>Alcance<\/u>: Por determinar<\/p>\n<p>Nota: Evento en proceso, premiaci\u00f3n en marzo del 2017<\/p>\n<p>&nbsp;<\/p>\n<h4>Premiaci\u00f3n Concurso Internacional de Arte Down \u00bb Los Animales\u00bb<\/h4>\n<p><u>Cu\u00e1ndo<\/u>:\u00a023 de Marzo<\/p>\n<p>Horario: 16:00hrs \u2013 20:00hrs<\/p>\n<p><u>D\u00f3nde<\/u>:\u00a0Auditorio Registro Civil.<\/p>\n<p><u>Direcci\u00f3n<\/u>: Catedral 1772 Santiago Centro.<\/p>\n<p><u>Qu\u00e9<\/u>: Exposici\u00f3n, Taller y Premiaci\u00f3n Obras\u00a0Los Animales.<\/p>\n<p><u>Alcance<\/u>: Por determinar.<\/p>\n<p>&nbsp;<\/p>\n<h4>Participaci\u00f3n en la Caminata por el D\u00eda Internacional del S\u00edndrome de Down<\/h4>\n<p><u>Cu\u00e1ndo<\/u>:\u00a021 de Marzo<\/p>\n<p>Horario: Hora de comienzo 19:00hrs<\/p>\n<p><u>D\u00f3nde<\/u>:\u00a0Estadio Santiago Bueras, Maip\u00fa.<\/p>\n<p>Direcci\u00f3n:\u00a0Estadio Stgo. Bueras , llegando a la Plaza Mayor , donde se realizar\u00e1 un show , para todo tipo de p\u00fablico.<\/p>\n<p><u>Qu\u00e9<\/u>: Participaci\u00f3n con un stand y taller de pintura inclusivo en la caminata que se celebrar\u00e1 con motivo del D\u00eda Internacional del S\u00edndrome de Down en Santiago, organizado por la agrupaci\u00f3n down Arcoiris y el apoyo de la alcaldesa\u00a0Catty Barriga y la Oficina de la Discapacidad.<\/p>\n<p><u>Alcance<\/u>: Por determinar.<\/p>\n<p>&nbsp;<\/p>\n<h4>Un d\u00eda en Latam<\/h4>\n<p><u>Cu\u00e1ndo<\/u>: 27\u00a0de Abril<\/p>\n<p><u>D\u00f3nde<\/u>: Latam Quilicura \u2013 Santiago.<\/p>\n<p><u>Qu\u00e9<\/u>: Actividad visita base y taller inclusivo.<\/p>\n<p>&nbsp;<\/p>\n<h4>Encuentro Inclusivo en la Municipalidad de Casablanca<\/h4>\n<p><u>Cu\u00e1ndo<\/u>:\u00a06 de Abril<\/p>\n<p><u>D\u00f3nde<\/u>: Centro Cultural Municipalidad de Casablanca.<\/p>\n<p><u>Direcci\u00f3n<\/u>: Calle Portales 02, Casablanca.<\/p>\n<p><u>Qu\u00e9<\/u>:\u00a0Taller Inclusivo Pintura de Hormas,\u00a0Inauguraci\u00f3n Exposici\u00f3n \u00abEl Arte de Incluir\u00bb,\u00a0Talleres y Charla \u00abEl Desaf\u00edo de la Inclusi\u00f3n\u00bb (Sus Tendencias e Innovaciones) y\u00a0Premiaci\u00f3n Concurso de Pintura Escuela Especial Humberto Moath.<\/p>\n<p>&nbsp;<\/p>\n<h4>Stand Arte Down \/ La Dehesa<\/h4>\n<p><u>Cu\u00e1ndo<\/u>: 1\u00a0de Abril<\/p>\n<p><u>Horario<\/u>: 11:00hrs \u2013 21:00hrs<\/p>\n<p><u>D\u00f3nde<\/u>:\u00a0Mall Vivo Los Trapenses, La Dehesa.<\/p>\n<p><u>Qu\u00e9<\/u>: Stand ArteDown en Mall Vivo Los Trapenses.<\/p>\n<p>&nbsp;<\/p>\n<h4>Festival Talentoso<\/h4>\n<p><u>Cu\u00e1ndo<\/u>: 20\u00a0de\u00a0Mayo<\/p>\n<p><u>D\u00f3nde<\/u>: Colegio Santo Domingo PPDD, Santiago.<\/p>\n<p><u>Qu\u00e9<\/u>: Festival solidario de talentos, con la animaci\u00f3n de Karol Lucero y shows de\u00a0Jorge Alis y Rodrigo Villegas.\u00a0Agradecemos a la producci\u00f3n del Festival Talentoso por esta hermosa iniciativa que este a\u00f1o se realiz\u00f3 en beneficio de Arte Down.<\/p>\n<p>&nbsp;<\/p>\n<h4>Encuentro de Inclusi\u00f3n (ENIC) y Arte Down en Talca y Curic\u00f3<\/h4>\n<p><u>Cu\u00e1ndo<\/u>: 9 y 11\u00a0de\u00a0Mayo<\/p>\n<p><u>D\u00f3nde<\/u>: Oficina Caja los Andes Talca y Tienda Tick Office Curic\u00f3.<\/p>\n<p><u>Qu\u00e9<\/u>: En Talca; exposici\u00f3n \u00abEl Arte de Incluir\u00bb, presentaci\u00f3n art\u00edstica y taller de pintura de hormas de zapatos y en Curic\u00f3; taller de motricidad\u00a0art\u00edstica: postura de l\u00e1piz y pinza.<\/p>\n<p>&nbsp;<\/p>\n<h4>Staff inclusivo backstage en concierto de Evanescence y muestra de ArteDown.<\/h4>\n<p><u>Cu\u00e1ndo<\/u>:\u00a04 de Mayo<\/p>\n<p><u>D\u00f3nde<\/u>:\u00a0Movistar Arena, Santiago.<\/p>\n<p><u>Qu\u00e9<\/u>:\u00a0Staff inclusivo backstage en concierto de Evanescence y una muestra de obras de Arte Down.<\/p>\n<p><u>Auspiciador<\/u>: F\u00e9nix Entertainment.<\/p>\n<p>&nbsp;<\/p>\n<p><strong>Encuentro de Inclusi\u00f3n (ENIC) y Arte Down Rancagua<\/strong><\/p>\n<p><u>Cu\u00e1ndo<\/u>: 22 junio<\/p>\n<p><u>D\u00f3nde<\/u>: Oficina Caja los Andes Rancagua.<\/p>\n<p><u>Qu\u00e9<\/u>: Exposici\u00f3n \u201cEl Arte de Incluir\u201d y taller de pintura de hormas de zapatos.<\/p>\n<p>&nbsp;<\/p>\n<p><strong>Encuentro de Inclusi\u00f3n (ENIC) y Arte Down Vi\u00f1a del Mar<\/strong><\/p>\n<p>Cu\u00e1ndo: 13 julio<\/p>\n<p>D\u00f3nde: Oficina Caja los Andes Vi\u00f1a del Mar<\/p>\n<p>Qu\u00e9: Exposici\u00f3n completa \u201cEl Arte de Incluir\u201d y taller de pintura de hormas de zapatos.<\/p>\n<p>&nbsp;<\/p>\n<p><strong>Encuentro de Inclusi\u00f3n (ENIC) y Arte Down La Serena<\/strong><\/p>\n<p>Cu\u00e1ndo: 22 Agosto<\/p>\n<p>D\u00f3nde: Oficina Caja los Andes La Serena<\/p>\n<p>Qu\u00e9: Exposici\u00f3n \u201cEl Arte de Incluir\u201d y taller inclusivo.<\/p>\n<p>&nbsp;<\/p>\n<p><strong>Encuentro de Inclusi\u00f3n (ENIC) y Arte Down Iquique<\/strong><\/p>\n<p>Cu\u00e1ndo: 14 de septiembre<\/p>\n<p>D\u00f3nde: Oficina Caja los Andes Iquique<\/p>\n<p>Direcci\u00f3n: Patricio Lynch 1442<\/p>\n<p>Qu\u00e9: Exposici\u00f3n completo \u201cEl Arte de Incluir\u201d y taller inclusivo.<\/p>\n<p>Horario: A partir de las 17:00 hrs<\/p>\n<p>&nbsp;<\/p>\n<p><strong>Encuentro de Inclusi\u00f3n (ENIC) y Arte Down Arica<\/strong><\/p>\n<p>Cu\u00e1ndo: 12 septiembre<\/p>\n<p>D\u00f3nde: Oficina Caja los Andes Arica<\/p>\n<p>Direcci\u00f3n: San Marcos 121<\/p>\n<p>Qu\u00e9: Exposici\u00f3n \u201cEl Arte de Incluir\u201d y taller inclusivo.<\/p>\n<p>Horario: A partir de las 17:00 hrs<\/p>\n<p>&nbsp;<\/p>\n<p><strong>Encuentro de Inclusi\u00f3n (ENIC) y Arte Down con Mapfre<\/strong><\/p>\n<p>Cu\u00e1ndo: 06 octubre<\/p>\n<p>D\u00f3nde: Oficina Mapfre Santiago<\/p>\n<p>Direcci\u00f3n: Isidora Goyenechea 3520<\/p>\n<p>Qu\u00e9: Charlas y taller de pintura y m\u00fasica.<\/p>\n<p>&nbsp;<\/p>\n<p><strong>Encuentro de Inclusi\u00f3n (ENIC) y Arte Down Rancagua<\/strong><\/p>\n<p>Cu\u00e1ndo: 25 noviembre<\/p>\n<p>D\u00f3nde: Estadio Marista Instituto O\u2019Higgins, Machal\u00ed, Rancagua.<\/p>\n<p>Direcci\u00f3n: Av. San Juan con Calle Estadio Marista.<\/p>\n<p>Qu\u00e9: Paneles con destacados invitados, talleres para toda la familia, presentaciones art\u00edsticas, testimonios, stands de emprendedores y fundaciones y una feria laboral para personas en situaci\u00f3n de discapacidad.<\/p>\n<p>Horario: 11:00 a 19:00 hrs.<\/p>\n<p>&nbsp;<\/p>\n<p><strong>Encuentro de Inclusi\u00f3n (ENIC) y Arte Down Santiago<\/strong><\/p>\n<p>Cu\u00e1ndo: 15 noviembre<\/p>\n<p>D\u00f3nde: Oficina Caja los Andes Santiago<\/p>\n<p>Direcci\u00f3n: General Calder\u00f3n 131, Metro Manuel Montt, Providencia.<\/p>\n<p>Qu\u00e9: Exposici\u00f3n completa \u201cEl Arte de Incluir\u201d<br \/>\nm\u00e1s 12 cuadros adicionales, taller de pinturas en horma de zapatos, Taller pinta Tick Tiger, conversatorio sobre inclusi\u00f3n, coffe break.<\/p>\n<p>Horario: a partir de las 11:00 hrs.<\/p>\n<p>&nbsp;<\/p>\n<p><strong>Encuentro de Inclusi\u00f3n (ENIC) y Arte Down en Parque del Recuerdo<\/strong><\/p>\n<p>Cu\u00e1ndo: s\u00e1bado 4 de noviembre (fecha de actividad sujeta a condiciones clim\u00e1ticas)<\/p>\n<p>D\u00f3nde: Parque del Recuerdo Am\u00e9rico Vespucio<\/p>\n<p>Direcci\u00f3n: Av. Am\u00e9rico Vespucio 555, Huechuraba<\/p>\n<p>Qu\u00e9: Taller manualidades flores y taller\/concurso de arte obras colectivas, tour parque, premiaci\u00f3n y c\u00f3ctel.<\/p>\n<p>Horario: A partir de las 10:30hrs.<\/p>\n<p>Inscripciones: hasta el martes 31 de octubre<\/p>\n<p>Contacto<strong>:\u00a0<\/strong>enic@labsocial.cl<\/p>\n<p>&nbsp;<\/p>\n<p><strong>Encuentro de Inclusi\u00f3n (ENIC) y Arte Down Per\u00fa<\/strong><\/p>\n<p>Cu\u00e1ndo: 1, 2 y 3 de diciembre<\/p>\n<p>D\u00f3nde: Lima<\/p>\n<p>Noviembre 2017<\/p>\n<p><strong>Encuentro Latinoamericano de Discapacidad, Educaci\u00f3n, Cultura y Responsabilidad Social<\/strong><\/p>\n<p>Cu\u00e1ndo: 1, 2 y 3 de diciembre.<\/p>\n<p>D\u00f3nde: Lima, Per\u00fa.<\/p>\n<p>Qu\u00e9: ONG LabSocial, a trav\u00e9s de Movimiento ArteDown, represent\u00f3 a Chile en el encuentro con una delegaci\u00f3n de 30 personas cercanas al movimiento. Los asistentes participaron en presentaciones art\u00edsticas, talleres y seminarios. Miembros de la delegaci\u00f3n realizaron shows musicales, dictaron charlas y se realiz\u00f3 una exposici\u00f3n de obras de ArteDown.\n<\/p><\/div>\n<\/div>\n<\/div><\/div><\/div><\/div><\/div>","protected":false},"excerpt":{"rendered":"<p>Exposici\u00f3n Los Animales en Zapallar (Colecci\u00f3n ArteDown 2016) Cu\u00e1ndo: 29 de Enero a las 12:00 hrs. Hasta: La muestra se podr\u00e1 visitar hasta el 11 de Febrero. D\u00f3nde: Parroquia Santa Teresa de Jes\u00fas. Direcci\u00f3n: Calle Olegario Ovalle 458, Zapallar (Entrada frente a la plaza). Qu\u00e9: Exposici\u00f3n Los Animales (Colecci\u00f3n ArteDown 2016). Concurso Internacional de Arte &hellip;<\/p>\n<p class=\"read-more\"> <a class=\"\" href=\"https:\/\/www.artedown.cl\/nueva-pagina\/eventos-2017\/\"> <span class=\"screen-reader-text\">Eventos 2017<\/span> Read More &raquo;<\/a><\/p>\n","protected":false},"author":1,"featured_media":0,"parent":0,"menu_order":0,"comment_status":"closed","ping_status":"closed","template":"template\/page\/fullwidth.php","meta":{"bgseo_title":"","bgseo_description":"","bgseo_robots_index":"index","bgseo_robots_follow":"follow","footnotes":""},"class_list":["post-571","page","type-page","status-publish","hentry"],"_links":{"self":[{"href":"https:\/\/www.artedown.cl\/nueva-pagina\/wp-json\/wp\/v2\/pages\/571","targetHints":{"allow":["GET"]}}],"collection":[{"href":"https:\/\/www.artedown.cl\/nueva-pagina\/wp-json\/wp\/v2\/pages"}],"about":[{"href":"https:\/\/www.artedown.cl\/nueva-pagina\/wp-json\/wp\/v2\/types\/page"}],"author":[{"embeddable":true,"href":"https:\/\/www.artedown.cl\/nueva-pagina\/wp-json\/wp\/v2\/users\/1"}],"replies":[{"embeddable":true,"href":"https:\/\/www.artedown.cl\/nueva-pagina\/wp-json\/wp\/v2\/comments?post=571"}],"version-history":[{"count":2,"href":"https:\/\/www.artedown.cl\/nueva-pagina\/wp-json\/wp\/v2\/pages\/571\/revisions"}],"predecessor-version":[{"id":625,"href":"https:\/\/www.artedown.cl\/nueva-pagina\/wp-json\/wp\/v2\/pages\/571\/revisions\/625"}],"wp:attachment":[{"href":"https:\/\/www.artedown.cl\/nueva-pagina\/wp-json\/wp\/v2\/media?parent=571"}],"curies":[{"name":"wp","href":"https:\/\/api.w.org\/{rel}","templated":true}]}}