{"id":573,"date":"2020-06-25T23:52:38","date_gmt":"2020-06-25T23:52:38","guid":{"rendered":"https:\/\/www.artedown.cl\/nueva-pagina\/?page_id=573"},"modified":"2020-06-30T22:49:05","modified_gmt":"2020-06-30T22:49:05","slug":"eventos-2018","status":"publish","type":"page","link":"https:\/\/www.artedown.cl\/nueva-pagina\/eventos-2018\/","title":{"rendered":"Eventos 2018"},"content":{"rendered":"<div id=\"pl-573\"  class=\"panel-layout\" ><div id=\"pg-573-0\"  class=\"panel-grid panel-no-style\" ><div id=\"pgc-573-0-0\"  class=\"panel-grid-cell\" ><div id=\"panel-573-0-0-0\" class=\"so-panel widget widget_sow-editor panel-first-child panel-last-child\" data-index=\"0\" ><div\n\t\t\t\n\t\t\tclass=\"so-widget-sow-editor so-widget-sow-editor-base\"\n\t\t\t\n\t\t>\n<div class=\"siteorigin-widget-tinymce textwidget\">\n\t<div class=\"container\">\n<strong>Backstage inclusivo en concierto de Ozuna<\/strong><\/p>\n<p>Cu\u00e1ndo: 21 de marzo.<\/p>\n<p>D\u00f3nde: Movistar Arena, Santiago.<\/p>\n<p>Qu\u00e9: exposici\u00f3n de colecci\u00f3n de cuadros ArteDown y conversatorio de artistas AD con banda del cantante Ozuna. Transmisi\u00f3n de video ArteDown antes del concierto.<\/p>\n<p>&nbsp;<\/p>\n<p><strong>Exposici\u00f3n en Parque del Recuerdo<\/strong><\/p>\n<p>Cu\u00e1ndo: abril a junio.<\/p>\n<p>D\u00f3nde: Parque del Recuerdo Cordillera y Am\u00e9rico Vespucio, Santiago.<\/p>\n<p>Qu\u00e9: exhibici\u00f3n de reproducciones de cuadros pintados durante noviembre en Primavera al Parque, concurso de pintura inclusivo realizado en Parque del Recuerdo.<\/p>\n<p><strong>Premiaci\u00f3n Concurso ArteDown 2017<\/strong><\/p>\n<p>Cu\u00e1ndo: 25 de abril.<\/p>\n<p>D\u00f3nde: Centro Cultural de Casablanca.<\/p>\n<p>Qu\u00e9: 250 personas asistieron al evento de premiaci\u00f3n del concurso \u201cMis Hobbies\u201d ArteDown. Se realizaron talleres de pintura y una clase masiva de zumba, adem\u00e1s de la ceremonia de reconocimiento a los ganadores.<\/p>\n<p><strong>Encuentro de Inclusi\u00f3n y Cultura en Calama<\/strong><\/p>\n<p>Cu\u00e1ndo: 23 de abril.<\/p>\n<p>D\u00f3nde: sucursal Caja Los Andes Calama.<\/p>\n<p>Qu\u00e9: actividad con colaboradores de Caja Los Andes e invitados de ArteDown. Se realiz\u00f3 un conversatorio sobre inclusi\u00f3n laboral, talleres de pintura y presentaciones de agrupaciones de baile pertenecientes a escuelas especiales locales.<\/p>\n<p><strong>Exposici\u00f3n en Mall Arauco Maip\u00fa<\/strong><\/p>\n<p>Cu\u00e1ndo: mes de abril.<\/p>\n<p>D\u00f3nde: Mall Arauco Maip\u00fa.<\/p>\n<p>Qu\u00e9: stand de venta de libro ArtEDown y exhibici\u00f3n de cuadros de la colecci\u00f3n general.<\/p>\n<p>&nbsp;<\/p>\n<p><strong>Paseo a BuinZoo<\/strong><\/p>\n<p>Cu\u00e1ndo: 26 de mayo.<\/p>\n<p>D\u00f3nde: BuinZoo.<\/p>\n<p>Qu\u00e9: 350 participantes de distintos proyectos de LabSocial como ArteDown y sus familias asistieron a una visita guiada al BuinZoo, gracias a una invitaci\u00f3n del zool\u00f3gico, donde se realizaron actividades para promover la inclusi\u00f3n.<\/p>\n<p><strong>Encuentro de Inclusi\u00f3n y Cultura en Ovalle<\/strong><br \/>\nCu\u00e1ndo: 24 de mayo.<\/p>\n<p>D\u00f3nde: sucursal Caja Los Andes Ovalle.<\/p>\n<p>Qu\u00e9: taller de zumba inclusivo, pintura, presentaci\u00f3n folcl\u00f3rica de agrupaci\u00f3n de adultos mayores y conversatorio sobre inclusi\u00f3n laboral.<\/p>\n<p><strong>Visita a LATAM<\/strong><\/p>\n<p>Cu\u00e1ndo: 22 de mayo.<\/p>\n<p>D\u00f3nde: base de mantenimiento LATAM, Santiago.<\/p>\n<p>Qu\u00e9: los ganadores del concurso ArteDown 2017 visitaron la base de mantenimiento de aviones de la l\u00ednea a\u00e9rea LATAM. En la actividad pudieron subirse a los aviones y aprender mas sobre el mundo aeron\u00e1utico.<\/p>\n<p><strong>Audiencia con Primera Dama Cecilia Morel<\/strong><\/p>\n<p>Cu\u00e1ndo: 18 de mayo.<\/p>\n<p>D\u00f3nde: Palacio de La Moneda, Santiago.<\/p>\n<p>Qu\u00e9: parte del equipo de LabSocial y artistas de Movimiento ArteDown se reunieron con la Primera Dama, Cecilia Morel, para presentarle los proyectos de la organizaci\u00f3n y explorar v\u00edas de colaboraci\u00f3n.<\/p>\n<p>&nbsp;<\/p>\n<p><strong>Exposici\u00f3n en Mall Curic\u00f3<\/strong><\/p>\n<p>Cu\u00e1ndo: mes de junio.<\/p>\n<p>D\u00f3nde: patio de comidas Mall Curic\u00f3.<\/p>\n<p>Qu\u00e9: cerca de 1.000 personas fueron espectadoras de la exposici\u00f3n de la Colecci\u00f3n Mis Hobbies de ArteDown.<\/p>\n<p>&nbsp;<\/p>\n<p><strong>Taller ecol\u00f3gico para ni\u00f1os<\/strong><\/p>\n<p>Cu\u00e1ndo: 23 y 25 de julio.<\/p>\n<p>D\u00f3nde: Casa Matriz Caja Los Andes, Santiago.<\/p>\n<p>Qu\u00e9: actividad de reutilizaci\u00f3n de botellas pl\u00e1sticas para convertirlas en alcanc\u00edas. El taller fue guiado por artistas de Movimiento ArteDown y participaron hijos de colaboradores de Caja Los Andes.<\/p>\n<p>&nbsp;<\/p>\n<p><strong>Murales ArteDown \u2013 Cencosud<\/strong><\/p>\n<p>Cu\u00e1ndo: 7 y 28 de septiembre.<\/p>\n<p>D\u00f3nde: Jard\u00edn Infantil Nuevo Amanecer, La Florida, y Colegio Especial Madre Tierra, Renca.<\/p>\n<p>Qu\u00e9: voluntarios de la empresa Cencosud participaron pintando murales en ambos recintos, acompa\u00f1ados de los ni\u00f1os y guiados por las destacadas artistas Margarita Garc\u00e9s y Bruna Truffa.<\/p>\n<p>&nbsp;<\/p>\n<p><strong>Encuentro de Inclusi\u00f3n y Cultura en Caja Los Andes<\/strong><\/p>\n<p>Cu\u00e1ndo: 23 de octubre.<\/p>\n<p>D\u00f3nde: Caja Los Andes sucursal San Miguel.<\/p>\n<p>Qu\u00e9: taller de pintura en tablas de madera y zumba inclusiva. Participaron colaboradores de Caja Los Andes, sus hijos e invitados de ArteDown. Al finalizar, se realiz\u00f3 un conversatorio sobre la inclusi\u00f3n.<\/p>\n<p>&nbsp;<\/p>\n<p><strong>Encuentro de Inclusi\u00f3n y Cultura en Caja Los Andes Santiago<\/strong><\/p>\n<p>Cu\u00e1ndo: 20 de noviembre.<\/p>\n<p>D\u00f3nde: Caja Los Andes Casa Matriz.<\/p>\n<p>Qu\u00e9: taller de pintura en tablas de madera y zumba inclusiva, guiada por un colaborador de ArteDown con S\u00edndrome de Down. Participaron colaboradores de Caja Los Andes, sus hijos e invitados de ArteDown. Al finalizar, se realiz\u00f3 un<br \/>\nconversatorio sobre la inclusi\u00f3n.<\/p>\n<p><strong>Encuentro de Inclusi\u00f3n y Cultura en Caja Los Andes Puerto Montt<\/strong><\/p>\n<p>Cu\u00e1ndo: 13 de noviembre.<\/p>\n<p>D\u00f3nde: Caja Los Andes sucursal Puerto Montt.<\/p>\n<p>Qu\u00e9: taller de pintura en tablas de madera y zumba inclusiva, guiada por un colaborador de ArteDown con S\u00edndrome de Down. Participaron colaboradores de Caja Los Andes, sus hijos e invitados de ArteDown. Al finalizar, se realiz\u00f3 un<br \/>\nconversatorio sobre la inclusi\u00f3n.<\/p>\n<p><strong>II Encuentro de Inclusi\u00f3n y Cultura en Parque del Recuerdo<\/strong><\/p>\n<p>Cu\u00e1ndo: 10 de noviembre.<\/p>\n<p>D\u00f3nde: Parque del Recuerdo Am\u00e9rico Vespucio, Santiago.<\/p>\n<p>Qu\u00e9: cerca de cien personas participaron en el evento, donde se pintaron bancas y barricas junto a ocho artistas padrinos de ArteDown.<\/p>\n<p><strong>Encuentro de Inclusi\u00f3n y Cultura en Caja Los Andes Santiago<\/strong><\/p>\n<p>Cu\u00e1ndo: 9 de noviembre.<\/p>\n<p>D\u00f3nde: Caja Los Andes sucursal Arturo Prat.<\/p>\n<p>Qu\u00e9: taller de pintura en tablas de madera y zumba inclusiva. Participaron colaboradores de Caja Los Andes, sus hijos e invitados de ArteDown. Al finalizar, se realiz\u00f3 un conversatorio sobre la inclusi\u00f3n.<\/p>\n<p>&nbsp;<\/p>\n<p><strong>Encuentro de Inclusi\u00f3n y Cultura en Caja Los Andes Punta Arenas<\/strong><\/p>\n<p>Cu\u00e1ndo: 12 de diciembre.<\/p>\n<p>D\u00f3nde: Caja Los Andes sucursal Puerto Montt.<\/p>\n<p>Qu\u00e9: taller de pintura en tablas de madera y zumba inclusiva. Participaron colaboradores de Caja Los Andes, sus hijos e invitados de ArteDown. Al finalizar, se realiz\u00f3 un conversatorio sobre la inclusi\u00f3n.<\/p>\n<p><strong>Exposici\u00f3n en metro Quinta Normal<\/strong><br \/>\nCu\u00e1ndo: 3 \u2013 10 de diciembre.<\/p>\n<p>D\u00f3nde: estaci\u00f3n de metro Quinta Normal.<\/p>\n<p>Qu\u00e9: exhibici\u00f3n de cuadros de la colecci\u00f3n general ArteDown.<\/p>\n<p><strong>Festival Internacional de Innovaci\u00f3n Social (fiiS)<\/strong><\/p>\n<p>Cu\u00e1ndo: 8 de diciembre.<\/p>\n<p>D\u00f3nde: Parque Araucano, Santiago.<\/p>\n<p>Qu\u00e9: stand ArteDown en secci\u00f3n infantil del festival, donde monitores pertenecientes a ArteDown realizaron talleres de manualidades a los ni\u00f1os asistentes.\n<\/p><\/div>\n<\/div>\n<\/div><\/div><\/div><\/div><\/div>","protected":false},"excerpt":{"rendered":"<p>Backstage inclusivo en concierto de Ozuna Cu\u00e1ndo: 21 de marzo. D\u00f3nde: Movistar Arena, Santiago. Qu\u00e9: exposici\u00f3n de colecci\u00f3n de cuadros ArteDown y conversatorio de artistas AD con banda del cantante Ozuna. Transmisi\u00f3n de video ArteDown antes del concierto. &nbsp; Exposici\u00f3n en Parque del Recuerdo Cu\u00e1ndo: abril a junio. D\u00f3nde: Parque del Recuerdo Cordillera y Am\u00e9rico &hellip;<\/p>\n<p class=\"read-more\"> <a class=\"\" href=\"https:\/\/www.artedown.cl\/nueva-pagina\/eventos-2018\/\"> <span class=\"screen-reader-text\">Eventos 2018<\/span> Read More &raquo;<\/a><\/p>\n","protected":false},"author":1,"featured_media":0,"parent":0,"menu_order":0,"comment_status":"closed","ping_status":"closed","template":"template\/page\/fullwidth.php","meta":{"bgseo_title":"","bgseo_description":"","bgseo_robots_index":"index","bgseo_robots_follow":"follow","footnotes":""},"class_list":["post-573","page","type-page","status-publish","hentry"],"_links":{"self":[{"href":"https:\/\/www.artedown.cl\/nueva-pagina\/wp-json\/wp\/v2\/pages\/573","targetHints":{"allow":["GET"]}}],"collection":[{"href":"https:\/\/www.artedown.cl\/nueva-pagina\/wp-json\/wp\/v2\/pages"}],"about":[{"href":"https:\/\/www.artedown.cl\/nueva-pagina\/wp-json\/wp\/v2\/types\/page"}],"author":[{"embeddable":true,"href":"https:\/\/www.artedown.cl\/nueva-pagina\/wp-json\/wp\/v2\/users\/1"}],"replies":[{"embeddable":true,"href":"https:\/\/www.artedown.cl\/nueva-pagina\/wp-json\/wp\/v2\/comments?post=573"}],"version-history":[{"count":2,"href":"https:\/\/www.artedown.cl\/nueva-pagina\/wp-json\/wp\/v2\/pages\/573\/revisions"}],"predecessor-version":[{"id":626,"href":"https:\/\/www.artedown.cl\/nueva-pagina\/wp-json\/wp\/v2\/pages\/573\/revisions\/626"}],"wp:attachment":[{"href":"https:\/\/www.artedown.cl\/nueva-pagina\/wp-json\/wp\/v2\/media?parent=573"}],"curies":[{"name":"wp","href":"https:\/\/api.w.org\/{rel}","templated":true}]}}