{"id":575,"date":"2020-06-25T23:54:20","date_gmt":"2020-06-25T23:54:20","guid":{"rendered":"https:\/\/www.artedown.cl\/nueva-pagina\/?page_id=575"},"modified":"2020-06-30T22:49:48","modified_gmt":"2020-06-30T22:49:48","slug":"eventos-2019","status":"publish","type":"page","link":"https:\/\/www.artedown.cl\/nueva-pagina\/eventos-2019\/","title":{"rendered":"Eventos 2019"},"content":{"rendered":"<div id=\"pl-575\"  class=\"panel-layout\" ><div id=\"pg-575-0\"  class=\"panel-grid panel-no-style\" ><div id=\"pgc-575-0-0\"  class=\"panel-grid-cell\" ><div id=\"panel-575-0-0-0\" class=\"so-panel widget widget_sow-editor panel-first-child panel-last-child\" data-index=\"0\" ><div\n\t\t\t\n\t\t\tclass=\"so-widget-sow-editor so-widget-sow-editor-base\"\n\t\t\t\n\t\t>\n<div class=\"siteorigin-widget-tinymce textwidget\">\n\t<div class=\"container\">\n<strong>Stand en Expo Cachagua<\/strong><\/p>\n<p>Cu\u00e1ndo: 17 \u2013 20 de enero.<\/p>\n<p>D\u00f3nde: Expo Cachagua, Zapallar.<\/p>\n<p>Qu\u00e9: stand de productos ArteDown y pintura en vivo de barricas, por parte de miembros de Movimiento ArteDown y los artistas.<\/p>\n<p><strong>Encuentro de Inclusi\u00f3n y Cultura en Caja Los Andes Santiago<\/strong><\/p>\n<p>Cu\u00e1ndo: 15 de enero.<\/p>\n<p>D\u00f3nde: Caja Los Andes sucursal Miraflores<\/p>\n<p>Qu\u00e9: taller de pintura en tablas de madera y zumba inclusiva, guiada por un colaborador de ArteDown con S\u00edndrome de Down. Participaron colaboradores de Caja Los Andes, sus hijos e invitados de ArteDown. Al finalizar, se realiz\u00f3 un<br \/>\nconversatorio sobre la inclusi\u00f3n.<\/p>\n<p>&nbsp;<\/p>\n<p><strong>Bazar Universidad Adolfo Ib\u00e1\u00f1ez<\/strong><\/p>\n<p>Cu\u00e1ndo: 8 y 10 de abril<\/p>\n<p>D\u00f3nde: Universidad Adolfo Ib\u00e1\u00f1ez<\/p>\n<p>Qu\u00e9: Stand de productos ArteDown y difusi\u00f3n de la fundaci\u00f3n.<\/p>\n<p><strong>Inauguraci\u00f3n Exposici\u00f3n \u201cMi Retrato\u201d Casablanca<\/strong><\/p>\n<p>Cu\u00e1ndo: 12 de abril<\/p>\n<p>D\u00f3nde: Centro Cultural Casablanca<\/p>\n<p>Qu\u00e9: Inauguraci\u00f3n de la exposici\u00f3n de la nueva colecci\u00f3n \u201cMi Retrato\u201d. Nos acompa\u00f1aron artistas, apoderados y alumnos. Se finaliz\u00f3 el d\u00eda con una zumba inclusiva.<\/p>\n<p><strong>Encuentro Evoluciona Preuniversitario Pedro de Valdivia<\/strong><\/p>\n<p>Cu\u00e1ndo: 23 de abril<\/p>\n<p>D\u00f3nde: Espacio Riesco<\/p>\n<p>Qu\u00e9: Exposici\u00f3n de cuadros ArteDown y stand para difusi\u00f3n<\/p>\n<p><strong>Feria M\u00e1s Deco<\/strong><\/p>\n<p>Cu\u00e1ndo: 25 al 28 de abril<\/p>\n<p>D\u00f3nde: Centro cultural Estaci\u00f3n Mapocho<\/p>\n<p>Qu\u00e9: Stand para difusi\u00f3n y venta de productos ArteDown<\/p>\n<p>&nbsp;<\/p>\n<p><strong>Premiaci\u00f3n Concurso ArteDown 2018<\/strong><\/p>\n<p>Cu\u00e1ndo: 3 de mayo<\/p>\n<p>D\u00f3nde: Centro Cultural Casablanca<\/p>\n<p>Qu\u00e9: 150 personas asistieron al evento de premiaci\u00f3n del concurso \u201cMi Retrato\u201d ArteDown. Se realizaron presentaciones art\u00edsticas, se reconocieron a los artistas ganadores y se finaliz\u00f3 el d\u00eda pintando 2 murales con nuestros artistas padrinos.<\/p>\n<p><strong>Stand ArteDown<\/strong><\/p>\n<p>Cu\u00e1ndo: 13 al 22 de mayo<\/p>\n<p>D\u00f3nde: Piso Dise\u00f1o Mall Parque Arauco<\/p>\n<p>Qu\u00e9: Difusi\u00f3n y venta de productos ArteDown. A la vez se expusieron los cuadros que obtuvieron lugares en el concurso \u201cMi Retrato\u201d.<\/p>\n<p>&nbsp;<\/p>\n<p><strong>Encuentro de Inclusi\u00f3n y cultura en Buenos Aires, Argentina<\/strong><\/p>\n<p>Cu\u00e1ndo: 4 al 8 de junio<\/p>\n<p>D\u00f3nde: Centro Cultural MATTA, Embajada de Chile en Argentina<\/p>\n<p>Qu\u00e9: Se realiz\u00f3 un encuentro de inclusi\u00f3n y cultura en que la principal actividad fue la exposici\u00f3n de 50 autorretratos de nuestra nueva colecci\u00f3n \u201cMi Retrato\u201d. Adem\u00e1s se pint\u00f3 un mural en el Centro Cultural con nuestra artista madrina Margarita Garc\u00e9s.<\/p>\n<p><strong>Semana de la Inclusi\u00f3n Duoc UC<\/strong><\/p>\n<p>Cu\u00e1ndo: 17 al 21 de junio<\/p>\n<p>D\u00f3nde: Duoc UC \u2013 San Bernardo<\/p>\n<p>Qu\u00e9: Exposici\u00f3n cuadros ArteDown.<\/p>\n<p>&nbsp;<\/p>\n<p><strong>Negocios con Impacto \u2013 Sistema B<\/strong><\/p>\n<p>Cu\u00e1ndo: 10 de julio<\/p>\n<p>D\u00f3nde: Enjoy Coquimbo<\/p>\n<p>Qu\u00e9: Stand de difusi\u00f3n y ventas de productos ArteDown.<\/p>\n<p>&nbsp;<\/p>\n<p><strong>Encuentro Inclusi\u00f3n y Cultura<\/strong><\/p>\n<p>Cu\u00e1ndo: 21 de agosto<\/p>\n<p>D\u00f3nde: Concepci\u00f3n<\/p>\n<p>Qu\u00e9: Pintura colectiva en Fundaci\u00f3n EGO SUM y encuentro en CiCAT Biobi\u00f3sfera.<\/p>\n<p><strong>VII Encuentro con la Cultura con la muestra ArteDown: Cultura Inclusiva<\/strong><\/p>\n<p>Cu\u00e1ndo: 1 de agosto<\/p>\n<p>D\u00f3nde: Fundaci\u00f3n ArtLabb\u00e9<\/p>\n<p>Qu\u00e9: Exposici\u00f3n de la colecci\u00f3n de ArteDown y stand de difusi\u00f3n.<\/p>\n<p><strong>Re Interpretaci\u00f3n Pr\u00f3ceres de Chile \u2013 Escuela Militar<\/strong><\/p>\n<p>Cu\u00e1ndo: 1 de agosto<\/p>\n<p>D\u00f3nde: Fundaci\u00f3n ArtLabb\u00e9<\/p>\n<p>Qu\u00e9: J\u00f3venes de Fundaci\u00f3n Complementa y de la Comunidad ArteDown re interpretaron pr\u00f3ceres<br \/>\nde Chile en compa\u00f1\u00eda de Artistas Madrinas.<\/p>\n<p>&nbsp;<\/p>\n<p><strong>Expo Inclusi\u00f3n<\/strong><\/p>\n<p>Cu\u00e1ndo: 6 y 7 de septiembre<\/p>\n<p>D\u00f3nde: Centro Cultural Estaci\u00f3n Mapocho<\/p>\n<p>Qu\u00e9: Stand de difusi\u00f3n y ventas de productos ArteDown.<\/p>\n<p>&nbsp;<\/p>\n<p><strong>\u201cArte en Distrito\u201d by FAXXI<\/strong><\/p>\n<p>Cu\u00e1ndo: 10 al 13 de octubre.<\/p>\n<p>D\u00f3nde: Distrito del Lujo \u2013 Parque Arauco.<\/p>\n<p>Qu\u00e9: Exposici\u00f3n, difusi\u00f3n y ventas de productos ArteDown.\n<\/p><\/div>\n<\/div>\n<\/div><\/div><\/div><\/div><\/div>","protected":false},"excerpt":{"rendered":"<p>Stand en Expo Cachagua Cu\u00e1ndo: 17 \u2013 20 de enero. D\u00f3nde: Expo Cachagua, Zapallar. Qu\u00e9: stand de productos ArteDown y pintura en vivo de barricas, por parte de miembros de Movimiento ArteDown y los artistas. Encuentro de Inclusi\u00f3n y Cultura en Caja Los Andes Santiago Cu\u00e1ndo: 15 de enero. D\u00f3nde: Caja Los Andes sucursal Miraflores &hellip;<\/p>\n<p class=\"read-more\"> <a class=\"\" href=\"https:\/\/www.artedown.cl\/nueva-pagina\/eventos-2019\/\"> <span class=\"screen-reader-text\">Eventos 2019<\/span> Read More &raquo;<\/a><\/p>\n","protected":false},"author":1,"featured_media":0,"parent":0,"menu_order":0,"comment_status":"closed","ping_status":"closed","template":"template\/page\/fullwidth.php","meta":{"bgseo_title":"","bgseo_description":"","bgseo_robots_index":"index","bgseo_robots_follow":"follow","footnotes":""},"class_list":["post-575","page","type-page","status-publish","hentry"],"_links":{"self":[{"href":"https:\/\/www.artedown.cl\/nueva-pagina\/wp-json\/wp\/v2\/pages\/575","targetHints":{"allow":["GET"]}}],"collection":[{"href":"https:\/\/www.artedown.cl\/nueva-pagina\/wp-json\/wp\/v2\/pages"}],"about":[{"href":"https:\/\/www.artedown.cl\/nueva-pagina\/wp-json\/wp\/v2\/types\/page"}],"author":[{"embeddable":true,"href":"https:\/\/www.artedown.cl\/nueva-pagina\/wp-json\/wp\/v2\/users\/1"}],"replies":[{"embeddable":true,"href":"https:\/\/www.artedown.cl\/nueva-pagina\/wp-json\/wp\/v2\/comments?post=575"}],"version-history":[{"count":2,"href":"https:\/\/www.artedown.cl\/nueva-pagina\/wp-json\/wp\/v2\/pages\/575\/revisions"}],"predecessor-version":[{"id":627,"href":"https:\/\/www.artedown.cl\/nueva-pagina\/wp-json\/wp\/v2\/pages\/575\/revisions\/627"}],"wp:attachment":[{"href":"https:\/\/www.artedown.cl\/nueva-pagina\/wp-json\/wp\/v2\/media?parent=575"}],"curies":[{"name":"wp","href":"https:\/\/api.w.org\/{rel}","templated":true}]}}