{"id":91,"date":"2020-04-07T00:36:59","date_gmt":"2020-04-07T00:36:59","guid":{"rendered":"https:\/\/www.artedown.cl\/nueva-pagina\/?page_id=91"},"modified":"2020-07-24T20:54:41","modified_gmt":"2020-07-24T20:54:41","slug":"artistas","status":"publish","type":"page","link":"https:\/\/www.artedown.cl\/nueva-pagina\/artistas\/","title":{"rendered":"Artistas"},"content":{"rendered":"<div id=\"pl-91\"  class=\"panel-layout\" ><div id=\"pg-91-0\"  class=\"panel-grid panel-no-style\" ><div id=\"pgc-91-0-0\"  class=\"panel-grid-cell\" ><div id=\"panel-91-0-0-0\" class=\"so-panel widget widget_sow-headline panel-first-child panel-last-child\" data-index=\"0\" ><div\n\t\t\t\n\t\t\tclass=\"so-widget-sow-headline so-widget-sow-headline-default-5f836a8e7709-91 so-widget-fittext-wrapper\"\n\t\t\t data-fit-text-compressor=\"0.85\"\n\t\t><div class=\"sow-headline-container \">\n\t\t\t\t\t\t\t<h1 class=\"sow-headline\">\n\t\t\t\t\t\tArtistas\t\t\t\t\t\t<\/h1>\n\t\t\t\t\t\t\t\t\t\t\t<div class=\"decoration\">\n\t\t\t\t\t\t<div class=\"decoration-inside\"><\/div>\n\t\t\t\t\t<\/div>\n\t\t\t\t\t<\/div>\n<\/div><\/div><\/div><\/div><div id=\"pg-91-1\"  class=\"panel-grid panel-no-style\" ><div id=\"pgc-91-1-0\"  class=\"panel-grid-cell\" ><div id=\"panel-91-1-0-0\" class=\"so-panel widget widget_sow-image panel-first-child panel-last-child\" data-index=\"1\" ><div class=\"panel-widget-style panel-widget-style-for-91-1-0-0\" ><div\n\t\t\t\n\t\t\tclass=\"so-widget-sow-image so-widget-sow-image-default-c67d20f9f743-91\"\n\t\t\t\n\t\t>\n<div class=\"sow-image-container\">\n\t\t<img \n\tsrc=\"https:\/\/www.artedown.cl\/nueva-pagina\/wp-content\/uploads\/2020\/07\/artistas-pw-01.png\" width=\"511\" height=\"444\" srcset=\"https:\/\/www.artedown.cl\/nueva-pagina\/wp-content\/uploads\/2020\/07\/artistas-pw-01.png 511w, https:\/\/www.artedown.cl\/nueva-pagina\/wp-content\/uploads\/2020\/07\/artistas-pw-01-300x261.png 300w, https:\/\/www.artedown.cl\/nueva-pagina\/wp-content\/uploads\/2020\/07\/artistas-pw-01-250x217.png 250w, https:\/\/www.artedown.cl\/nueva-pagina\/wp-content\/uploads\/2020\/07\/artistas-pw-01-207x180.png 207w, https:\/\/www.artedown.cl\/nueva-pagina\/wp-content\/uploads\/2020\/07\/artistas-pw-01-345x300.png 345w\" sizes=\"(max-width: 511px) 100vw, 511px\" title=\"artistas pw-01\" alt=\"\" \t\tclass=\"so-widget-image\"\/>\n\t<\/div>\n\n<\/div><\/div><\/div><\/div><div id=\"pgc-91-1-1\"  class=\"panel-grid-cell\" ><div id=\"panel-91-1-1-0\" class=\"so-panel widget widget_text panel-first-child panel-last-child\" data-index=\"2\" ><div class=\"panel-widget-style panel-widget-style-for-91-1-1-0\" ><h3 class=\"widget-title\">H\u00e9ctor \u00c1lvarez Aballay<\/h3>\t\t\t<div class=\"textwidget\"><p>H\u00e9ctor es un peque\u00f1o milagro: naci\u00f3 despu\u00e9s de estar menos de seis meses en el vientre de su mam\u00e1, y posee 15 diagn\u00f3sticos adem\u00e1s del s\u00edndrome de Down. No obstante, es un luchador.<\/p>\n<p>Desde que naci\u00f3 que est\u00e1 en distintas terapias, y en ese contexto, a la corta edad de tres a\u00f1os se encontr\u00f3 con el arte: lo que naci\u00f3 como una forma de estimular su motricidad fina, hoy es su pasi\u00f3n. Desde ese d\u00eda no ha dejado de pintar, llegando a ser hoy, por segundo a\u00f1o consecutivo, el ganador de su categor\u00eda en el concurso Arte Down Chile.<\/p>\n<p>Le fascinan el teatro, los dinosaurios y compartir con sus amigos y familiares sin esperar nada a cambio.<\/p>\n<\/div>\n\t\t<\/div><\/div><\/div><\/div><div id=\"pg-91-2\"  class=\"panel-grid panel-no-style\" ><div id=\"pgc-91-2-0\"  class=\"panel-grid-cell\" ><div id=\"panel-91-2-0-0\" class=\"so-panel widget widget_sow-image panel-first-child panel-last-child\" data-index=\"3\" ><div class=\"panel-widget-style panel-widget-style-for-91-2-0-0\" ><div\n\t\t\t\n\t\t\tclass=\"so-widget-sow-image so-widget-sow-image-default-c67d20f9f743-91\"\n\t\t\t\n\t\t>\n<div class=\"sow-image-container\">\n\t\t<img \n\tsrc=\"https:\/\/www.artedown.cl\/nueva-pagina\/wp-content\/uploads\/2020\/07\/artista-02.png\" width=\"498\" height=\"470\" srcset=\"https:\/\/www.artedown.cl\/nueva-pagina\/wp-content\/uploads\/2020\/07\/artista-02.png 498w, https:\/\/www.artedown.cl\/nueva-pagina\/wp-content\/uploads\/2020\/07\/artista-02-300x283.png 300w, https:\/\/www.artedown.cl\/nueva-pagina\/wp-content\/uploads\/2020\/07\/artista-02-250x236.png 250w, https:\/\/www.artedown.cl\/nueva-pagina\/wp-content\/uploads\/2020\/07\/artista-02-191x180.png 191w, https:\/\/www.artedown.cl\/nueva-pagina\/wp-content\/uploads\/2020\/07\/artista-02-318x300.png 318w\" sizes=\"(max-width: 498px) 100vw, 498px\" alt=\"\" \t\tclass=\"so-widget-image\"\/>\n\t<\/div>\n\n<\/div><\/div><\/div><\/div><div id=\"pgc-91-2-1\"  class=\"panel-grid-cell\" ><div id=\"panel-91-2-1-0\" class=\"so-panel widget widget_text panel-first-child panel-last-child\" data-index=\"4\" ><div class=\"panel-widget-style panel-widget-style-for-91-2-1-0\" ><h3 class=\"widget-title\">Almendra Reyes Rojas<\/h3>\t\t\t<div class=\"textwidget\"><p>Almendra tiene 15 a\u00f1os y es la menor de 2 hermanos. Desde peque\u00f1a que le ha interesado mucho el mundo del arte. Por lo que su mam\u00e1 Andrea, se preocup\u00f3 de que en su colegio empezaran a hacer talleres art\u00edsticos para que as\u00ed pudiera seguir desarrollando su gran pasi\u00f3n.<\/p>\n<p>Le gusta mucho participar en los concursos de Arte Down, no le importa si gana o pierde. Para ella es una gran oportunidad poder desarrollar todas sus ideas a trav\u00e9s de diferentes colores y texturas.<\/p>\n<p>Otros de los hobbies que a Almendra le encantan son bailar y cantar, adem\u00e1s es muy sociable con quienes la rodean. Sin duda todos en su familia le dan una muy exitosa trayectoria.<\/p>\n<\/div>\n\t\t<\/div><\/div><\/div><\/div><div id=\"pg-91-3\"  class=\"panel-grid panel-no-style\" ><div id=\"pgc-91-3-0\"  class=\"panel-grid-cell\" ><div id=\"panel-91-3-0-0\" class=\"so-panel widget widget_sow-image panel-first-child panel-last-child\" data-index=\"5\" ><div class=\"panel-widget-style panel-widget-style-for-91-3-0-0\" ><div\n\t\t\t\n\t\t\tclass=\"so-widget-sow-image so-widget-sow-image-default-c67d20f9f743-91\"\n\t\t\t\n\t\t>\n<div class=\"sow-image-container\">\n\t\t<img \n\tsrc=\"https:\/\/www.artedown.cl\/nueva-pagina\/wp-content\/uploads\/2020\/07\/artista-03.png\" width=\"507\" height=\"440\" srcset=\"https:\/\/www.artedown.cl\/nueva-pagina\/wp-content\/uploads\/2020\/07\/artista-03.png 507w, https:\/\/www.artedown.cl\/nueva-pagina\/wp-content\/uploads\/2020\/07\/artista-03-300x260.png 300w, https:\/\/www.artedown.cl\/nueva-pagina\/wp-content\/uploads\/2020\/07\/artista-03-250x217.png 250w, https:\/\/www.artedown.cl\/nueva-pagina\/wp-content\/uploads\/2020\/07\/artista-03-207x180.png 207w, https:\/\/www.artedown.cl\/nueva-pagina\/wp-content\/uploads\/2020\/07\/artista-03-346x300.png 346w\" sizes=\"(max-width: 507px) 100vw, 507px\" alt=\"\" \t\tclass=\"so-widget-image\"\/>\n\t<\/div>\n\n<\/div><\/div><\/div><\/div><div id=\"pgc-91-3-1\"  class=\"panel-grid-cell\" ><div id=\"panel-91-3-1-0\" class=\"so-panel widget widget_text panel-first-child panel-last-child\" data-index=\"6\" ><div class=\"panel-widget-style panel-widget-style-for-91-3-1-0\" ><h3 class=\"widget-title\">Mayra Mart\u00ednez Palma<\/h3>\t\t\t<div class=\"textwidget\"><p>Mayra a los 5 a\u00f1os de edad tuvo un problema respiratorio, lo que la llev\u00f3 a estar sometida a un coma inducido por 8 d\u00edas. Al momento de despertar, su pierna qued\u00f3 recogida, por lo que su familia empez\u00f3 inmediatamente un tratamiento en el Instituto Telet\u00f3n, al cual contin\u00faa asistiendo hasta hoy en d\u00eda.<\/p>\n<p>Mayra empez\u00f3 con su amor al arte el a\u00f1o 2006, donde dio vida a sus primeras obras. Adem\u00e1s, ha logrado desarrollarse de muy buena manera durante todo este tiempo.<\/p>\n<p>Cuenta con el gran apoyo de sus pap\u00e1s, quienes la incentivan a desarrollar su arte y la acompa\u00f1an en cada actividad que realiza Arte Down.<\/p>\n<\/div>\n\t\t<\/div><\/div><\/div><\/div><div id=\"pg-91-4\"  class=\"panel-grid panel-no-style\" ><div id=\"pgc-91-4-0\"  class=\"panel-grid-cell\" ><div id=\"panel-91-4-0-0\" class=\"so-panel widget widget_sow-image panel-first-child panel-last-child\" data-index=\"7\" ><div class=\"panel-widget-style panel-widget-style-for-91-4-0-0\" ><div\n\t\t\t\n\t\t\tclass=\"so-widget-sow-image so-widget-sow-image-default-c67d20f9f743-91\"\n\t\t\t\n\t\t>\n<div class=\"sow-image-container\">\n\t\t<img \n\tsrc=\"https:\/\/www.artedown.cl\/nueva-pagina\/wp-content\/uploads\/2020\/07\/artistas-pw-04.png\" width=\"497\" height=\"471\" srcset=\"https:\/\/www.artedown.cl\/nueva-pagina\/wp-content\/uploads\/2020\/07\/artistas-pw-04.png 497w, https:\/\/www.artedown.cl\/nueva-pagina\/wp-content\/uploads\/2020\/07\/artistas-pw-04-300x284.png 300w, https:\/\/www.artedown.cl\/nueva-pagina\/wp-content\/uploads\/2020\/07\/artistas-pw-04-250x237.png 250w, https:\/\/www.artedown.cl\/nueva-pagina\/wp-content\/uploads\/2020\/07\/artistas-pw-04-190x180.png 190w, https:\/\/www.artedown.cl\/nueva-pagina\/wp-content\/uploads\/2020\/07\/artistas-pw-04-317x300.png 317w\" sizes=\"(max-width: 497px) 100vw, 497px\" title=\"artistas pw-04\" alt=\"\" \t\tclass=\"so-widget-image\"\/>\n\t<\/div>\n\n<\/div><\/div><\/div><\/div><div id=\"pgc-91-4-1\"  class=\"panel-grid-cell\" ><div id=\"panel-91-4-1-0\" class=\"so-panel widget widget_text panel-first-child panel-last-child\" data-index=\"8\" ><div class=\"panel-widget-style panel-widget-style-for-91-4-1-0\" ><h3 class=\"widget-title\">Mar\u00eda de los \u00c1ngeles Paredes Nicoreanu<\/h3>\t\t\t<div class=\"textwidget\"><p>\u00c1ngeles tiene 13 a\u00f1os y es hija \u00fanica. Desde muy peque\u00f1a le han gustado mucho los colores, lo cual la impuls\u00f3 a empezar a dibujar y poder plasmar todas sus ideas en cuadros. Adem\u00e1s, el colegio le ense\u00f1\u00f3 nuevas t\u00e9cnicas de arte, lo que la ha ayudado a desarrollar obras variadas como, por ejemplo, en papel mach\u00e9.<\/p>\n<p>Tiene un gran apoyo de parte de su familia, donde la motivan d\u00eda a d\u00eda a desarrollar su gran gusto por el arte. De igual manera, a \u00c1ngeles le gusta mucho la m\u00fasica y los animales.<\/p>\n<\/div>\n\t\t<\/div><\/div><\/div><\/div><div id=\"pg-91-5\"  class=\"panel-grid panel-no-style\" ><div id=\"pgc-91-5-0\"  class=\"panel-grid-cell\" ><div id=\"panel-91-5-0-0\" class=\"so-panel widget widget_sow-image panel-first-child panel-last-child\" data-index=\"9\" ><div class=\"panel-widget-style panel-widget-style-for-91-5-0-0\" ><div\n\t\t\t\n\t\t\tclass=\"so-widget-sow-image so-widget-sow-image-default-c67d20f9f743-91\"\n\t\t\t\n\t\t>\n<div class=\"sow-image-container\">\n\t\t<img \n\tsrc=\"https:\/\/www.artedown.cl\/nueva-pagina\/wp-content\/uploads\/2020\/07\/artistas-pw-05.png\" width=\"507\" height=\"441\" srcset=\"https:\/\/www.artedown.cl\/nueva-pagina\/wp-content\/uploads\/2020\/07\/artistas-pw-05.png 507w, https:\/\/www.artedown.cl\/nueva-pagina\/wp-content\/uploads\/2020\/07\/artistas-pw-05-300x261.png 300w, https:\/\/www.artedown.cl\/nueva-pagina\/wp-content\/uploads\/2020\/07\/artistas-pw-05-250x217.png 250w, https:\/\/www.artedown.cl\/nueva-pagina\/wp-content\/uploads\/2020\/07\/artistas-pw-05-207x180.png 207w, https:\/\/www.artedown.cl\/nueva-pagina\/wp-content\/uploads\/2020\/07\/artistas-pw-05-345x300.png 345w\" sizes=\"(max-width: 507px) 100vw, 507px\" title=\"artistas pw-05\" alt=\"\" \t\tclass=\"so-widget-image\"\/>\n\t<\/div>\n\n<\/div><\/div><\/div><\/div><div id=\"pgc-91-5-1\"  class=\"panel-grid-cell\" ><div id=\"panel-91-5-1-0\" class=\"so-panel widget widget_text panel-first-child panel-last-child\" data-index=\"10\" ><div class=\"panel-widget-style panel-widget-style-for-91-5-1-0\" ><h3 class=\"widget-title\">Magdalena Garc\u00eda Mu\u00f1oz<\/h3>\t\t\t<div class=\"textwidget\"><p>La llegada de Magda a Arte Down comenz\u00f3 cuando particip\u00f3 en su primer concurso \u201cMi Continente\u201d el a\u00f1o 2014, donde empez\u00f3 toda su trayectoria del arte en la cual tambi\u00e9n ha participado en todos los concursos que se han realizado hasta el d\u00eda de hoy.<\/p>\n<p>Todo lo que ha llevado a cabo ha sido gracias a su profesor del colegio, Am\u00e9rico. Para Magda es muy importante contar con su ayuda y apoyo, pues se siente confiada y segura para plasmar todas sus ideas en distintos cuadros.<\/p>\n<p>Es fan\u00e1tica de disfrazarse, y a la vez muy independiente y aut\u00f3noma.<\/p>\n<\/div>\n\t\t<\/div><\/div><\/div><\/div><div id=\"pg-91-6\"  class=\"panel-grid panel-no-style\" ><div id=\"pgc-91-6-0\"  class=\"panel-grid-cell\" ><div id=\"panel-91-6-0-0\" class=\"so-panel widget widget_sow-image panel-first-child panel-last-child\" data-index=\"11\" ><div class=\"panel-widget-style panel-widget-style-for-91-6-0-0\" ><div\n\t\t\t\n\t\t\tclass=\"so-widget-sow-image so-widget-sow-image-default-c67d20f9f743-91\"\n\t\t\t\n\t\t>\n<div class=\"sow-image-container\">\n\t\t<img \n\tsrc=\"https:\/\/www.artedown.cl\/nueva-pagina\/wp-content\/uploads\/2020\/07\/artista-06.png\" width=\"498\" height=\"471\" srcset=\"https:\/\/www.artedown.cl\/nueva-pagina\/wp-content\/uploads\/2020\/07\/artista-06.png 498w, https:\/\/www.artedown.cl\/nueva-pagina\/wp-content\/uploads\/2020\/07\/artista-06-300x284.png 300w, https:\/\/www.artedown.cl\/nueva-pagina\/wp-content\/uploads\/2020\/07\/artista-06-250x236.png 250w, https:\/\/www.artedown.cl\/nueva-pagina\/wp-content\/uploads\/2020\/07\/artista-06-190x180.png 190w, https:\/\/www.artedown.cl\/nueva-pagina\/wp-content\/uploads\/2020\/07\/artista-06-317x300.png 317w\" sizes=\"(max-width: 498px) 100vw, 498px\" alt=\"\" \t\tclass=\"so-widget-image\"\/>\n\t<\/div>\n\n<\/div><\/div><\/div><\/div><div id=\"pgc-91-6-1\"  class=\"panel-grid-cell\" ><div id=\"panel-91-6-1-0\" class=\"so-panel widget widget_text panel-first-child panel-last-child\" data-index=\"12\" ><div class=\"panel-widget-style panel-widget-style-for-91-6-1-0\" ><h3 class=\"widget-title\">Benjam\u00edn Far\u00edas Campo<\/h3>\t\t\t<div class=\"textwidget\"><p>Benjam\u00edn comenz\u00f3 todo su desarrollo con el arte en la Agrupaci\u00f3n APDOWN de San Vicente de Tagua Tagua entre los 6 y 7 a\u00f1os. Su gusto por el arte se empez\u00f3 a dar de a poco, y as\u00ed fue como la familia se sorprendi\u00f3 cuando comenz\u00f3 a manifestar su habilidad en las pinturas y manualidades.<\/p>\n<p>Todo este proceso de descubrimiento ha sido muy importante, a la vez que es una terapia muy entretenida para Benjam\u00edn. Dedica al 100% su esfuerzo durante el tiempo que destina a crear, enfoc\u00e1ndose siempre en la concentraci\u00f3n para que sus obras resulten de la mejor manera.<\/p>\n<\/div>\n\t\t<\/div><\/div><\/div><\/div><\/div>","protected":false},"excerpt":{"rendered":"<p>H\u00e9ctor es un peque\u00f1o milagro: naci\u00f3 despu\u00e9s de estar menos de seis meses en el vientre de su mam\u00e1, y posee 15 diagn\u00f3sticos adem\u00e1s del s\u00edndrome de Down. No obstante, es un luchador. Desde que naci\u00f3 que est\u00e1 en distintas terapias, y en ese contexto, a la corta edad de tres a\u00f1os se encontr\u00f3 con &hellip;<\/p>\n<p class=\"read-more\"> <a class=\"\" href=\"https:\/\/www.artedown.cl\/nueva-pagina\/artistas\/\"> <span class=\"screen-reader-text\">Artistas<\/span> Read More &raquo;<\/a><\/p>\n","protected":false},"author":1,"featured_media":0,"parent":0,"menu_order":0,"comment_status":"closed","ping_status":"closed","template":"template\/page\/fullwidth.php","meta":{"bgseo_title":"","bgseo_description":"","bgseo_robots_index":"index","bgseo_robots_follow":"follow","footnotes":""},"class_list":["post-91","page","type-page","status-publish","hentry"],"_links":{"self":[{"href":"https:\/\/www.artedown.cl\/nueva-pagina\/wp-json\/wp\/v2\/pages\/91","targetHints":{"allow":["GET"]}}],"collection":[{"href":"https:\/\/www.artedown.cl\/nueva-pagina\/wp-json\/wp\/v2\/pages"}],"about":[{"href":"https:\/\/www.artedown.cl\/nueva-pagina\/wp-json\/wp\/v2\/types\/page"}],"author":[{"embeddable":true,"href":"https:\/\/www.artedown.cl\/nueva-pagina\/wp-json\/wp\/v2\/users\/1"}],"replies":[{"embeddable":true,"href":"https:\/\/www.artedown.cl\/nueva-pagina\/wp-json\/wp\/v2\/comments?post=91"}],"version-history":[{"count":10,"href":"https:\/\/www.artedown.cl\/nueva-pagina\/wp-json\/wp\/v2\/pages\/91\/revisions"}],"predecessor-version":[{"id":1609,"href":"https:\/\/www.artedown.cl\/nueva-pagina\/wp-json\/wp\/v2\/pages\/91\/revisions\/1609"}],"wp:attachment":[{"href":"https:\/\/www.artedown.cl\/nueva-pagina\/wp-json\/wp\/v2\/media?parent=91"}],"curies":[{"name":"wp","href":"https:\/\/api.w.org\/{rel}","templated":true}]}}