{"id":96,"date":"2020-04-07T00:37:35","date_gmt":"2020-04-07T00:37:35","guid":{"rendered":"https:\/\/www.artedown.cl\/nueva-pagina\/?page_id=96"},"modified":"2020-06-15T21:04:53","modified_gmt":"2020-06-15T21:04:53","slug":"inscripciones","status":"publish","type":"page","link":"https:\/\/www.artedown.cl\/nueva-pagina\/inscripciones\/","title":{"rendered":"Inscripciones"},"content":{"rendered":"<div id=\"pl-96\"  class=\"panel-layout\" ><div id=\"pg-96-0\"  class=\"panel-grid panel-no-style\" ><div id=\"pgc-96-0-0\"  class=\"panel-grid-cell panel-grid-cell-empty\" ><\/div><div id=\"pgc-96-0-1\"  class=\"panel-grid-cell panel-grid-cell-mobile-last\" ><div id=\"panel-96-0-1-0\" class=\"so-panel widget widget_text panel-first-child panel-last-child\" data-index=\"0\" >\t\t\t<div class=\"textwidget\">\n<div class=\"wpcf7 no-js\" id=\"wpcf7-f188-o1\" lang=\"es-CL\" dir=\"ltr\" data-wpcf7-id=\"188\">\n<div class=\"screen-reader-response\"><p role=\"status\" aria-live=\"polite\" aria-atomic=\"true\"><\/p> <ul><\/ul><\/div>\n<form action=\"\/nueva-pagina\/wp-json\/wp\/v2\/pages\/96#wpcf7-f188-o1\" method=\"post\" class=\"wpcf7-form init\" aria-label=\"Formulario de contacto\" enctype=\"multipart\/form-data\" novalidate=\"novalidate\" data-status=\"init\">\n<fieldset class=\"hidden-fields-container\"><input type=\"hidden\" name=\"_wpcf7\" value=\"188\" \/><input type=\"hidden\" name=\"_wpcf7_version\" value=\"6.1.4\" \/><input type=\"hidden\" name=\"_wpcf7_locale\" value=\"es_CL\" \/><input type=\"hidden\" name=\"_wpcf7_unit_tag\" value=\"wpcf7-f188-o1\" \/><input type=\"hidden\" name=\"_wpcf7_container_post\" value=\"0\" \/><input type=\"hidden\" name=\"_wpcf7_posted_data_hash\" value=\"\" \/>\n<\/fieldset>\n<div class=\"control-group\">\n\t<p><label class=\"control-label required\" for=\"yourName\">Nombre artista *<\/label>\n\t<\/p>\n\t<div class=\"controls\">\n\t\t<p><span class=\"wpcf7-form-control-wrap\" data-name=\"nombre-concursante\"><input size=\"40\" maxlength=\"400\" class=\"wpcf7-form-control wpcf7-text wpcf7-validates-as-required input-xxlarge\" id=\"yourName\" aria-required=\"true\" aria-invalid=\"false\" value=\"\" type=\"text\" name=\"nombre-concursante\" \/><\/span>\n\t\t<\/p>\n\t<\/div>\n<\/div>\n<div class=\"control-group\">\n\t<p><label class=\"control-label required\" for=\"yourRut\">RUT *<\/label>\n\t<\/p>\n\t<div class=\"controls\">\n\t\t<p><span class=\"wpcf7-form-control-wrap\" data-name=\"rut\"><input size=\"40\" maxlength=\"400\" class=\"wpcf7-form-control wpcf7-text wpcf7-validates-as-required input-large\" id=\"yourRut\" aria-required=\"true\" aria-invalid=\"false\" value=\"\" type=\"text\" name=\"rut\" \/><\/span>\n\t\t<\/p>\n\t<\/div>\n<\/div>\n<div class=\"control-group\">\n\t<p><label class=\"control-label required\" for=\"yourDate\">Fecha nacimiento<\/label>\n\t<\/p>\n\t<div class=\"controls\">\n\t\t<p><span class=\"wpcf7-form-control-wrap\" data-name=\"fecha-nacimiento\"><input class=\"wpcf7-form-control wpcf7-date wpcf7-validates-as-date input-large\" id=\"yourDate\" aria-invalid=\"false\" value=\"\" type=\"date\" name=\"fecha-nacimiento\" \/><\/span>\n\t\t<\/p>\n\t<\/div>\n<\/div>\n<div class=\"control-group\">\n\t<p><label class=\"control-label required\" for=\"yourCategory\">Categor\u00eda *<\/label>\n\t<\/p>\n\t<div class=\"controls\">\n\t\t<h5>Indique el tipo de categor\u00eda a la que pertenece\n\t\t<\/h5>\n\t\t<p>A: 3 a 9 a\u00f1os\n\t\t<\/p>\n\t\t<p>B: 10 a 14 a\u00f1os\n\t\t<\/p>\n\t\t<p>C: 15 a\u00f1os en adelanto\n\t\t<\/p>\n\t\t<p>D: libre, todo p\u00fablico\n\t\t<\/p>\n\t\t<p><span class=\"wpcf7-form-control-wrap\" data-name=\"categoria-concurso\"><input size=\"40\" maxlength=\"400\" class=\"wpcf7-form-control wpcf7-text wpcf7-validates-as-required input-large\" id=\"yourCategory\" aria-required=\"true\" aria-invalid=\"false\" value=\"\" type=\"text\" name=\"categoria-concurso\" \/><\/span>\n\t\t<\/p>\n\t<\/div>\n<\/div>\n<div class=\"control-group\">\n\t<p><label class=\"control-label required\" for=\"yourDiscapacidad\">Discapacidad *<\/label>\n\t<\/p>\n\t<div class=\"controls\">\n\t\t<h5>Indique el tipo de discapacidad\n\t\t<\/h5>\n\t\t<p>A: Intelectual\n\t\t<\/p>\n\t\t<p>B: F\u00edsica\n\t\t<\/p>\n\t\t<p>C: Ambas\n\t\t<\/p>\n\t\t<p>D: Ninguna\n\t\t<\/p>\n\t\t<p><span class=\"wpcf7-form-control-wrap\" data-name=\"discapacidad-concurso\"><input size=\"40\" maxlength=\"400\" class=\"wpcf7-form-control wpcf7-text wpcf7-validates-as-required input-large\" id=\"yourDiscapacidad\" aria-required=\"true\" aria-invalid=\"false\" value=\"\" type=\"text\" name=\"discapacidad-concurso\" \/><\/span>\n\t\t<\/p>\n\t<\/div>\n<\/div>\n<div class=\"control-group\">\n\t<p><label class=\"control-label required\" for=\"foto-artista\">Foto del artista con su obra<\/label>\n\t<\/p>\n\t<div class=\"controls\">\n\t\t<p><span class=\"wpcf7-form-control-wrap\" data-name=\"file-334\"><input size=\"40\" class=\"wpcf7-form-control wpcf7-file\" id=\"fotoartista\" accept=\".jpg,.gif,.png\" aria-invalid=\"false\" type=\"file\" name=\"file-334\" \/><\/span>\n\t\t<\/p>\n\t\t<p><strong>IMPORTANTE:<\/strong> Si no cuenta con la fotograf\u00eda al momento de hacer la inscripci\u00f3n, enviar v\u00eda correo a <a href=\"mailto:entorno@artedown.cl\">entorno@artedown.cl<\/a>\n\t\t<\/p>\n\t<\/div>\n<\/div>\n<div class=\"control-group\">\n\t<p><label class=\"control-label required\" for=\"yourTitle\">T\u00edtulo de la obra *<\/label>\n\t<\/p>\n\t<div class=\"controls\">\n\t\t<p><span class=\"wpcf7-form-control-wrap\" data-name=\"titulo-obra\"><input size=\"40\" maxlength=\"400\" class=\"wpcf7-form-control wpcf7-text wpcf7-validates-as-required input-xxlarge\" id=\"yourTitle\" aria-required=\"true\" aria-invalid=\"false\" value=\"\" type=\"text\" name=\"titulo-obra\" \/><\/span>\n\t\t<\/p>\n\t<\/div>\n<\/div>\n<div class=\"control-group\">\n\t<p><label class=\"control-label required\" for=\"yourMessage\">Tama\u00f1o de la obra *<\/label>\n\t<\/p>\n\t<div class=\"controls\">\n\t\t<p><span class=\"wpcf7-form-control-wrap\" data-name=\"tamano-obra\"><textarea cols=\"40\" rows=\"10\" maxlength=\"2000\" class=\"wpcf7-form-control wpcf7-textarea input-xxlarge\" id=\"yourMessage\" aria-invalid=\"false\" name=\"tamano-obra\"><\/textarea><\/span>\n\t\t<\/p>\n\t<\/div>\n<\/div>\n<div class=\"control-group\">\n\t<p><label class=\"control-label required\" for=\"yourMessage\">Descripci\u00f3n de la obra<\/label>\n\t<\/p>\n\t<div class=\"controls\">\n\t\t<p><span class=\"wpcf7-form-control-wrap\" data-name=\"descripcion-obra\"><textarea cols=\"40\" rows=\"10\" maxlength=\"2000\" class=\"wpcf7-form-control wpcf7-textarea input-xxlarge\" aria-invalid=\"false\" name=\"descripcion-obra\"><\/textarea><\/span>\n\t\t<\/p>\n\t<\/div>\n<\/div>\n<div class=\"control-group\">\n\t<p><label class=\"control-label required\" for=\"yourSchool\">Instituci\u00f3n o colegio (si pertenece)<\/label>\n\t<\/p>\n\t<div class=\"controls\">\n\t\t<p><span class=\"wpcf7-form-control-wrap\" data-name=\"institucion\"><input size=\"40\" maxlength=\"400\" class=\"wpcf7-form-control wpcf7-text input-xxlarge\" id=\"yourSchool\" aria-invalid=\"false\" value=\"\" type=\"text\" name=\"institucion\" \/><\/span>\n\t\t<\/p>\n\t<\/div>\n<\/div>\n<div class=\"control-group\">\n\t<p><label class=\"control-label required\" for=\"yourPhone\">Tel\u00e9fonos *<\/label>\n\t<\/p>\n\t<div class=\"controls\">\n\t\t<p><span class=\"wpcf7-form-control-wrap\" data-name=\"telefonos\"><input size=\"40\" maxlength=\"400\" class=\"wpcf7-form-control wpcf7-text wpcf7-validates-as-required input-xxlarge\" id=\"yourPhone\" aria-required=\"true\" aria-invalid=\"false\" value=\"\" type=\"text\" name=\"telefonos\" \/><\/span>\n\t\t<\/p>\n\t<\/div>\n<\/div>\n<div class=\"control-group\">\n\t<p><label class=\"control-label required\" for=\"yourCity\">Ciudad<\/label>\n\t<\/p>\n\t<div class=\"controls\">\n\t\t<p><span class=\"wpcf7-form-control-wrap\" data-name=\"ciudad\"><input size=\"40\" maxlength=\"400\" class=\"wpcf7-form-control wpcf7-text input-xxlarge\" id=\"yourAdress\" aria-invalid=\"false\" value=\"\" type=\"text\" name=\"ciudad\" \/><\/span>\n\t\t<\/p>\n\t<\/div>\n<\/div>\n<div class=\"control-group\">\n\t<p><label class=\"control-label required\" for=\"yourCountry\">Pa\u00eds<\/label>\n\t<\/p>\n\t<div class=\"controls\">\n\t\t<p><span class=\"wpcf7-form-control-wrap\" data-name=\"pais\"><input size=\"40\" maxlength=\"400\" class=\"wpcf7-form-control wpcf7-text input-xxlarge\" aria-invalid=\"false\" value=\"\" type=\"text\" name=\"pais\" \/><\/span>\n\t\t<\/p>\n\t<\/div>\n<\/div>\n<div class=\"control-group\">\n\t<p><label class=\"control-label required\" for=\"yourEmail\">E-mail de contacto *<\/label>\n\t<\/p>\n\t<div class=\"controls\">\n\t\t<p><span class=\"wpcf7-form-control-wrap\" data-name=\"email-contacto\"><input size=\"40\" maxlength=\"400\" class=\"wpcf7-form-control wpcf7-email wpcf7-validates-as-required wpcf7-text wpcf7-validates-as-email input-xxlarge\" id=\"yourEmail\" aria-required=\"true\" aria-invalid=\"false\" value=\"\" type=\"email\" name=\"email-contacto\" \/><\/span>\n\t\t<\/p>\n\t<\/div>\n<\/div>\n<div class=\"control-group\">\n\t<p><label class=\"control-label required\" for=\"yourApoderado\">Nombre apoderado *<\/label>\n\t<\/p>\n\t<div class=\"controls\">\n\t\t<p><span class=\"wpcf7-form-control-wrap\" data-name=\"nombre-apoderado\"><input size=\"40\" maxlength=\"400\" class=\"wpcf7-form-control wpcf7-text wpcf7-validates-as-required input-xxlarge\" id=\"yourApoderado\" aria-required=\"true\" aria-invalid=\"false\" value=\"\" type=\"text\" name=\"nombre-apoderado\" \/><\/span>\n\t\t<\/p>\n\t<\/div>\n<\/div>\n<div class=\"control-group\">\n\t<p><label class=\"control-label required\" for=\"yourApoderadoPhone\">Contacto de apoderado * (E-mail o tel\u00e9fono)<\/label>\n\t<\/p>\n\t<div class=\"controls\">\n\t\t<p><span class=\"wpcf7-form-control-wrap\" data-name=\"telefono-apoderado\"><input size=\"40\" maxlength=\"400\" class=\"wpcf7-form-control wpcf7-text wpcf7-validates-as-required input-xxlarge\" id=\"yourApoderadoPhone\" aria-required=\"true\" aria-invalid=\"false\" value=\"\" type=\"text\" name=\"telefono-apoderado\" \/><\/span>\n\t\t<\/p>\n\t<\/div>\n<\/div>\n<div class=\"control-group\">\n\t<div class=\"controls\">\n\t\t<p><button type=\"submit\" class=\"btn btn-large btn-yellow\">Enviar<\/button>\n\t\t<\/p>\n\t<\/div>\n<\/div>\n<p><input type=\"hidden\" name=\"your-subject\" value=\"Inscripciones Concurso Arte Down\" \/>\n<\/p><div class=\"wpcf7-response-output\" aria-hidden=\"true\"><\/div>\n<\/form>\n<\/div>\n\n<\/div>\n\t\t<\/div><\/div><div id=\"pgc-96-0-2\"  class=\"panel-grid-cell panel-grid-cell-empty\" ><\/div><\/div><\/div>","protected":false},"excerpt":{"rendered":"<p>Nombre artista * RUT * Fecha nacimiento Categor\u00eda * Indique el tipo de categor\u00eda a la que pertenece A: 3 a 9 a\u00f1os B: 10 a 14 a\u00f1os C: 15 a\u00f1os en adelanto D: libre, todo p\u00fablico Discapacidad * Indique el tipo de discapacidad A: Intelectual B: F\u00edsica C: Ambas D: Ninguna Foto del artista &hellip;<\/p>\n<p class=\"read-more\"> <a class=\"\" href=\"https:\/\/www.artedown.cl\/nueva-pagina\/inscripciones\/\"> <span class=\"screen-reader-text\">Inscripciones<\/span> Read More &raquo;<\/a><\/p>\n","protected":false},"author":1,"featured_media":0,"parent":0,"menu_order":0,"comment_status":"closed","ping_status":"closed","template":"template\/page\/fullwidth.php","meta":{"bgseo_title":"","bgseo_description":"","bgseo_robots_index":"index","bgseo_robots_follow":"follow","footnotes":""},"class_list":["post-96","page","type-page","status-publish","hentry"],"_links":{"self":[{"href":"https:\/\/www.artedown.cl\/nueva-pagina\/wp-json\/wp\/v2\/pages\/96","targetHints":{"allow":["GET"]}}],"collection":[{"href":"https:\/\/www.artedown.cl\/nueva-pagina\/wp-json\/wp\/v2\/pages"}],"about":[{"href":"https:\/\/www.artedown.cl\/nueva-pagina\/wp-json\/wp\/v2\/types\/page"}],"author":[{"embeddable":true,"href":"https:\/\/www.artedown.cl\/nueva-pagina\/wp-json\/wp\/v2\/users\/1"}],"replies":[{"embeddable":true,"href":"https:\/\/www.artedown.cl\/nueva-pagina\/wp-json\/wp\/v2\/comments?post=96"}],"version-history":[{"count":10,"href":"https:\/\/www.artedown.cl\/nueva-pagina\/wp-json\/wp\/v2\/pages\/96\/revisions"}],"predecessor-version":[{"id":182,"href":"https:\/\/www.artedown.cl\/nueva-pagina\/wp-json\/wp\/v2\/pages\/96\/revisions\/182"}],"wp:attachment":[{"href":"https:\/\/www.artedown.cl\/nueva-pagina\/wp-json\/wp\/v2\/media?parent=96"}],"curies":[{"name":"wp","href":"https:\/\/api.w.org\/{rel}","templated":true}]}}