{"id":97,"date":"2020-04-07T00:37:46","date_gmt":"2020-04-07T00:37:46","guid":{"rendered":"https:\/\/www.artedown.cl\/nueva-pagina\/?page_id=97"},"modified":"2020-06-05T19:31:48","modified_gmt":"2020-06-05T19:31:48","slug":"bases-concurso","status":"publish","type":"page","link":"https:\/\/www.artedown.cl\/nueva-pagina\/bases-concurso\/","title":{"rendered":"Bases de Concurso"},"content":{"rendered":"<div id=\"pl-97\"  class=\"panel-layout\" ><div id=\"pg-97-0\"  class=\"panel-grid panel-no-style\" ><div id=\"pgc-97-0-0\"  class=\"panel-grid-cell\" ><div id=\"panel-97-0-0-0\" class=\"so-panel widget widget_sow-headline panel-first-child\" data-index=\"0\" ><div\n\t\t\t\n\t\t\tclass=\"so-widget-sow-headline so-widget-sow-headline-default-0fef643cf1ac-97 so-widget-fittext-wrapper\"\n\t\t\t data-fit-text-compressor=\"0.85\"\n\t\t><div class=\"sow-headline-container \">\n\t\t\t\t\t\t\t<h1 class=\"sow-headline\">\n\t\t\t\t\t\tBases Concurso ArteDown Internacional 2019: \"Cuidemos el Medio Ambiente\"\t\t\t\t\t\t<\/h1>\n\t\t\t\t\t\t\t\t\t\t\t<div class=\"decoration\">\n\t\t\t\t\t\t<div class=\"decoration-inside\"><\/div>\n\t\t\t\t\t<\/div>\n\t\t\t\t\t<\/div>\n<\/div><\/div><div id=\"panel-97-0-0-1\" class=\"so-panel widget widget_text panel-last-child\" data-index=\"1\" ><div class=\"panel-widget-style panel-widget-style-for-97-0-0-1\" >\t\t\t<div class=\"textwidget\"><ol>\n<li style=\"font-weight: 400;\"><strong>El concurso est\u00e1 dirigido a personas en situaci\u00f3n de discapacidad y a todo p\u00fablico mayor de 3 a\u00f1os, provenientes de cualquier pa\u00eds.<\/strong><\/li>\n<li style=\"font-weight: 400;\"><span style=\"font-weight: 400;\">Los participantes deben completar todos los campos requeridos en la postulaci\u00f3n con la informaci\u00f3n solicitada, a trav\u00e9s de la p\u00e1gina web\u00a0<\/span><b>www.artedown.cl<\/b><span style=\"font-weight: 400;\">.<\/span><\/li>\n<li style=\"font-weight: 400;\"><span style=\"font-weight: 400;\">Para completar su participaci\u00f3n los concursantes deber\u00e1n enviar la obra adjuntando al reverso de la\u00a0<\/span><b>hoja de inscripci\u00f3n<\/b><span style=\"font-weight: 400;\">\u00a0con los mismos datos de inscripci\u00f3n v\u00eda web. La direcci\u00f3n de env\u00edo corresponde a la oficina de ONG LabSocial, ubicada en <strong>Apoquindo 5784 (pasaje interior), Las Condes.<\/strong><\/span><\/li>\n<li style=\"font-weight: 400;\"><span style=\"font-weight: 400;\">Para la realizaci\u00f3n de la obra se pueden utilizar todo tipo de materiales, t\u00e9cnicas y formatos, con un m\u00e1ximo de tama\u00f1o de\u00a0<\/span><b>1 metro por 1 metro<\/b><span style=\"font-weight: 400;\">.<\/span><\/li>\n<li style=\"font-weight: 400;\"><span style=\"font-weight: 400;\">Cada participante podr\u00e1 entregar s\u00f3lo\u00a0<\/span><b>una obra<\/b><span style=\"font-weight: 400;\">.<\/span><\/li>\n<li style=\"font-weight: 400;\"><span style=\"font-weight: 400;\">El tema del concurso es:\u00a0<\/span><b>&#8220;CUIDEMOS EL MEDIO AMBIENTE&#8221;<\/b><span style=\"font-weight: 400;\">, pudiendo el participante interpretar a su manera est\u00e1 tem\u00e1tica.<\/span><\/li>\n<li style=\"font-weight: 400;\"><b>Fecha de recepci\u00f3n:<\/b><span style=\"font-weight: 400;\"> hasta el 08 de noviembre de 2019.<\/span><\/li>\n<li style=\"font-weight: 400;\"><b>Condiciones de env\u00edo:<\/b><span style=\"font-weight: 400;\"><br \/>\n<\/span><span style=\"font-weight: 400;\">Los env\u00edos de las obras a nivel nacional deben ser por mano o v\u00eda empresa de cargo (no por pagar) a las oficinas de <strong>ONG LabSocial: Apoquindo 5784. Las Condes, Santiago.<\/strong> Horario de recepci\u00f3n de 9:30 a 18 horas, d\u00edas laborales (lunes a viernes). Para solicitar becas de apoyo al traslado de obras desde regiones o el extranejero, escriba a <a href=\"mailto:contacto@artedown.cl\">contacto@artedown.cl<\/a><\/span><\/li>\n<li style=\"font-weight: 400;\"><span style=\"font-weight: 400;\">El concurso est\u00e1 compuesto por<\/span> <strong>4 categor\u00edas<\/strong><span style=\"font-weight: 400;\">:<\/span><span style=\"font-weight: 400;\"><br \/>\n<\/span><span style=\"font-weight: 400;\">\u2013 <strong>Categor\u00eda A<\/strong>: 3 a 9 a\u00f1os<\/span><span style=\"font-weight: 400;\"><br \/>\n<\/span><span style=\"font-weight: 400;\">\u2013 <strong>Categor\u00eda B<\/strong>: 10 a 14 a\u00f1os<\/span><span style=\"font-weight: 400;\"><br \/>\n<\/span><span style=\"font-weight: 400;\">\u2013 <strong>Categor\u00eda C<\/strong>: 15 a\u00f1os en adelante.<br \/>\n<\/span><span style=\"font-weight: 400;\">\u2013 <strong>Categor\u00eda D<\/strong>: Libre (todo tipo de p\u00fablico).<br \/>\n<\/span><\/li>\n<li style=\"font-weight: 400;\"><span style=\"font-weight: 400;\">Cada categor\u00eda tendr\u00e1 4 premiados:<strong> 1er, 2do, 3er lugar y Menci\u00f3n Honrosa<\/strong>.<\/span><\/li>\n<li style=\"font-weight: 400;\"><b>Premios<\/b><span style=\"font-weight: 400;\">:<\/span><span style=\"font-weight: 400;\"><br \/>\n<\/span><span style=\"font-weight: 400;\">Todos los lugares obtendr\u00e1n medalla de honor y diploma, adem\u00e1s de premios sorpresa el d\u00eda de la premiaci\u00f3n.<\/span><\/li>\n<li style=\"font-weight: 400;\"><b>Los criterios de evaluaci\u00f3n<\/b><span style=\"font-weight: 400;\">\u00a0que se tendr\u00e1n en cuenta en la elecci\u00f3n de los ganadores son los siguientes:<\/span><span style=\"font-weight: 400;\"><br \/>\n<\/span><span style=\"font-weight: 400;\">\u2013 Coherencia en el uso del color dentro de la obra.<\/span><span style=\"font-weight: 400;\"><br \/>\n<\/span><span style=\"font-weight: 400;\">\u2013 Nivel de composici\u00f3n.<\/span><span style=\"font-weight: 400;\"><br \/>\n<\/span><span style=\"font-weight: 400;\">\u2013 Manejo del material que se utiliza.<\/span><span style=\"font-weight: 400;\"><br \/>\n<\/span><span style=\"font-weight: 400;\">\u2013 Capacidad del artista para expresar su visi\u00f3n del tema <strong>&#8220;CUIDEMOS EL MEDIO AMBIENTE&#8221;<\/strong>.<\/span><\/li>\n<li style=\"font-weight: 400;\"><strong>Fecha y lugar de la premiaci\u00f3n\u00a0por definir.<\/strong><\/li>\n<li style=\"font-weight: 400;\"><span style=\"font-weight: 400;\">Los cuadros presentados al concurso quedar\u00e1n como propiedad de\u00a0<\/span><b>ONG LabSocial,<\/b><span style=\"font-weight: 400;\">\u00a0que se compromete a exponer una selecci\u00f3n de obras en exhibiciones y eventos tanto en chile como fuera del pa\u00eds, para dar a conocer el\u00a0<\/span><b>Movimiento Arte Down<\/b><span style=\"font-weight: 400;\">\u00a0<\/span><b>y\u00a0<\/b><b><b>fomentar la inclusi\u00f3n\u00a0en la sociedad.\u00a0<\/b><\/b>Despu\u00e9s de transcurrido un a\u00f1o desde la premiaci\u00f3n del concurso, las obras podr\u00e1n ser vendidas o rematadas para obtener financiamiento y poder seguir realizando actividades y talleres de arte. Es por esto que los cuadros presentados al concurso no ser\u00e1n devueltos a los artistas.<\/li>\n<li style=\"font-weight: 400;\">Arte Down se compromete a mantener informaci\u00f3n actualizada a trav\u00e9s de redes sociales y esta web.<\/li>\n<li style=\"font-weight: 400;\">Padres, apoderados y artistas pueden solicitar informaci\u00f3n de d\u00f3nde se encuentra la obra expuesta durante el a\u00f1o al email de\u00a0<a href=\"mailto:contacto@artedown.cl\" target=\"_blank\" rel=\"noopener\">contacto@artedown.cl<\/a><\/li>\n<li style=\"font-weight: 400;\"><span style=\"font-weight: 400;\">Las im\u00e1genes de los cuadros e informaci\u00f3n de los artistas ser\u00e1n incluidas en el Libro: <\/span><b><b>&#8220;Arte Down: CUIDEMOS EL MEDIO AMBIENTE&#8221;,\u00a0<\/b><\/b>as\u00ed como tambi\u00e9n en otras piezas gr\u00e1ficas, de difusi\u00f3n y redes sociales.<\/li>\n<li style=\"font-weight: 400;\"><span style=\"font-weight: 400;\"><strong>ONG LabSocial<\/strong> se reserva el derecho de hacer uso de las im\u00e1genes y obras para las publicaciones que estime conveniente.<\/span><\/li>\n<li style=\"font-weight: 400;\"><span style=\"font-weight: 400;\">Por el solo hecho de postular al concurso, los postulantes y sus apoderados conocen y aceptan el contenido \u00edntegro de las presentes bases.<\/span><\/li>\n<li style=\"font-weight: 400;\"><span style=\"font-weight: 400;\">La organizaci\u00f3n se reserva el derecho a seleccionar, enmarcar y exponer los cuadros, seg\u00fan los criterios de excelencia determinados por el equipo.<\/span><\/li>\n<li style=\"font-weight: 400;\"><span style=\"font-weight: 400;\"><strong>ONG LabSocial<\/strong> se reserva el derecho de modificar dichas bases u otros aspectos.<\/span><\/li>\n<\/ol>\n<\/div>\n\t\t<\/div><\/div><\/div><\/div><\/div>","protected":false},"excerpt":{"rendered":"<p>El concurso est\u00e1 dirigido a personas en situaci\u00f3n de discapacidad y a todo p\u00fablico mayor de 3 a\u00f1os, provenientes de cualquier pa\u00eds. Los participantes deben completar todos los campos requeridos en la postulaci\u00f3n con la informaci\u00f3n solicitada, a trav\u00e9s de la p\u00e1gina web\u00a0www.artedown.cl. Para completar su participaci\u00f3n los concursantes deber\u00e1n enviar la obra adjuntando al &hellip;<\/p>\n<p class=\"read-more\"> <a class=\"\" href=\"https:\/\/www.artedown.cl\/nueva-pagina\/bases-concurso\/\"> <span class=\"screen-reader-text\">Bases de Concurso<\/span> Read More &raquo;<\/a><\/p>\n","protected":false},"author":1,"featured_media":0,"parent":0,"menu_order":0,"comment_status":"closed","ping_status":"closed","template":"template\/page\/fullwidth.php","meta":{"bgseo_title":"","bgseo_description":"","bgseo_robots_index":"index","bgseo_robots_follow":"follow","footnotes":""},"class_list":["post-97","page","type-page","status-publish","hentry"],"_links":{"self":[{"href":"https:\/\/www.artedown.cl\/nueva-pagina\/wp-json\/wp\/v2\/pages\/97","targetHints":{"allow":["GET"]}}],"collection":[{"href":"https:\/\/www.artedown.cl\/nueva-pagina\/wp-json\/wp\/v2\/pages"}],"about":[{"href":"https:\/\/www.artedown.cl\/nueva-pagina\/wp-json\/wp\/v2\/types\/page"}],"author":[{"embeddable":true,"href":"https:\/\/www.artedown.cl\/nueva-pagina\/wp-json\/wp\/v2\/users\/1"}],"replies":[{"embeddable":true,"href":"https:\/\/www.artedown.cl\/nueva-pagina\/wp-json\/wp\/v2\/comments?post=97"}],"version-history":[{"count":10,"href":"https:\/\/www.artedown.cl\/nueva-pagina\/wp-json\/wp\/v2\/pages\/97\/revisions"}],"predecessor-version":[{"id":191,"href":"https:\/\/www.artedown.cl\/nueva-pagina\/wp-json\/wp\/v2\/pages\/97\/revisions\/191"}],"wp:attachment":[{"href":"https:\/\/www.artedown.cl\/nueva-pagina\/wp-json\/wp\/v2\/media?parent=97"}],"curies":[{"name":"wp","href":"https:\/\/api.w.org\/{rel}","templated":true}]}}